{"id":2603,"date":"2019-04-30T10:39:51","date_gmt":"2019-04-30T13:39:51","guid":{"rendered":"https:\/\/haafer.com\/site\/?page_id=2603"},"modified":"2019-04-30T17:00:01","modified_gmt":"2019-04-30T20:00:01","slug":"terminos-y-condiciones","status":"publish","type":"page","link":"https:\/\/haafer.com\/site\/terminos-y-condiciones\/","title":{"rendered":"T\u00e9rminos y Condiciones"},"content":{"rendered":"<section class=\"wpb-content-wrapper\"><p>[vc_row css=&#8221;.vc_custom_1528700414903{margin-right: 0px !important;margin-bottom: 25px !important;margin-left: 0px !important;border-top-width: 1px !important;border-right-width: 1px !important;border-bottom-width: 1px !important;border-left-width: 1px !important;padding-top: 30px !important;padding-right: 15px !important;padding-bottom: 30px !important;padding-left: 15px !important;background-color: #ffffff !important;border-left-color: #e7e7e7 !important;border-left-style: solid !important;border-right-color: #e7e7e7 !important;border-right-style: solid !important;border-top-color: #e7e7e7 !important;border-top-style: solid !important;border-bottom-color: #e7e7e7 !important;border-bottom-style: solid !important;}&#8221;][vc_column css=&#8221;.vc_custom_1527238251732{padding-top: 0px !important;}&#8221;]\t\t\t<div id=\"wd-5cc8a7c774fd4\" class=\"wd-text-block-wrapper wd-wpb wd-rs-5cc8a7c774fd4 color-scheme-dark text-left vc_custom_1556653998372\">\n\t\t\t\t<div class=\"woodmart-title-container woodmart-text-block reset-last-child font-primary wd-font-weight-600 \">\n\t\t\t\t\t<span class=\"color-primary\">1.<\/span> T\u00e9rminos y Condiciones\t\t\t\t<\/div>\n\n\t\t\t\t\t\t\t<\/div>\n\t\t[vc_column_text css=&#8221;.vc_custom_1556654075905{margin-bottom: 0px !important;}&#8221; el_class=&#8221;text-larger&#8221; text_larger=&#8221;no&#8221;]Estas Condiciones de Uso implican un contrato que entrar\u00e1 en vigor tan pronto el Usuario acepte las Condiciones de Uso y\/o use los servicios del Sitio y permanecer\u00e1n vigentes hasta que el presente contrato sea cancelado sea por el Usuario o por nuestra empresa. El Usuario puede rescindir este contrato en cualquier momento, siempre que lo haga para el futuro evitando el uso de este Sitio y\/o siendo Usuario Registrado, renunciando a su registro siguiendo el procedimiento especialmente previsto para ello. Nuestra empresa tambi\u00e9n puede rescindir este contrato en cualquier momento siendo v\u00e1lida la notificaci\u00f3n de tal rescisi\u00f3n a los domicilios reales o electr\u00f3nicos que el Usuario tuviere registrados en el Sitio. Asimismo nuestra empresa podr\u00e1 cancelar sin previo aviso la condici\u00f3n de Usuario, y en consecuencia denegar el acceso a los Servicios del Sitio o a comprar por esta v\u00eda, si el Usuario no cumpliera con cualquier t\u00e9rmino o disposici\u00f3n de las presentes Condiciones de Uso. Esta cl\u00e1usula se aplicar\u00e1 sea o no el Usuario un navegante registrado. Nuestra empresa podr\u00e1 en cualquier momento, temporal o permanentemente dar de baja este Sitio.[\/vc_column_text][\/vc_column][\/vc_row][vc_row css=&#8221;.vc_custom_1528700432537{margin-right: 0px !important;margin-bottom: 25px !important;margin-left: 0px !important;border-top-width: 1px !important;border-right-width: 1px !important;border-bottom-width: 1px !important;border-left-width: 1px !important;padding-top: 30px !important;padding-right: 15px !important;padding-bottom: 30px !important;padding-left: 15px !important;background-color: #ffffff !important;border-left-color: #e7e7e7 !important;border-left-style: solid !important;border-right-color: #e7e7e7 !important;border-right-style: solid !important;border-top-color: #e7e7e7 !important;border-top-style: solid !important;border-bottom-color: #e7e7e7 !important;border-bottom-style: solid !important;}&#8221;][vc_column css=&#8221;.vc_custom_1527238251732{padding-top: 0px !important;}&#8221;]\t\t\t<div id=\"wd-5cc8a823484a6\" class=\"wd-text-block-wrapper wd-wpb wd-rs-5cc8a823484a6 color-scheme-dark text-left vc_custom_1556654092387\">\n\t\t\t\t<div class=\"woodmart-title-container woodmart-text-block reset-last-child font-primary wd-font-weight-600 \">\n\t\t\t\t\t<span class=\"color-primary\">2.<\/span> Modificaciones en las Condiciones de Uso\t\t\t\t<\/div>\n\n\t\t\t\t\t\t\t<\/div>\n\t\t[vc_column_text css=&#8221;.vc_custom_1556654134641{margin-bottom: 0px !important;}&#8221; text_larger=&#8221;no&#8221;]En caso de que estas Condiciones de Uso sean modificadas, tales modificaciones ser\u00e1n publicadas en el Sitio, obrando en \u00e9l la versi\u00f3n vigente al momento del inicio de cada sesi\u00f3n. Toda vez que por tratarse de un sitio Web abierto a los clientes en general, nuestra empresa carece de posibilidad de notificarle particularmente a cada uno de ellos, salvo mediante la publicaci\u00f3n en el propio Sitio, por lo que el Usuario se compromete a verificar en forma las Condiciones de Uso con cualquier uso que haga del mismo, entendi\u00e9ndose que al iniciar cada sesi\u00f3n acepta las que est\u00e9n vigentes y publicadas en ese momento en la forma y con los efectos establecidos en las presentes Condiciones de Uso.[\/vc_column_text][\/vc_column][\/vc_row][vc_row css=&#8221;.vc_custom_1528700436855{margin-right: 0px !important;margin-bottom: 25px !important;margin-left: 0px !important;border-top-width: 1px !important;border-right-width: 1px !important;border-bottom-width: 1px !important;border-left-width: 1px !important;padding-top: 30px !important;padding-right: 15px !important;padding-bottom: 30px !important;padding-left: 15px !important;background-color: #ffffff !important;border-left-color: #e7e7e7 !important;border-left-style: solid !important;border-right-color: #e7e7e7 !important;border-right-style: solid !important;border-top-color: #e7e7e7 !important;border-top-style: solid !important;border-bottom-color: #e7e7e7 !important;border-bottom-style: solid !important;}&#8221;][vc_column css=&#8221;.vc_custom_1527238251732{padding-top: 0px !important;}&#8221;]\t\t\t<div id=\"wd-5cc8a85d69c35\" class=\"wd-text-block-wrapper wd-wpb wd-rs-5cc8a85d69c35 color-scheme-dark text-left vc_custom_1556654146291\">\n\t\t\t\t<div class=\"woodmart-title-container woodmart-text-block reset-last-child font-primary wd-font-weight-600 \">\n\t\t\t\t\t<span class=\"color-primary\">3.<\/span> General\t\t\t\t<\/div>\n\n\t\t\t\t\t\t\t<\/div>\n\t\t[vc_column_text css=&#8221;.vc_custom_1556654178096{margin-bottom: 0px !important;}&#8221; el_class=&#8221;text-larger&#8221; text_larger=&#8221;no&#8221;]Las Condiciones de Uso representan el acuerdo completo entre las partes y sustituyen a todos los acuerdos anteriores que pudieran existir entre ellas. Los t\u00edtulos utilizados en estas Condiciones de Uso son s\u00f3lo con fines de referencia y en ninguna manera definen o limitan el alcance de la disposici\u00f3n que titulan. Si cualquier disposici\u00f3n de las mismas se considerara inaplicable por cualquier raz\u00f3n, tal disposici\u00f3n deber\u00e1 reformarse s\u00f3lo en la medida necesaria para hacerla exigible y las dem\u00e1s condiciones del presente Acuerdo permanecer\u00e1n en pleno vigor y efecto. La inacci\u00f3n de nuestra empresa con respecto a un incumplimiento de este acuerdo por el Usuario o por otros no constituye una renuncia y no limitar\u00e1 los derechos de nuestra empresa con respecto a dicho incumplimiento o infracciones posteriores.[\/vc_column_text][\/vc_column][\/vc_row][vc_row css=&#8221;.vc_custom_1528700440423{margin-right: 0px !important;margin-bottom: 25px !important;margin-left: 0px !important;border-top-width: 1px !important;border-right-width: 1px !important;border-bottom-width: 1px !important;border-left-width: 1px !important;padding-top: 30px !important;padding-right: 15px !important;padding-bottom: 30px !important;padding-left: 15px !important;background-color: #ffffff !important;border-left-color: #e7e7e7 !important;border-left-style: solid !important;border-right-color: #e7e7e7 !important;border-right-style: solid !important;border-top-color: #e7e7e7 !important;border-top-style: solid !important;border-bottom-color: #e7e7e7 !important;border-bottom-style: solid !important;}&#8221;][vc_column css=&#8221;.vc_custom_1527238251732{padding-top: 0px !important;}&#8221;]\t\t\t<div id=\"wd-5cc8a8881d3c1\" class=\"wd-text-block-wrapper wd-wpb wd-rs-5cc8a8881d3c1 color-scheme-dark text-left vc_custom_1556654191380\">\n\t\t\t\t<div class=\"woodmart-title-container woodmart-text-block reset-last-child font-primary wd-font-weight-600 \">\n\t\t\t\t\t<span class=\"color-primary\">4.<\/span> Ley aplicable, resoluci\u00f3n de controversias, medidas procesales y notificaciones\t\t\t\t<\/div>\n\n\t\t\t\t\t\t\t<\/div>\n\t\t[vc_column_text css=&#8221;.vc_custom_1556654348427{margin-bottom: 0px !important;}&#8221; el_class=&#8221;text-larger&#8221; text_larger=&#8221;no&#8221;]Este contrato ser\u00e1 gobernado por y se interpretar\u00e1 seg\u00fan la legislaci\u00f3n vigente en la Rep\u00fablica Argentina. Cualquier conflicto relacionado con este contrato o con el uso que el Usuario haga de este Sitio ser\u00e1 resuelto por los tribunales ordinarios competentes seg\u00fan la legislaci\u00f3n vigente y aplicable a la relaci\u00f3n de consumo existente entre las partes. En caso de que dicha legislaci\u00f3n no defina una competencia espec\u00edfica, ser\u00e1 competente la justicia nacional ordinaria en asuntos comerciales, siendo aplicable esta disposici\u00f3n aunque el Usuario estuviera realmente domiciliado fuera de los l\u00edmites de la Rep\u00fablica Argentina, por entenderse que este lugar ha sido el lugar de celebraci\u00f3n del presente contrato. Salvo que lo contrario haya sido acordado previamente y por escrito firmado entre el Usuario y nuestra empresa, todas las notificaciones que se hagan a los usuarios en relaci\u00f3n a las presentes Condiciones de Uso se publicar\u00e1n en el Sitio y tendr\u00e1n efecto desde la fecha de su publicaci\u00f3n. Las notificaciones que el Usuario quiera dirigir a nuestra empresa deber\u00e1n ser dirigidas a los datos presentes en nuestra secci\u00f3n de Contacto. Por dudas sobre las Condiciones de Uso o dem\u00e1s pol\u00edticas y principios que rigen el Sitio el Usuario podr\u00e1 efectuar las consultas que estime corresponder comunic\u00e1ndose al tel\u00e9fono de atenci\u00f3n al cliente de nuestra empresa en los horarios expresados en este sitio. Todos los derechos reservados.[\/vc_column_text][\/vc_column][\/vc_row]<\/p>\n<\/section>","protected":false},"excerpt":{"rendered":"<p>[vc_row css=&#8221;.vc_custom_1528700414903{margin-right: 0px !important;margin-bottom: 25px !important;margin-left: 0px !important;border-top-width: 1px !important;border-right-width: 1px !important;border-bottom-width: 1px !important;border-left-width: 1px !important;padding-top: 30px !important;padding-right: 15px !important;padding-bottom:<\/p>\n","protected":false},"author":4,"featured_media":0,"parent":0,"menu_order":0,"comment_status":"closed","ping_status":"closed","template":"","meta":{"footnotes":""},"class_list":["post-2603","page","type-page","status-publish","hentry"],"_links":{"self":[{"href":"https:\/\/haafer.com\/site\/wp-json\/wp\/v2\/pages\/2603","targetHints":{"allow":["GET"]}}],"collection":[{"href":"https:\/\/haafer.com\/site\/wp-json\/wp\/v2\/pages"}],"about":[{"href":"https:\/\/haafer.com\/site\/wp-json\/wp\/v2\/types\/page"}],"author":[{"embeddable":true,"href":"https:\/\/haafer.com\/site\/wp-json\/wp\/v2\/users\/4"}],"replies":[{"embeddable":true,"href":"https:\/\/haafer.com\/site\/wp-json\/wp\/v2\/comments?post=2603"}],"version-history":[{"count":0,"href":"https:\/\/haafer.com\/site\/wp-json\/wp\/v2\/pages\/2603\/revisions"}],"wp:attachment":[{"href":"https:\/\/haafer.com\/site\/wp-json\/wp\/v2\/media?parent=2603"}],"curies":[{"name":"wp","href":"https:\/\/api.w.org\/{rel}","templated":true}]}}