{"id":2515,"date":"2023-04-26T12:29:00","date_gmt":"2023-04-26T12:29:00","guid":{"rendered":"https:\/\/haafer.com\/site\/?post_type=product&#038;p=2515"},"modified":"2025-06-02T11:22:29","modified_gmt":"2025-06-02T14:22:29","slug":"mamadera-philips-avent-natural-260-ml","status":"publish","type":"product","link":"https:\/\/haafer.com\/site\/producto\/mamadera-philips-avent-natural-260-ml\/","title":{"rendered":"Mamadera Natural 260 ml"},"content":{"rendered":"<section class=\"wpb-content-wrapper\"><p>[vc_row equal_height=&#8221;yes&#8221; mobile_bg_img_hidden=&#8221;no&#8221; tablet_bg_img_hidden=&#8221;no&#8221; woodmart_parallax=&#8221;0&#8243; woodmart_gradient_switch=&#8221;no&#8221; row_reverse_mobile=&#8221;0&#8243; row_reverse_tablet=&#8221;0&#8243; woodmart_disable_overflow=&#8221;0&#8243;][vc_column width=&#8221;1\/6&#8243;][vc_single_image image=&#8221;2507&#8243; img_size=&#8221;full&#8221; alignment=&#8221;center&#8221; parallax_scroll=&#8221;no&#8221;][\/vc_column][vc_column width=&#8221;1\/3&#8243;][vc_column_text text_larger=&#8221;no&#8221;]<\/p>\n<h4>Enganche natural gracias a la tetina m\u00e1s ancha con forma de pecho<\/h4>\n<p>La forma ancha de la tetina permite una sujeci\u00f3n natural, similar a la del pecho y facilita la alimentaci\u00f3n combinada de pecho y mamadera de su beb\u00e9.[\/vc_column_text][\/vc_column][vc_column width=&#8221;1\/6&#8243;][vc_single_image image=&#8221;2508&#8243; img_size=&#8221;full&#8221; alignment=&#8221;center&#8221; parallax_scroll=&#8221;no&#8221;][\/vc_column][vc_column width=&#8221;1\/3&#8243;][vc_column_text text_larger=&#8221;no&#8221;]<\/p>\n<h4>Exclusivos p\u00e9talos para obtener una tetina suave y flexible, sin que esta se contraiga<\/h4>\n<p>Los p\u00e9talos del interior de la tetina aumentan la suavidad y flexibilidad sin contraer la tetina. El beb\u00e9 disfrutar\u00e1 de una alimentaci\u00f3n m\u00e1s c\u00f3moda y agradable.[\/vc_column_text][\/vc_column][\/vc_row][vc_row equal_height=&#8221;yes&#8221; mobile_bg_img_hidden=&#8221;no&#8221; tablet_bg_img_hidden=&#8221;no&#8221; woodmart_parallax=&#8221;0&#8243; woodmart_gradient_switch=&#8221;no&#8221; row_reverse_mobile=&#8221;0&#8243; row_reverse_tablet=&#8221;0&#8243; woodmart_disable_overflow=&#8221;0&#8243;][vc_column width=&#8221;1\/6&#8243;][vc_single_image image=&#8221;2509&#8243; img_size=&#8221;full&#8221; alignment=&#8221;center&#8221; parallax_scroll=&#8221;no&#8221;][\/vc_column][vc_column width=&#8221;1\/3&#8243;][vc_column_text text_larger=&#8221;no&#8221;]<\/p>\n<h4>Avanzado sistema antic\u00f3licos con innovadora v\u00e1lvula doble<\/h4>\n<p>El innovador dise\u00f1o de doble v\u00e1lvula reduce los c\u00f3licos y la incomodidad mediante la ventilaci\u00f3n del aire hacia el interior de la mamadera y no hacia la barriguita del beb\u00e9.[\/vc_column_text][\/vc_column][vc_column width=&#8221;1\/6&#8243;][vc_single_image image=&#8221;2510&#8243; img_size=&#8221;full&#8221; alignment=&#8221;center&#8221; parallax_scroll=&#8221;no&#8221;][\/vc_column][vc_column width=&#8221;1\/3&#8243;][vc_column_text text_larger=&#8221;no&#8221;]<\/p>\n<h4>Forma ergon\u00f3mica para una m\u00e1xima comodidad<\/h4>\n<p>Debido a su forma \u00fanica, la mamadera es f\u00e1cil de sujetar y sostener en cualquier direcci\u00f3n para una comodidad m\u00e1xima, incluso para las peque\u00f1as manos del beb\u00e9.[\/vc_column_text][\/vc_column][\/vc_row][vc_row equal_height=&#8221;yes&#8221; mobile_bg_img_hidden=&#8221;no&#8221; tablet_bg_img_hidden=&#8221;no&#8221; woodmart_parallax=&#8221;0&#8243; woodmart_gradient_switch=&#8221;no&#8221; row_reverse_mobile=&#8221;0&#8243; row_reverse_tablet=&#8221;0&#8243; woodmart_disable_overflow=&#8221;0&#8243;][vc_column width=&#8221;1\/6&#8243;][vc_single_image image=&#8221;2511&#8243; img_size=&#8221;full&#8221; alignment=&#8221;center&#8221; parallax_scroll=&#8221;no&#8221;][\/vc_column][vc_column width=&#8221;1\/3&#8243;][vc_column_text text_larger=&#8221;no&#8221;]<\/p>\n<h4>F\u00e1cil de usar y limpiar, r\u00e1pido y f\u00e1cil de montar<\/h4>\n<p>El cuello ancho de la mamadera permite un llenado y limpieza f\u00e1ciles. El armado es r\u00e1pido y sencillo, ya que son pocas piezas.[\/vc_column_text][\/vc_column][vc_column width=&#8221;1\/6&#8243;][vc_single_image image=&#8221;2512&#8243; img_size=&#8221;full&#8221; alignment=&#8221;center&#8221; parallax_scroll=&#8221;no&#8221;][\/vc_column][vc_column width=&#8221;1\/3&#8243;][vc_column_text text_larger=&#8221;no&#8221;]<\/p>\n<h4>Esta mamadera no contiene BPA*<\/h4>\n<p>La mamadera Natural de Philips Avent est\u00e1 fabricada con material libre de BPA* (polipropileno).[\/vc_column_text][\/vc_column][\/vc_row][vc_row][vc_column width=&#8221;1\/2&#8243;][vc_column_text text_larger=&#8221;no&#8221;]<\/p>\n<h4>Cuenta con la confianza de las madres desde 1984<\/h4>\n<p>Desde 1984, Philips Avent ha dise\u00f1ado y fabricado productos que se inspiran en la naturaleza y han sido desarrollados tras amplias investigaciones y ensayos cl\u00ednicos.[\/vc_column_text][\/vc_column][vc_column width=&#8221;1\/2&#8243;][vc_column_text text_larger=&#8221;no&#8221;]<\/p>\n<h4>Compatible con la gama de productos Philips Avent<\/h4>\n<p>La mamadera Natural de Philips Avent es compatible con la gama de productos Philips Avent, excepto las mamaderas y asas para vasos Classic. Le aconsejamos que utilice las mamaderas Natural solo con tetinas Natural.[\/vc_column_text][\/vc_column][\/vc_row]<\/p>\n<\/section>","protected":false},"excerpt":{"rendered":"<p><strong>F\u00e1cil de combinar con la lactancia materna.<\/strong><br \/>\nNuestro nuevo biber\u00f3n ayuda a alimentar con biber\u00f3n de forma m\u00e1s natural para su beb\u00e9 y para usted. La tetina tiene un innovador dise\u00f1o con p\u00e9talos que permite un enganche natural similar al del pecho, con lo que al beb\u00e9 le resulta f\u00e1cil combinar la alimentaci\u00f3n con el pecho y el biber\u00f3n.<\/p>\n","protected":false},"featured_media":2518,"comment_status":"open","ping_status":"closed","template":"","meta":[],"product_brand":[],"product_cat":[69,60],"product_tag":[],"class_list":{"0":"post-2515","1":"product","2":"type-product","3":"status-publish","4":"has-post-thumbnail","6":"product_cat-mamaderas-natural","7":"product_cat-mamaderas-tetinas","9":"first","10":"outofstock","11":"shipping-taxable","12":"purchasable","13":"product-type-simple"},"_links":{"self":[{"href":"https:\/\/haafer.com\/site\/wp-json\/wp\/v2\/product\/2515","targetHints":{"allow":["GET"]}}],"collection":[{"href":"https:\/\/haafer.com\/site\/wp-json\/wp\/v2\/product"}],"about":[{"href":"https:\/\/haafer.com\/site\/wp-json\/wp\/v2\/types\/product"}],"replies":[{"embeddable":true,"href":"https:\/\/haafer.com\/site\/wp-json\/wp\/v2\/comments?post=2515"}],"wp:featuredmedia":[{"embeddable":true,"href":"https:\/\/haafer.com\/site\/wp-json\/wp\/v2\/media\/2518"}],"wp:attachment":[{"href":"https:\/\/haafer.com\/site\/wp-json\/wp\/v2\/media?parent=2515"}],"wp:term":[{"taxonomy":"product_brand","embeddable":true,"href":"https:\/\/haafer.com\/site\/wp-json\/wp\/v2\/product_brand?post=2515"},{"taxonomy":"product_cat","embeddable":true,"href":"https:\/\/haafer.com\/site\/wp-json\/wp\/v2\/product_cat?post=2515"},{"taxonomy":"product_tag","embeddable":true,"href":"https:\/\/haafer.com\/site\/wp-json\/wp\/v2\/product_tag?post=2515"}],"curies":[{"name":"wp","href":"https:\/\/api.w.org\/{rel}","templated":true}]}}