{"id":2592,"date":"2023-04-30T01:05:46","date_gmt":"2023-04-30T04:05:46","guid":{"rendered":"https:\/\/haafer.com\/site\/?post_type=product&#038;p=2592"},"modified":"2024-12-18T14:30:48","modified_gmt":"2024-12-18T17:30:48","slug":"avent-cepillo-para-mamaderas-y-tetinas","status":"publish","type":"product","link":"https:\/\/haafer.com\/site\/producto\/avent-cepillo-para-mamaderas-y-tetinas\/","title":{"rendered":"Cepillo limpia mamaderas y tetinas"},"content":{"rendered":"<p>El cepillo para mamaderas Philips Avent tiene un cabezal de cepillado curvo especialmente dise\u00f1ado. Adem\u00e1s, la punta del mango est\u00e1 moldeada para limpiar de manera eficaz todo tipo de mamaderas, tetinas y equipos de alimentaci\u00f3n. Las cerdas duraderas de gran densidad limpian de manera segura sin ara\u00f1ar.<\/p>\n","protected":false},"excerpt":{"rendered":"<p>El cepillo para mamaderas Philips Avent tiene un cabezal de cepillado curvo especialmente dise\u00f1ado. Adem\u00e1s, la punta del mango est\u00e1 moldeada para limpiar de manera eficaz todo tipo de mamaderas, tetinas y equipos de alimentaci\u00f3n. Las cerdas duraderas de gran densidad limpian de manera segura sin ara\u00f1ar.<\/p>\n","protected":false},"featured_media":2593,"comment_status":"open","ping_status":"closed","template":"","meta":[],"product_brand":[],"product_cat":[74,60],"product_tag":[],"class_list":{"0":"post-2592","1":"product","2":"type-product","3":"status-publish","4":"has-post-thumbnail","6":"product_cat-accesorios","7":"product_cat-mamaderas-tetinas","9":"first","10":"instock","11":"shipping-taxable","12":"purchasable","13":"product-type-simple"},"_links":{"self":[{"href":"https:\/\/haafer.com\/site\/wp-json\/wp\/v2\/product\/2592","targetHints":{"allow":["GET"]}}],"collection":[{"href":"https:\/\/haafer.com\/site\/wp-json\/wp\/v2\/product"}],"about":[{"href":"https:\/\/haafer.com\/site\/wp-json\/wp\/v2\/types\/product"}],"replies":[{"embeddable":true,"href":"https:\/\/haafer.com\/site\/wp-json\/wp\/v2\/comments?post=2592"}],"wp:featuredmedia":[{"embeddable":true,"href":"https:\/\/haafer.com\/site\/wp-json\/wp\/v2\/media\/2593"}],"wp:attachment":[{"href":"https:\/\/haafer.com\/site\/wp-json\/wp\/v2\/media?parent=2592"}],"wp:term":[{"taxonomy":"product_brand","embeddable":true,"href":"https:\/\/haafer.com\/site\/wp-json\/wp\/v2\/product_brand?post=2592"},{"taxonomy":"product_cat","embeddable":true,"href":"https:\/\/haafer.com\/site\/wp-json\/wp\/v2\/product_cat?post=2592"},{"taxonomy":"product_tag","embeddable":true,"href":"https:\/\/haafer.com\/site\/wp-json\/wp\/v2\/product_tag?post=2592"}],"curies":[{"name":"wp","href":"https:\/\/api.w.org\/{rel}","templated":true}]}}