{"id":2607,"date":"2023-04-30T17:12:00","date_gmt":"2023-04-30T17:12:00","guid":{"rendered":"https:\/\/haafer.com\/site\/?post_type=product&#038;p=2607"},"modified":"2024-07-19T14:39:45","modified_gmt":"2024-07-19T17:39:45","slug":"avent-tetina-natural-2","status":"publish","type":"product","link":"https:\/\/haafer.com\/site\/producto\/avent-tetina-natural-2\/","title":{"rendered":"Tetina Natural lento 1m+"},"content":{"rendered":"<section class=\"wpb-content-wrapper\"><p>[vc_row equal_height=&#8221;yes&#8221; mobile_bg_img_hidden=&#8221;no&#8221; tablet_bg_img_hidden=&#8221;no&#8221; woodmart_parallax=&#8221;0&#8243; woodmart_gradient_switch=&#8221;no&#8221; row_reverse_mobile=&#8221;0&#8243; row_reverse_tablet=&#8221;0&#8243; woodmart_disable_overflow=&#8221;0&#8243;][vc_column width=&#8221;1\/6&#8243;][vc_single_image image=&#8221;2507&#8243; img_size=&#8221;full&#8221; alignment=&#8221;center&#8221; parallax_scroll=&#8221;no&#8221;][\/vc_column][vc_column width=&#8221;1\/3&#8243;][vc_column_text text_larger=&#8221;no&#8221;]<\/p>\n<h4>Enganche natural gracias a la tetina m\u00e1s ancha con forma de pecho<\/h4>\n<p>La forma ancha de la tetina permite una sujeci\u00f3n natural, similar a la del pecho y facilita la alimentaci\u00f3n combinada de pecho y mamadera de su beb\u00e9.[\/vc_column_text][\/vc_column][vc_column width=&#8221;1\/6&#8243;][vc_single_image image=&#8221;2508&#8243; img_size=&#8221;full&#8221; alignment=&#8221;center&#8221; parallax_scroll=&#8221;no&#8221;][\/vc_column][vc_column width=&#8221;1\/3&#8243;][vc_column_text text_larger=&#8221;no&#8221;]<\/p>\n<h4>Exclusivos p\u00e9talos para obtener una tetina suave y flexible, sin que esta se contraiga<\/h4>\n<p>Los p\u00e9talos del interior de la tetina aumentan la suavidad y flexibilidad sin contraer la tetina. El beb\u00e9 disfrutar\u00e1 de una alimentaci\u00f3n m\u00e1s c\u00f3moda y agradable.[\/vc_column_text][\/vc_column][\/vc_row][vc_row equal_height=&#8221;yes&#8221; mobile_bg_img_hidden=&#8221;no&#8221; tablet_bg_img_hidden=&#8221;no&#8221; woodmart_parallax=&#8221;0&#8243; woodmart_gradient_switch=&#8221;no&#8221; row_reverse_mobile=&#8221;0&#8243; row_reverse_tablet=&#8221;0&#8243; woodmart_disable_overflow=&#8221;0&#8243;][vc_column width=&#8221;1\/6&#8243;][vc_single_image image=&#8221;2509&#8243; img_size=&#8221;full&#8221; alignment=&#8221;center&#8221; parallax_scroll=&#8221;no&#8221;][\/vc_column][vc_column width=&#8221;1\/3&#8243;][vc_column_text text_larger=&#8221;no&#8221;]<\/p>\n<h4>Avanzado sistema antic\u00f3licos con innovadora v\u00e1lvula doble<\/h4>\n<p>El innovador dise\u00f1o de doble v\u00e1lvula reduce los c\u00f3licos y la incomodidad mediante la ventilaci\u00f3n del aire hacia el interior de la mamadera y no hacia la barriguita del beb\u00e9.[\/vc_column_text][\/vc_column][vc_column width=&#8221;1\/6&#8243;][vc_single_image image=&#8221;2512&#8243; img_size=&#8221;full&#8221; alignment=&#8221;center&#8221; parallax_scroll=&#8221;no&#8221;][\/vc_column][vc_column width=&#8221;1\/3&#8243;][vc_column_text text_larger=&#8221;no&#8221;]<\/p>\n<h4>Tetina sin BPA<\/h4>\n<p>Esta tetina est\u00e1 fabricada con silicona, un material sin BPA (conforme a la directiva de la UE, 2011\/8\/EU)[\/vc_column_text][\/vc_column][\/vc_row]<\/p>\n<\/section>","protected":false},"excerpt":{"rendered":"<p>Nuestra nueva tetina ayuda a hacer m\u00e1s natural la alimentaci\u00f3n por mamadera, para su beb\u00e9 y para usted. La tetina tiene un innovador dise\u00f1o de p\u00e9talo que permite una sujeci\u00f3n natural, similar a la del pecho, y facilita combinar la alimentaci\u00f3n de pecho y mamadera de su beb\u00e9.<\/p>\n","protected":false},"featured_media":2608,"comment_status":"open","ping_status":"closed","template":"","meta":[],"product_brand":[],"product_cat":[60,73],"product_tag":[],"class_list":{"0":"post-2607","1":"product","2":"type-product","3":"status-publish","4":"has-post-thumbnail","6":"product_cat-mamaderas-tetinas","7":"product_cat-tetinas-para-mamaderas","9":"first","10":"instock","11":"shipping-taxable","12":"purchasable","13":"product-type-simple"},"_links":{"self":[{"href":"https:\/\/haafer.com\/site\/wp-json\/wp\/v2\/product\/2607","targetHints":{"allow":["GET"]}}],"collection":[{"href":"https:\/\/haafer.com\/site\/wp-json\/wp\/v2\/product"}],"about":[{"href":"https:\/\/haafer.com\/site\/wp-json\/wp\/v2\/types\/product"}],"replies":[{"embeddable":true,"href":"https:\/\/haafer.com\/site\/wp-json\/wp\/v2\/comments?post=2607"}],"wp:featuredmedia":[{"embeddable":true,"href":"https:\/\/haafer.com\/site\/wp-json\/wp\/v2\/media\/2608"}],"wp:attachment":[{"href":"https:\/\/haafer.com\/site\/wp-json\/wp\/v2\/media?parent=2607"}],"wp:term":[{"taxonomy":"product_brand","embeddable":true,"href":"https:\/\/haafer.com\/site\/wp-json\/wp\/v2\/product_brand?post=2607"},{"taxonomy":"product_cat","embeddable":true,"href":"https:\/\/haafer.com\/site\/wp-json\/wp\/v2\/product_cat?post=2607"},{"taxonomy":"product_tag","embeddable":true,"href":"https:\/\/haafer.com\/site\/wp-json\/wp\/v2\/product_tag?post=2607"}],"curies":[{"name":"wp","href":"https:\/\/api.w.org\/{rel}","templated":true}]}}