{"id":2620,"date":"2023-04-30T18:08:00","date_gmt":"2023-04-30T18:08:00","guid":{"rendered":"https:\/\/haafer.com\/site\/?post_type=product&#038;p=2620"},"modified":"2024-07-19T14:59:19","modified_gmt":"2024-07-19T17:59:19","slug":"avent-tetina-anticolicos-4","status":"publish","type":"product","link":"https:\/\/haafer.com\/site\/producto\/avent-tetina-anticolicos-4\/","title":{"rendered":"Tetina Classic+ rapido 6m+"},"content":{"rendered":"<p>Nuestra tetina antic\u00f3licos est\u00e1 dise\u00f1ada para brindar una alimentaci\u00f3n sin interrupciones. El aire se libera hacia la mamadera y lejos de la pancita del beb\u00e9. La textura estriada evita la contracci\u00f3n de la tetina y reduce las interrupciones en la alimentaci\u00f3n y la incomodidad.<\/p>\n","protected":false},"excerpt":{"rendered":"<p>Nuestra tetina antic\u00f3licos est\u00e1 dise\u00f1ada para brindar una alimentaci\u00f3n sin interrupciones. El aire se libera hacia la mamadera y lejos de la pancita del beb\u00e9. La textura estriada evita la contracci\u00f3n de la tetina y reduce las interrupciones en la alimentaci\u00f3n y la incomodidad.<\/p>\n","protected":false},"featured_media":2621,"comment_status":"open","ping_status":"closed","template":"","meta":[],"product_brand":[],"product_cat":[60,73],"product_tag":[],"class_list":{"0":"post-2620","1":"product","2":"type-product","3":"status-publish","4":"has-post-thumbnail","6":"product_cat-mamaderas-tetinas","7":"product_cat-tetinas-para-mamaderas","9":"first","10":"instock","11":"shipping-taxable","12":"purchasable","13":"product-type-simple"},"_links":{"self":[{"href":"https:\/\/haafer.com\/site\/wp-json\/wp\/v2\/product\/2620","targetHints":{"allow":["GET"]}}],"collection":[{"href":"https:\/\/haafer.com\/site\/wp-json\/wp\/v2\/product"}],"about":[{"href":"https:\/\/haafer.com\/site\/wp-json\/wp\/v2\/types\/product"}],"replies":[{"embeddable":true,"href":"https:\/\/haafer.com\/site\/wp-json\/wp\/v2\/comments?post=2620"}],"wp:featuredmedia":[{"embeddable":true,"href":"https:\/\/haafer.com\/site\/wp-json\/wp\/v2\/media\/2621"}],"wp:attachment":[{"href":"https:\/\/haafer.com\/site\/wp-json\/wp\/v2\/media?parent=2620"}],"wp:term":[{"taxonomy":"product_brand","embeddable":true,"href":"https:\/\/haafer.com\/site\/wp-json\/wp\/v2\/product_brand?post=2620"},{"taxonomy":"product_cat","embeddable":true,"href":"https:\/\/haafer.com\/site\/wp-json\/wp\/v2\/product_cat?post=2620"},{"taxonomy":"product_tag","embeddable":true,"href":"https:\/\/haafer.com\/site\/wp-json\/wp\/v2\/product_tag?post=2620"}],"curies":[{"name":"wp","href":"https:\/\/api.w.org\/{rel}","templated":true}]}}