{"id":2745,"date":"2023-05-06T00:01:00","date_gmt":"2023-05-06T00:01:00","guid":{"rendered":"https:\/\/haafer.com\/site\/?post_type=product&#038;p=2745"},"modified":"2025-06-02T11:22:06","modified_gmt":"2025-06-02T14:22:06","slug":"set-de-protectores-mamarios","status":"publish","type":"product","link":"https:\/\/haafer.com\/site\/producto\/set-de-protectores-mamarios\/","title":{"rendered":"Protector de pezones isis"},"content":{"rendered":"<p><strong>Absorben el exceso de leche<\/strong><br \/>\nLa l\u00ednea de protectores mamarios (sin orificios) de Philips Avent absorbe la leche que gotea durante la lactancia o cuando se usa el extractor.<\/p>\n<p><strong>Protecci\u00f3n contra las irritaciones<\/strong><br \/>\nLos discos con ventilaci\u00f3n protegen los pezones agrietados y permiten que se curen con m\u00e1s rapidez. La suave presi\u00f3n que ejercen en el pecho ayuda a aliviar la congesti\u00f3n, mientras que los orificios permiten la circulaci\u00f3n de aire.<\/p>\n<p><strong>Los protectores mamarios pueden utilizarse luego de amamantar o utilizar el extractor<\/strong><br \/>\nLos protectores mamarios pueden utilizarse luego de amamantar o utilizar el extractor. Incluyen una almohadilla de silicona ultra suave.<\/p>\n","protected":false},"excerpt":{"rendered":"<p>Los protectores mamarios SCF157\/02 de Philips Avent ultrasuaves se colocan dentro del sujetador para proteger los pezones contra los roces y absorber el goteo de leche.<\/p>\n","protected":false},"featured_media":2747,"comment_status":"open","ping_status":"closed","template":"","meta":[],"product_brand":[],"product_cat":[80,77],"product_tag":[],"class_list":{"0":"post-2745","1":"product","2":"type-product","3":"status-publish","4":"has-post-thumbnail","6":"product_cat-cuidado-de-las-mamas","7":"product_cat-extractores-y-cuidado-de-las-mamas","9":"first","10":"outofstock","11":"shipping-taxable","12":"purchasable","13":"product-type-simple"},"_links":{"self":[{"href":"https:\/\/haafer.com\/site\/wp-json\/wp\/v2\/product\/2745","targetHints":{"allow":["GET"]}}],"collection":[{"href":"https:\/\/haafer.com\/site\/wp-json\/wp\/v2\/product"}],"about":[{"href":"https:\/\/haafer.com\/site\/wp-json\/wp\/v2\/types\/product"}],"replies":[{"embeddable":true,"href":"https:\/\/haafer.com\/site\/wp-json\/wp\/v2\/comments?post=2745"}],"wp:featuredmedia":[{"embeddable":true,"href":"https:\/\/haafer.com\/site\/wp-json\/wp\/v2\/media\/2747"}],"wp:attachment":[{"href":"https:\/\/haafer.com\/site\/wp-json\/wp\/v2\/media?parent=2745"}],"wp:term":[{"taxonomy":"product_brand","embeddable":true,"href":"https:\/\/haafer.com\/site\/wp-json\/wp\/v2\/product_brand?post=2745"},{"taxonomy":"product_cat","embeddable":true,"href":"https:\/\/haafer.com\/site\/wp-json\/wp\/v2\/product_cat?post=2745"},{"taxonomy":"product_tag","embeddable":true,"href":"https:\/\/haafer.com\/site\/wp-json\/wp\/v2\/product_tag?post=2745"}],"curies":[{"name":"wp","href":"https:\/\/api.w.org\/{rel}","templated":true}]}}