{"id":2752,"date":"2023-05-06T00:05:00","date_gmt":"2023-05-06T00:05:00","guid":{"rendered":"https:\/\/haafer.com\/site\/?post_type=product&#038;p=2752"},"modified":"2024-12-18T14:19:41","modified_gmt":"2024-12-18T17:19:41","slug":"protector-de-pezones-2","status":"publish","type":"product","link":"https:\/\/haafer.com\/site\/producto\/protector-de-pezones-2\/","title":{"rendered":"Pezoneras Standard"},"content":{"rendered":"<p><strong>Dise\u00f1ado para ayudar con las dificultades para sujetarse<\/strong><br \/>\nDise\u00f1amos los protectores de pezones para ayudar a los beb\u00e9s con dificultades para sujetarse y para ayudarla a usted a amamantar durante m\u00e1s tiempo*. Para las madres que tienen pezones planos e invertidos y para los beb\u00e9s con una t\u00e9cnica de succi\u00f3n d\u00e9bil o anomal\u00edas orales, el protector de pezones puede proporcionar una tetina dise\u00f1ada para la sujeci\u00f3n a fin de mantener una posici\u00f3n voluminosa durante las pausas de lactancia del beb\u00e9.<\/p>\n<p><strong>Dise\u00f1ado para permitir el contacto de la piel con el beb\u00e9<\/strong><br \/>\nLa forma de mariposa ultradelgada de los protectores de pezones se dise\u00f1\u00f3 para permitir el contacto del beb\u00e9 con su piel. Gracias a su forma de mariposa, tanto la nariz como la barbilla del beb\u00e9 quedan en contacto con su pecho, as\u00ed el beb\u00e9 puede oler el aroma de su madre y tocar su piel. Solo coloque el protector sobre el centro del pez\u00f3n para asegurarse de que su beb\u00e9 pueda agarrarse correctamente de toda la areola. Disfrute del v\u00ednculo con su peque\u00f1o mientras protege sus pezones.<\/p>\n<p><strong>Dise\u00f1ado para adaptarse<\/strong><br \/>\nLos protectores de pezones est\u00e1n disponibles en dos tama\u00f1os a fin de adaptarse mejor a su pecho. Los protectores peque\u00f1os se adaptan al di\u00e1metro de un pez\u00f3n de 12 mm y los medianos a 21 mm. Para encontrar su tama\u00f1o, p\u00f3ngase c\u00f3moda y coloque uno de los anillos con el agujero sobre su pez\u00f3n. Gire el protector hacia la derecha y dirija el pez\u00f3n hacia el t\u00fanel. Luego estire la base del protector alrededor de la areola. Si hay una separaci\u00f3n de 2 mm entre el pez\u00f3n y la silicona, esto significa que se ajusta correctamente. Consejo: El tama\u00f1o var\u00eda seg\u00fan el pez\u00f3n y no la areola. \u00bfNo est\u00e1 segura? Cons\u00faltele a su profesional del cuidado de la salud para obtener asistencia.<\/p>\n<p><strong>Dise\u00f1ado para pezones sensibles, irritados o adoloridos<\/strong><br \/>\nLos protectores de pezones est\u00e1n dise\u00f1ados para proporcionar comodidad y una alimentaci\u00f3n m\u00e1s delicada cuando la madre tenga los pezones irritados, agrietados o adoloridos. Ayudan a reducir el roce o estiramiento de los pezones durante el amamantamiento para que pueda alimentar al beb\u00e9 con su mejor leche y de manera c\u00f3moda.<\/p>\n<p><strong>Los beb\u00e9s amamantan a su propio ritmo<\/strong><br \/>\nSi la madre necesita controlar el flujo de leche o el beb\u00e9 no tiene la fuerza suficiente para succionar, los protectores de pezones tambi\u00e9n brindan un gran apoyo. Los tres agujeros en la punta del protector pueden ayudar con el rango de flujo de la leche materna en el caso de que haya un exceso de leche. De esta forma, el beb\u00e9 puede amamantar a su propio ritmo cuando la madre experimente un flujo excesivo.<\/p>\n","protected":false},"excerpt":{"rendered":"<p>Incluso si tiene problemas para amamantar, puede darle a su beb\u00e9 comodidad con su calidez y aroma gracias a esta soluci\u00f3n. El protector de pezones tambi\u00e9n es ideal para los pezones planos y retra\u00eddos o para los beb\u00e9s con s\u00edndrome de confusi\u00f3n de pez\u00f3n.<\/p>\n","protected":false},"featured_media":2749,"comment_status":"open","ping_status":"closed","template":"","meta":[],"product_brand":[],"product_cat":[80,77],"product_tag":[],"class_list":{"0":"post-2752","1":"product","2":"type-product","3":"status-publish","4":"has-post-thumbnail","6":"product_cat-cuidado-de-las-mamas","7":"product_cat-extractores-y-cuidado-de-las-mamas","9":"first","10":"instock","11":"shipping-taxable","12":"purchasable","13":"product-type-simple"},"_links":{"self":[{"href":"https:\/\/haafer.com\/site\/wp-json\/wp\/v2\/product\/2752","targetHints":{"allow":["GET"]}}],"collection":[{"href":"https:\/\/haafer.com\/site\/wp-json\/wp\/v2\/product"}],"about":[{"href":"https:\/\/haafer.com\/site\/wp-json\/wp\/v2\/types\/product"}],"replies":[{"embeddable":true,"href":"https:\/\/haafer.com\/site\/wp-json\/wp\/v2\/comments?post=2752"}],"wp:featuredmedia":[{"embeddable":true,"href":"https:\/\/haafer.com\/site\/wp-json\/wp\/v2\/media\/2749"}],"wp:attachment":[{"href":"https:\/\/haafer.com\/site\/wp-json\/wp\/v2\/media?parent=2752"}],"wp:term":[{"taxonomy":"product_brand","embeddable":true,"href":"https:\/\/haafer.com\/site\/wp-json\/wp\/v2\/product_brand?post=2752"},{"taxonomy":"product_cat","embeddable":true,"href":"https:\/\/haafer.com\/site\/wp-json\/wp\/v2\/product_cat?post=2752"},{"taxonomy":"product_tag","embeddable":true,"href":"https:\/\/haafer.com\/site\/wp-json\/wp\/v2\/product_tag?post=2752"}],"curies":[{"name":"wp","href":"https:\/\/api.w.org\/{rel}","templated":true}]}}