{"id":2757,"date":"2019-05-06T00:15:34","date_gmt":"2019-05-06T03:15:34","guid":{"rendered":"https:\/\/haafer.com\/site\/?post_type=product&#038;p=2757"},"modified":"2024-12-18T14:31:38","modified_gmt":"2024-12-18T17:31:38","slug":"rapido-calentador-de-mamaderas","status":"publish","type":"product","link":"https:\/\/haafer.com\/site\/producto\/rapido-calentador-de-mamaderas\/","title":{"rendered":"Calienta mamadera y papilla"},"content":{"rendered":"<p><strong>Calienta mamaderas en tres minutos<\/strong><br \/>\nEl calentador de mamaderas calienta 150 ml de leche en solo tres minutos*.<\/p>\n<p><strong>Calienta de forma r\u00e1pida y uniforme<\/strong><br \/>\nEl calentador de mamaderas calienta de forma r\u00e1pida y uniforme. Mediante la circulaci\u00f3n continua de la leche mientras se calienta, se evita el desequilibrio en el proceso.<\/p>\n<p><strong>Funci\u00f3n para descongelar delicadamente mamaderas<\/strong><br \/>\nEl calentador de mamadera dispone de un c\u00f3modo ajuste de descongelaci\u00f3n. Es m\u00e1s seguro que descongelar la leche en el microondas y m\u00e1s c\u00f3modo que utilizar agua, ya que solo tiene que seleccionar el ajuste para descongelar leche o alimentos para el beb\u00e9.<\/p>\n<p><strong>Tambi\u00e9n \u00faselo para calentar el alimento del beb\u00e9<\/strong><br \/>\nDel mismo modo que con las mamaderas, puede usar el calentador de mamaderas para calentar de forma uniforme y delicada el alimento del beb\u00e9.<\/p>\n<p><strong>Compatible con mamaderas y recipientes Philips Avent<\/strong><br \/>\nEl calentador de mamaderas es totalmente compatible con las mamaderas y los recipientes Philips Avent*. Util\u00edcelo para calentar c\u00f3modamente mamaderas y recipientes para el alimento del beb\u00e9.<\/p>\n<p><strong>F\u00e1cil de usar, incluye una \u00fatil gu\u00eda de calentamiento<\/strong><br \/>\nSolo gire la perilla para encender el calentador de mamaderas y seleccione la funci\u00f3n de calentamiento. El calentador de mamaderas incluye una \u00fatil tabla de referencia sobre calentamiento para que pueda calcular f\u00e1cilmente cu\u00e1nto tiempo tomar\u00e1.<\/p>\n<p><strong>Mantenga la leche caliente<\/strong><br \/>\nLa leche o el alimento para beb\u00e9s se calienta lentamente, se mantendr\u00e1 en la temperatura adecuada y estar\u00e1 listo para cuando lo necesite.<\/p>\n","protected":false},"excerpt":{"rendered":"<p>Para esos d\u00edas ajetreados, el calentador de mamaderas Philips Avent calienta la leche de forma r\u00e1pida y uniforme en solo tres minutos. Es f\u00e1cil de usar y tiene una \u00fatil funci\u00f3n para descongelar. Adem\u00e1s, se puede utilizar para calentar el alimento de su beb\u00e9.<\/p>\n","protected":false},"featured_media":2761,"comment_status":"open","ping_status":"closed","template":"","meta":[],"product_brand":[],"product_cat":[83,81],"product_tag":[],"class_list":{"0":"post-2757","1":"product","2":"type-product","3":"status-publish","4":"has-post-thumbnail","6":"product_cat-calentadores-de-mamaderas","7":"product_cat-calentadores-de-mamaderas-y-esterilizadores","9":"first","10":"instock","11":"shipping-taxable","12":"purchasable","13":"product-type-simple"},"_links":{"self":[{"href":"https:\/\/haafer.com\/site\/wp-json\/wp\/v2\/product\/2757","targetHints":{"allow":["GET"]}}],"collection":[{"href":"https:\/\/haafer.com\/site\/wp-json\/wp\/v2\/product"}],"about":[{"href":"https:\/\/haafer.com\/site\/wp-json\/wp\/v2\/types\/product"}],"replies":[{"embeddable":true,"href":"https:\/\/haafer.com\/site\/wp-json\/wp\/v2\/comments?post=2757"}],"wp:featuredmedia":[{"embeddable":true,"href":"https:\/\/haafer.com\/site\/wp-json\/wp\/v2\/media\/2761"}],"wp:attachment":[{"href":"https:\/\/haafer.com\/site\/wp-json\/wp\/v2\/media?parent=2757"}],"wp:term":[{"taxonomy":"product_brand","embeddable":true,"href":"https:\/\/haafer.com\/site\/wp-json\/wp\/v2\/product_brand?post=2757"},{"taxonomy":"product_cat","embeddable":true,"href":"https:\/\/haafer.com\/site\/wp-json\/wp\/v2\/product_cat?post=2757"},{"taxonomy":"product_tag","embeddable":true,"href":"https:\/\/haafer.com\/site\/wp-json\/wp\/v2\/product_tag?post=2757"}],"curies":[{"name":"wp","href":"https:\/\/api.w.org\/{rel}","templated":true}]}}