{"id":2783,"date":"2023-05-06T00:33:00","date_gmt":"2023-05-06T00:33:00","guid":{"rendered":"https:\/\/haafer.com\/site\/?post_type=product&#038;p=2783"},"modified":"2025-06-02T11:21:54","modified_gmt":"2025-06-02T14:21:54","slug":"kit-de-transicion-de-mamadera-al-vaso-2","status":"publish","type":"product","link":"https:\/\/haafer.com\/site\/producto\/kit-de-transicion-de-mamadera-al-vaso-2\/","title":{"rendered":"Set de Entrenamiento Natural"},"content":{"rendered":"<p><strong>Exclusivos p\u00e9talos para obtener una tetina suave y flexible, sin que esta se contraiga<\/strong><br \/>\nLos p\u00e9talos del interior de la tetina aumentan la suavidad y flexibilidad sin contraer la tetina. El beb\u00e9 disfrutar\u00e1 de una alimentaci\u00f3n m\u00e1s c\u00f3moda y agradable.<\/p>\n<p><strong>Avanzado sistema antic\u00f3licos con innovadora v\u00e1lvula doble<\/strong><br \/>\nEl innovador dise\u00f1o de doble v\u00e1lvula reduce los c\u00f3licos y la incomodidad mediante la ventilaci\u00f3n del aire hacia el interior de la mamadera y no hacia la barriguita del beb\u00e9.<\/p>\n<p><strong>Este vaso est\u00e1 fabricado con material libre de BPA<\/strong><br \/>\nEste vaso Philips Avent est\u00e1 fabricado con material libre de BPA.<\/p>\n<p><strong>Compatible con las mamaderas y los vasos Philips Avent<\/strong><br \/>\nTodas las mamaderas y vasos Philips Avent son compatibles, a excepci\u00f3n de las mamaderas de vidrio y los vasos para ni\u00f1os m\u00e1s grandes, por lo tanto, puede mezclarlos y combinarlos para crear el vaso perfecto que satisfaga las necesidades de desarrollo individual de su ni\u00f1o peque\u00f1o.<\/p>\n<p><strong>Asas de entrenamiento con tacto suave para peque\u00f1as manos<\/strong><br \/>\nLos mangos de entrenamiento ayudan a los ni\u00f1os peque\u00f1os a sujetar el vaso y beber de forma independiente. Estos mangos tienen una forma f\u00e1cil de sujetar para sus peque\u00f1as manos y tambi\u00e9n est\u00e1n engomados para entregar una sujeci\u00f3n antideslizante.<\/p>\n<p><strong>Compatible con las mamaderas y los vasos Philips Avent<\/strong><br \/>\nTodas las mamaderas y vasos Philips Avent son compatibles, a excepci\u00f3n de las mamaderas de vidrio y los vasos para ni\u00f1os m\u00e1s grandes, por lo tanto, puede mezclarlos y combinarlos para crear el vaso perfecto que satisfaga las necesidades de desarrollo individual de su ni\u00f1o peque\u00f1o.<\/p>\n<p><strong>Todas las piezas son aptas para el lavaplatos para m\u00e1s comodidad<\/strong><\/p>\n","protected":false},"excerpt":{"rendered":"<p>Nuestro nuevo kit de transici\u00f3n de mamadera a vaso Natural facilita la transici\u00f3n del beb\u00e9 de la mamadera al vaso. Con los mangos suaves al tacto, el beb\u00e9 podr\u00e1 sujetar la mamadera de manera independiente mientras bebe de la conocida tetina.<\/p>\n","protected":false},"featured_media":2787,"comment_status":"open","ping_status":"closed","template":"","meta":[],"product_brand":[],"product_cat":[85,84],"product_tag":[],"class_list":{"0":"post-2783","1":"product","2":"type-product","3":"status-publish","4":"has-post-thumbnail","6":"product_cat-vasos-de-entrenamiento","7":"product_cat-vasos-entrenadores-para-ninos-pequenos","9":"first","10":"outofstock","11":"shipping-taxable","12":"purchasable","13":"product-type-simple"},"_links":{"self":[{"href":"https:\/\/haafer.com\/site\/wp-json\/wp\/v2\/product\/2783","targetHints":{"allow":["GET"]}}],"collection":[{"href":"https:\/\/haafer.com\/site\/wp-json\/wp\/v2\/product"}],"about":[{"href":"https:\/\/haafer.com\/site\/wp-json\/wp\/v2\/types\/product"}],"replies":[{"embeddable":true,"href":"https:\/\/haafer.com\/site\/wp-json\/wp\/v2\/comments?post=2783"}],"wp:featuredmedia":[{"embeddable":true,"href":"https:\/\/haafer.com\/site\/wp-json\/wp\/v2\/media\/2787"}],"wp:attachment":[{"href":"https:\/\/haafer.com\/site\/wp-json\/wp\/v2\/media?parent=2783"}],"wp:term":[{"taxonomy":"product_brand","embeddable":true,"href":"https:\/\/haafer.com\/site\/wp-json\/wp\/v2\/product_brand?post=2783"},{"taxonomy":"product_cat","embeddable":true,"href":"https:\/\/haafer.com\/site\/wp-json\/wp\/v2\/product_cat?post=2783"},{"taxonomy":"product_tag","embeddable":true,"href":"https:\/\/haafer.com\/site\/wp-json\/wp\/v2\/product_tag?post=2783"}],"curies":[{"name":"wp","href":"https:\/\/api.w.org\/{rel}","templated":true}]}}