{"id":2807,"date":"2023-05-06T01:17:00","date_gmt":"2023-05-06T01:17:00","guid":{"rendered":"https:\/\/haafer.com\/site\/?post_type=product&#038;p=2807"},"modified":"2025-11-22T10:58:14","modified_gmt":"2025-11-22T13:58:14","slug":"aspirador-nasal-mokimel","status":"publish","type":"product","link":"https:\/\/haafer.com\/site\/producto\/aspirador-nasal-mokimel\/","title":{"rendered":"Aspirador Nasal Mokimel"},"content":{"rendered":"<p><strong>Mokimel <\/strong>es un aspirador nasal que reemplaza a las tradicionales peritas de goma.<br \/>\nEste sistema revolucionario permite una limpieza profunda de las fosas nasales de nuestros chicos facilit\u00e1ndoles el proceso respiratorio.<\/p>\n<p><strong>Modo de empleo: <\/strong><br \/>\nAl beb\u00e9 se le coloca en una fosa nasal un extremo anat\u00f3mico del aparato y el adulto sorbe con suavidad por una manguerita que tiene un filtro para evitar el paso de secreciones. De este modo le genera menos incomodidad al ni\u00f1o y permite ver la cantidad de mucosidad extra\u00edda.<br \/>\nPuede utilizarse desde el primer d\u00eda. Permite la eliminaci\u00f3n de la congesti\u00f3n nasal del beb\u00e9, facilitando su respiraci\u00f3n y alivi\u00e1ndolo de forma suave, f\u00e1cil y sin dolor<\/p>\n<p>ES TAN F\u00c1CIL COMO ASPIRAR, s\u00f3lo hay que introducir la punta anat\u00f3mica en los orificios de la nariz del beb\u00e9 y aspirar suavemente. Contiene un filtro (se puede cambiar el filtro tantas veces quieras) que constituye una barrera para impedir el paso de las secreciones, aliviando eficazmente al beb\u00e9 y ofreciendo al mismo tiempo una garant\u00eda de higiene a sus padres.<\/p>\n","protected":false},"excerpt":{"rendered":"<p><strong>Mokimel <\/strong>es un aspirador nasal que reemplaza a las tradicionales peritas de goma.<br \/>\nEste sistema revolucionario permite una limpieza profunda de las fosas nasales de nuestros chicos facilit\u00e1ndoles el proceso respiratorio.<\/p>\n","protected":false},"featured_media":2809,"comment_status":"open","ping_status":"closed","template":"","meta":[],"product_brand":[],"product_cat":[103],"product_tag":[],"class_list":{"0":"post-2807","1":"product","2":"type-product","3":"status-publish","4":"has-post-thumbnail","6":"product_cat-mokimel","8":"first","9":"instock","10":"featured","11":"shipping-taxable","12":"purchasable","13":"product-type-simple"},"_links":{"self":[{"href":"https:\/\/haafer.com\/site\/wp-json\/wp\/v2\/product\/2807","targetHints":{"allow":["GET"]}}],"collection":[{"href":"https:\/\/haafer.com\/site\/wp-json\/wp\/v2\/product"}],"about":[{"href":"https:\/\/haafer.com\/site\/wp-json\/wp\/v2\/types\/product"}],"replies":[{"embeddable":true,"href":"https:\/\/haafer.com\/site\/wp-json\/wp\/v2\/comments?post=2807"}],"wp:featuredmedia":[{"embeddable":true,"href":"https:\/\/haafer.com\/site\/wp-json\/wp\/v2\/media\/2809"}],"wp:attachment":[{"href":"https:\/\/haafer.com\/site\/wp-json\/wp\/v2\/media?parent=2807"}],"wp:term":[{"taxonomy":"product_brand","embeddable":true,"href":"https:\/\/haafer.com\/site\/wp-json\/wp\/v2\/product_brand?post=2807"},{"taxonomy":"product_cat","embeddable":true,"href":"https:\/\/haafer.com\/site\/wp-json\/wp\/v2\/product_cat?post=2807"},{"taxonomy":"product_tag","embeddable":true,"href":"https:\/\/haafer.com\/site\/wp-json\/wp\/v2\/product_tag?post=2807"}],"curies":[{"name":"wp","href":"https:\/\/api.w.org\/{rel}","templated":true}]}}