{"id":3051,"date":"2023-05-06T23:00:00","date_gmt":"2023-05-06T23:00:00","guid":{"rendered":"https:\/\/haafer.com\/site\/?post_type=product&#038;p=3051"},"modified":"2025-11-22T10:36:19","modified_gmt":"2025-11-22T13:36:19","slug":"vaso-con-boquilla-9","status":"publish","type":"product","link":"https:\/\/haafer.com\/site\/producto\/vaso-con-boquilla-9\/","title":{"rendered":"Vaso Easy Sip 260ml"},"content":{"rendered":"<p><strong>Boquilla blanda de silicona para beber l\u00edquidos f\u00e1cilmente<\/strong><br \/>\nLa boquilla de silicona de una pieza hace que beber de ella sea f\u00e1cil: los l\u00edquidos empiezan a fluir cuando se presiona la boquilla.<\/p>\n<p><strong>Todas las piezas son aptas para el lavaplatos para m\u00e1s comodidad<\/strong><br \/>\nBoquilla de silicona de una pieza para permitir un armado sencillo<br \/>\nLa v\u00e1lvula est\u00e1 incluida en la boquilla, lo que garantiza que el armado sea r\u00e1pido y sin complicaciones.<\/p>\n<p><strong>El recipiente tiene forma de ondas para permitir un agarre firme<\/strong><br \/>\nEl recipiente del vaso con boquilla est\u00e1 dise\u00f1ado para permitir a las manos peque\u00f1as agarrarlo f\u00e1cilmente.<\/p>\n<p><strong>Compatible con las mamaderas y los vasos Philips Avent<\/strong><br \/>\nTodas las mamaderas y vasos Philips Avent son compatibles, excluidos el vaso para ni\u00f1os mayores y las mamaderas de vidrio. Por lo tanto, puede mezclarlos y combinarlos para crear el vaso perfecto que satisfaga las necesidades de desarrollo individual de su ni\u00f1o peque\u00f1o.<\/p>\n","protected":false},"excerpt":{"rendered":"<p>Este vaso con boquilla Philips Avent es muy conveniente tanto para los ni\u00f1os como para los padres. La boquilla blanda de silicona hace que tomar sorbos sea f\u00e1cil; adem\u00e1s, como cuenta con pocas piezas, permite una limpieza sencilla del vaso.<\/p>\n","protected":false},"featured_media":3056,"comment_status":"open","ping_status":"closed","template":"","meta":[],"product_brand":[],"product_cat":[100,86,84],"product_tag":[],"class_list":{"0":"post-3051","1":"product","2":"type-product","3":"status-publish","4":"has-post-thumbnail","6":"product_cat-philips-avent","7":"product_cat-vasos-con-boquilla","8":"product_cat-vasos-entrenadores-para-ninos-pequenos","10":"first","11":"instock","12":"sale","13":"shipping-taxable","14":"purchasable","15":"product-type-simple"},"_links":{"self":[{"href":"https:\/\/haafer.com\/site\/wp-json\/wp\/v2\/product\/3051","targetHints":{"allow":["GET"]}}],"collection":[{"href":"https:\/\/haafer.com\/site\/wp-json\/wp\/v2\/product"}],"about":[{"href":"https:\/\/haafer.com\/site\/wp-json\/wp\/v2\/types\/product"}],"replies":[{"embeddable":true,"href":"https:\/\/haafer.com\/site\/wp-json\/wp\/v2\/comments?post=3051"}],"wp:featuredmedia":[{"embeddable":true,"href":"https:\/\/haafer.com\/site\/wp-json\/wp\/v2\/media\/3056"}],"wp:attachment":[{"href":"https:\/\/haafer.com\/site\/wp-json\/wp\/v2\/media?parent=3051"}],"wp:term":[{"taxonomy":"product_brand","embeddable":true,"href":"https:\/\/haafer.com\/site\/wp-json\/wp\/v2\/product_brand?post=3051"},{"taxonomy":"product_cat","embeddable":true,"href":"https:\/\/haafer.com\/site\/wp-json\/wp\/v2\/product_cat?post=3051"},{"taxonomy":"product_tag","embeddable":true,"href":"https:\/\/haafer.com\/site\/wp-json\/wp\/v2\/product_tag?post=3051"}],"curies":[{"name":"wp","href":"https:\/\/api.w.org\/{rel}","templated":true}]}}