{"id":4609,"date":"2020-09-23T15:57:08","date_gmt":"2020-09-23T18:57:08","guid":{"rendered":"https:\/\/haafer.com\/site\/?post_type=product&#038;p=4609"},"modified":"2024-12-18T14:39:49","modified_gmt":"2024-12-18T17:39:49","slug":"easy-sip-cup-200ml-verde","status":"publish","type":"product","link":"https:\/\/haafer.com\/site\/producto\/easy-sip-cup-200ml-verde\/","title":{"rendered":"Easy Sip Cup 200ml, Verde"},"content":{"rendered":"<div class=\"p-product-info \">\n<div class=\"p-heading-product p-xs-hidden p-s-hidden\">\n<h1 class=\"p-heading-product-inner\"><span class=\"p-heading-03 p-heading-product-title p-brand-title p-bold\">Philips Avent<\/span><span class=\"p-heading-02 p-heading-product-title p-heading-light p-sub-title\">Vaso con boquilla<\/span><\/h1>\n<p><span class=\"p-product-ctn\">SCF551\/05<\/span><\/div>\n<\/div>\n<div class=\"p-bottom-info-wrapper p-s-hidden p-xs-hidden\">\n<div class=\"p-version-elements p-s-hidden p-xs-hidden\">\n<p><strong>F\u00e1cil de usar<\/strong><\/p>\n<p class=\"p-body-copy-02\">Este vaso con boquilla Philips Avent es muy conveniente tanto para los ni\u00f1os como para los padres. La boquilla blanda de silicona hace que tomar sorbos sea f\u00e1cil; adem\u00e1s, como cuenta con pocas piezas, permite una limpieza sencilla del vaso<\/p>\n<div id=\"see-all-benefits\" class=\"p-s01__pdp-overview-wraper\">\n<div class=\"s01highlight s01-highlights-banner component-base\">\n<section class=\"p-s01-highlights\">\n<div class=\"p-row-gutter p-comp-spacing-bottom\">\n<h2 class=\"p-heading-02 p-heading-medium p-s01__highlights-title\">F\u00e1cil de usar<\/h2>\n<h3 class=\"p-heading-03 p-heading-medium p-s01__highlights-subtitle\">Vaso con boquilla blanda para beber c\u00f3modamente<\/h3>\n<ul class=\"p-bullets p-large p-s01__bullets p-heading-medium\">\n<li class=\"p-s01__bullet\">F\u00e1cil de usar<\/li>\n<li class=\"p-s01__bullet\">200\u00a0ml<\/li>\n<li class=\"p-s01__bullet\">6m+<\/li>\n<li class=\"p-s01__bullet\">ni\u00f1o<\/li>\n<\/ul>\n<\/div>\n<\/section>\n<\/div>\n<\/div>\n<div class=\"productFeatures s12-product-features component-base\">\n<section class=\"p-complete p-s12-product-features\" data-close-popup-label=\"Retorno\">\n<div class=\"p-row-gutter p-comp-spacing-bottom\">\n<div class=\"p-s12__feature-list\">\n<div class=\"p-s12__row\">\n<div class=\"p-s12__feature-item p-spacing-bottom-c\">\n<div class=\"p-s12__feature-image p-spacing-bottom-a\"><picture class=\"p-picture p-lazy-handled\"><source srcset=\"https:\/\/images.philips.com\/is\/image\/PhilipsConsumer\/F400067158-FIL-global-001?wid=305&amp;hei=173&amp;$jpglarge$, https:\/\/images.philips.com\/is\/image\/PhilipsConsumer\/F400067158-FIL-global-001?wid=610&amp;hei=346&amp;$jpglarge$ 2x\" media=\"(min-width: 961px)\" \/><source srcset=\"https:\/\/images.philips.com\/is\/image\/PhilipsConsumer\/F400067158-FIL-global-001?wid=305&amp;hei=173&amp;$jpglarge$, https:\/\/images.philips.com\/is\/image\/PhilipsConsumer\/F400067158-FIL-global-001?wid=610&amp;hei=346&amp;$jpglarge$ 2x\" media=\"(min-width: 701px)\" \/><source srcset=\"https:\/\/images.philips.com\/is\/image\/PhilipsConsumer\/F400067158-FIL-global-001?wid=218&amp;hei=122&amp;$jpglarge$, https:\/\/images.philips.com\/is\/image\/PhilipsConsumer\/F400067158-FIL-global-001?wid=436&amp;hei=244&amp;$jpglarge$ 2x\" media=\"(min-width: 451px)\" \/><source srcset=\"https:\/\/images.philips.com\/is\/image\/PhilipsConsumer\/F400067158-FIL-global-001?wid=438&amp;hei=245&amp;$jpglarge$, https:\/\/images.philips.com\/is\/image\/PhilipsConsumer\/F400067158-FIL-global-001?wid=876&amp;hei=490&amp;$jpglarge$ 2x\" media=\"\" \/><img decoding=\"async\" src=\"https:\/\/images.philips.com\/is\/image\/PhilipsConsumer\/F400067158-FIL-global-001?wid=305&amp;hei=173&amp;$jpglarge$\" alt=\"Boquilla blanda de silicona para beber l\u00edquidos f\u00e1cilmente\" \/><\/picture><\/div>\n<div class=\"p-s12__feature-description p-spacing-bottom-a\">\n<h3 class=\"p-heading-04-large p-heading-bold p-feature-title\">Boquilla blanda de silicona para beber l\u00edquidos f\u00e1cilmente<\/h3>\n<p class=\"p-body-copy-02\">La boquilla de silicona de una pieza hace que beber de ella sea f\u00e1cil: los l\u00edquidos empiezan a fluir cuando se presiona la boquilla.<\/p>\n<\/div>\n<\/div>\n<div class=\"p-s12__feature-item p-spacing-bottom-c\">\n<div class=\"p-s12__feature-image p-spacing-bottom-a\"><picture class=\"p-picture p-lazy-handled\"><source srcset=\"https:\/\/images.philips.com\/is\/image\/PhilipsConsumer\/F400029769-FIL-global-001?wid=305&amp;hei=173&amp;$jpglarge$, https:\/\/images.philips.com\/is\/image\/PhilipsConsumer\/F400029769-FIL-global-001?wid=610&amp;hei=346&amp;$jpglarge$ 2x\" media=\"(min-width: 961px)\" \/><source srcset=\"https:\/\/images.philips.com\/is\/image\/PhilipsConsumer\/F400029769-FIL-global-001?wid=305&amp;hei=173&amp;$jpglarge$, https:\/\/images.philips.com\/is\/image\/PhilipsConsumer\/F400029769-FIL-global-001?wid=610&amp;hei=346&amp;$jpglarge$ 2x\" media=\"(min-width: 701px)\" \/><source srcset=\"https:\/\/images.philips.com\/is\/image\/PhilipsConsumer\/F400029769-FIL-global-001?wid=218&amp;hei=122&amp;$jpglarge$, https:\/\/images.philips.com\/is\/image\/PhilipsConsumer\/F400029769-FIL-global-001?wid=436&amp;hei=244&amp;$jpglarge$ 2x\" media=\"(min-width: 451px)\" \/><source srcset=\"https:\/\/images.philips.com\/is\/image\/PhilipsConsumer\/F400029769-FIL-global-001?wid=438&amp;hei=245&amp;$jpglarge$, https:\/\/images.philips.com\/is\/image\/PhilipsConsumer\/F400029769-FIL-global-001?wid=876&amp;hei=490&amp;$jpglarge$ 2x\" media=\"\" \/><img decoding=\"async\" src=\"https:\/\/images.philips.com\/is\/image\/PhilipsConsumer\/F400029769-FIL-global-001?wid=305&amp;hei=173&amp;$jpglarge$\" alt=\"Todas las piezas son aptas para el lavaplatos para m\u00e1s comodidad\" \/><\/picture><\/div>\n<div class=\"p-s12__feature-description p-spacing-bottom-a\">\n<h3 class=\"p-heading-04-large p-heading-bold p-feature-title\">Todas las piezas son aptas para el lavaplatos para m\u00e1s comodidad<\/h3>\n<\/div>\n<\/div>\n<div class=\"p-s12__feature-item p-spacing-bottom-c\">\n<div class=\"p-s12__feature-image p-s12__feature-image--hide p-spacing-bottom-a\" aria-hidden=\"true\"><picture class=\"p-picture p-lazy-handled\"><source srcset=\"https:\/\/images.philips.com\/is\/image\/PhilipsConsumer\/IM130930_TRANSPARENT_IMAGE-DTO-global-001?wid=305&amp;hei=173&amp;$jpglarge$, https:\/\/images.philips.com\/is\/image\/PhilipsConsumer\/IM130930_TRANSPARENT_IMAGE-DTO-global-001?wid=610&amp;hei=346&amp;$jpglarge$ 2x\" media=\"(min-width: 961px)\" \/><source srcset=\"https:\/\/images.philips.com\/is\/image\/PhilipsConsumer\/IM130930_TRANSPARENT_IMAGE-DTO-global-001?wid=305&amp;hei=173&amp;$jpglarge$, https:\/\/images.philips.com\/is\/image\/PhilipsConsumer\/IM130930_TRANSPARENT_IMAGE-DTO-global-001?wid=610&amp;hei=346&amp;$jpglarge$ 2x\" media=\"(min-width: 701px)\" \/><source srcset=\"https:\/\/images.philips.com\/is\/image\/PhilipsConsumer\/IM130930_TRANSPARENT_IMAGE-DTO-global-001?wid=218&amp;hei=122&amp;$jpglarge$, https:\/\/images.philips.com\/is\/image\/PhilipsConsumer\/IM130930_TRANSPARENT_IMAGE-DTO-global-001?wid=436&amp;hei=244&amp;$jpglarge$ 2x\" media=\"(min-width: 451px)\" \/><source srcset=\"https:\/\/images.philips.com\/is\/image\/PhilipsConsumer\/IM130930_TRANSPARENT_IMAGE-DTO-global-001?wid=438&amp;hei=245&amp;$jpglarge$, https:\/\/images.philips.com\/is\/image\/PhilipsConsumer\/IM130930_TRANSPARENT_IMAGE-DTO-global-001?wid=876&amp;hei=490&amp;$jpglarge$ 2x\" media=\"\" \/><img decoding=\"async\" src=\"https:\/\/images.philips.com\/is\/image\/PhilipsConsumer\/IM130930_TRANSPARENT_IMAGE-DTO-global-001?wid=305&amp;hei=173&amp;$jpglarge$\" alt=\"\" \/><\/picture><\/div>\n<div class=\"p-s12__feature-description p-spacing-bottom-a\">\n<h3 class=\"p-heading-04-large p-heading-bold p-feature-title\">Boquilla de silicona de una pieza para permitir un armado sencillo<\/h3>\n<p class=\"p-body-copy-02\">La v\u00e1lvula est\u00e1 incluida en la boquilla, lo que garantiza que el armado sea r\u00e1pido y sin complicaciones.<\/p>\n<\/div>\n<\/div>\n<\/div>\n<\/div>\n<\/div>\n<\/section>\n<\/div>\n<\/div>\n<\/div>\n","protected":false},"excerpt":{"rendered":"<div class=\"p-product-info \">\n<div class=\"p-heading-product p-xs-hidden p-s-hidden\">\n<h1 class=\"p-heading-product-inner\"><span class=\"p-heading-03 p-heading-product-title p-brand-title p-bold\">Philips Avent<\/span><span class=\"p-heading-02 p-heading-product-title p-heading-light p-sub-title\">Vaso con boquilla<\/span><\/h1>\n<p><span class=\"p-product-ctn\">SCF551\/05<\/span><\/div>\n<\/div>\n<div class=\"p-rating p-rating-wrapper p-s-hidden p-xs-hidden\" data-locale=\"es_AR,es_CO,es_CL,es_PA,es_PE,es_MX,es_ES\" data-ctn=\"SCF551\/05\" data-bv-url=\"\/\/philips.ugc.bazaarvoice.com\/static\/7543b-es_AR\/bvapi.js\" data-bv-version=\"v2\" data-bv-restapibaseurl=\"\/\/api.bazaarvoice.com\" data-bv-restapiversion=\"5.4\" data-bv-restapipasskey=\"cakZijn4UobxFSYPazknMq6XslRF499jSSLk7CCZ68rts\" data-bv-directjsapi=\"\/\/display.ugc.bazaarvoice.com\/static\/philipsglobal\/main_site\/es_AR\/bvapi.js\" data-bv-percent-recommend=\"{percentage} revisores recomendar\u00edan este producto\">\n<div class=\"p-awards\"><\/div>\n<\/div>\n<div class=\"p-bottom-info-wrapper p-s-hidden p-xs-hidden\">\n<div class=\"p-version-elements p-s-hidden p-xs-hidden\">\n<p><strong>F\u00e1cil de usar<\/strong><\/p>\n<p class=\"p-body-copy-02\">Este vaso con boquilla Philips Avent es muy conveniente tanto para los ni\u00f1os como para los padres. La boquilla blanda de silicona hace que tomar sorbos sea f\u00e1cil; adem\u00e1s, como cuenta con pocas piezas, permite una limpieza sencilla del vaso<\/p>\n<\/div>\n<\/div>\n","protected":false},"featured_media":4610,"comment_status":"open","ping_status":"closed","template":"","meta":[],"product_brand":[],"product_cat":[100,86,87,85,84],"product_tag":[],"class_list":{"0":"post-4609","1":"product","2":"type-product","3":"status-publish","4":"has-post-thumbnail","6":"product_cat-philips-avent","7":"product_cat-vasos-con-boquilla","8":"product_cat-vasos-con-pajita","9":"product_cat-vasos-de-entrenamiento","10":"product_cat-vasos-entrenadores-para-ninos-pequenos","12":"first","13":"instock","14":"shipping-taxable","15":"purchasable","16":"product-type-simple"},"_links":{"self":[{"href":"https:\/\/haafer.com\/site\/wp-json\/wp\/v2\/product\/4609","targetHints":{"allow":["GET"]}}],"collection":[{"href":"https:\/\/haafer.com\/site\/wp-json\/wp\/v2\/product"}],"about":[{"href":"https:\/\/haafer.com\/site\/wp-json\/wp\/v2\/types\/product"}],"replies":[{"embeddable":true,"href":"https:\/\/haafer.com\/site\/wp-json\/wp\/v2\/comments?post=4609"}],"wp:featuredmedia":[{"embeddable":true,"href":"https:\/\/haafer.com\/site\/wp-json\/wp\/v2\/media\/4610"}],"wp:attachment":[{"href":"https:\/\/haafer.com\/site\/wp-json\/wp\/v2\/media?parent=4609"}],"wp:term":[{"taxonomy":"product_brand","embeddable":true,"href":"https:\/\/haafer.com\/site\/wp-json\/wp\/v2\/product_brand?post=4609"},{"taxonomy":"product_cat","embeddable":true,"href":"https:\/\/haafer.com\/site\/wp-json\/wp\/v2\/product_cat?post=4609"},{"taxonomy":"product_tag","embeddable":true,"href":"https:\/\/haafer.com\/site\/wp-json\/wp\/v2\/product_tag?post=4609"}],"curies":[{"name":"wp","href":"https:\/\/api.w.org\/{rel}","templated":true}]}}