{"id":4629,"date":"2023-04-23T16:34:00","date_gmt":"2023-04-23T16:34:00","guid":{"rendered":"https:\/\/haafer.com\/site\/?post_type=product&#038;p=4629"},"modified":"2024-07-19T14:52:47","modified_gmt":"2024-07-19T17:52:47","slug":"chupetes-ultra-air-deco-2x-ultra-air-chupetes-nightime-0-6m-rosa","status":"publish","type":"product","link":"https:\/\/haafer.com\/site\/producto\/chupetes-ultra-air-deco-2x-ultra-air-chupetes-nightime-0-6m-rosa\/","title":{"rendered":"Chupetes ULTRA AIR Deco  2x Ultra air Chupetes NIGHTIME (0-6m) ROSA"},"content":{"rendered":"<div class=\"p-product-info \">\n<div class=\"p-heading-product p-xs-hidden p-s-hidden\">\n<h1 class=\"p-heading-product-inner\"><span class=\"p-heading-03 p-heading-product-title p-brand-title p-bold\">Philips Avent <\/span><span class=\"p-heading-02 p-heading-product-title p-heading-light p-sub-title\">Chupete Ultra Air<\/span><\/h1>\n<p><span class=\"p-product-ctn\">SCF376\/12<\/span><\/div>\n<\/div>\n<div class=\"p-bottom-info-wrapper p-s-hidden p-xs-hidden\">\n<div class=\"p-version-elements p-s-hidden p-xs-hidden\">\n<p><strong>Un chupete ligero y transpirable para pieles sensibles<\/strong><\/p>\n<p class=\"p-body-copy-02\">Calme a su beb\u00e9 con un chupete que deja respirar la piel y resulta f\u00e1cil de encontrar por la noche. ultra air night cuenta con orificios para el aire extragrandes que mantienen la piel sensible suave y seca, y un bot\u00f3n que brilla en la oscuridad para que pueda encontrarlo con la luz apagada<\/p>\n<\/div>\n<div id=\"see-all-benefits\" class=\"p-s01__pdp-overview-wraper\">\n<div class=\"s01highlight s01-highlights-banner component-base\">\n<section class=\"p-s01-highlights\">\n<div class=\"p-row-gutter p-comp-spacing-bottom\">\n<h2 class=\"p-heading-02 p-heading-medium p-s01__highlights-title\">Un chupete ligero y transpirable para pieles sensibles<\/h2>\n<h3 class=\"p-heading-03 p-heading-medium p-s01__highlights-subtitle\">F\u00e1cil de encontrar en la oscuridad<\/h3>\n<ul class=\"p-bullets p-large p-s01__bullets p-heading-medium\">\n<li class=\"p-s01__bullet\">Con bot\u00f3n que brilla en la oscuridad<\/li>\n<li class=\"p-s01__bullet\">0-6 m<\/li>\n<li class=\"p-s01__bullet\">Anat\u00f3micos y sin BPA<\/li>\n<li class=\"p-s01__bullet\">Pack de 2<\/li>\n<\/ul>\n<\/div>\n<\/section>\n<\/div>\n<\/div>\n<div class=\"productFeatures s12-product-features component-base\">\n<section class=\"p-complete p-s12-product-features\" data-close-popup-label=\"Retorno\">\n<div class=\"p-row-gutter p-comp-spacing-bottom\">\n<div class=\"p-s12__feature-list\">\n<div class=\"p-s12__row\">\n<div class=\"p-s12__feature-item p-spacing-bottom-c\">\n<div class=\"p-s12__feature-image p-spacing-bottom-a\"><picture class=\"p-picture p-lazy-handled\"><source srcset=\"https:\/\/images.philips.com\/is\/image\/PhilipsConsumer\/F400090985-FIL-global-001?wid=305&amp;hei=173&amp;$jpglarge$, https:\/\/images.philips.com\/is\/image\/PhilipsConsumer\/F400090985-FIL-global-001?wid=610&amp;hei=346&amp;$jpglarge$ 2x\" media=\"(min-width: 961px)\" \/><source srcset=\"https:\/\/images.philips.com\/is\/image\/PhilipsConsumer\/F400090985-FIL-global-001?wid=305&amp;hei=173&amp;$jpglarge$, https:\/\/images.philips.com\/is\/image\/PhilipsConsumer\/F400090985-FIL-global-001?wid=610&amp;hei=346&amp;$jpglarge$ 2x\" media=\"(min-width: 701px)\" \/><source srcset=\"https:\/\/images.philips.com\/is\/image\/PhilipsConsumer\/F400090985-FIL-global-001?wid=218&amp;hei=122&amp;$jpglarge$, https:\/\/images.philips.com\/is\/image\/PhilipsConsumer\/F400090985-FIL-global-001?wid=436&amp;hei=244&amp;$jpglarge$ 2x\" media=\"(min-width: 451px)\" \/><source srcset=\"https:\/\/images.philips.com\/is\/image\/PhilipsConsumer\/F400090985-FIL-global-001?wid=438&amp;hei=245&amp;$jpglarge$, https:\/\/images.philips.com\/is\/image\/PhilipsConsumer\/F400090985-FIL-global-001?wid=876&amp;hei=490&amp;$jpglarge$ 2x\" media=\"\" \/><img decoding=\"async\" src=\"https:\/\/images.philips.com\/is\/image\/PhilipsConsumer\/F400090985-FIL-global-001?wid=305&amp;hei=173&amp;$jpglarge$\" alt=\"Permite que la piel sensible transpire\" \/><\/picture><\/div>\n<div class=\"p-s12__feature-description p-spacing-bottom-a\">\n<h3 class=\"p-heading-04-large p-heading-bold p-feature-title\">Permite que la piel sensible transpire<\/h3>\n<p class=\"p-body-copy-02\">Con los orificios para el aire extragrandes, ventile la piel del beb\u00e9 a fin de mantenerla suave y seca.<\/p>\n<\/div>\n<\/div>\n<div class=\"p-s12__feature-item p-spacing-bottom-c\">\n<div class=\"p-s12__feature-image p-spacing-bottom-a\"><picture class=\"p-picture p-lazy-handled\"><source srcset=\"https:\/\/images.philips.com\/is\/image\/PhilipsConsumer\/F400091668-FIL-global-001?wid=305&amp;hei=173&amp;$jpglarge$, https:\/\/images.philips.com\/is\/image\/PhilipsConsumer\/F400091668-FIL-global-001?wid=610&amp;hei=346&amp;$jpglarge$ 2x\" media=\"(min-width: 961px)\" \/><source srcset=\"https:\/\/images.philips.com\/is\/image\/PhilipsConsumer\/F400091668-FIL-global-001?wid=305&amp;hei=173&amp;$jpglarge$, https:\/\/images.philips.com\/is\/image\/PhilipsConsumer\/F400091668-FIL-global-001?wid=610&amp;hei=346&amp;$jpglarge$ 2x\" media=\"(min-width: 701px)\" \/><source srcset=\"https:\/\/images.philips.com\/is\/image\/PhilipsConsumer\/F400091668-FIL-global-001?wid=218&amp;hei=122&amp;$jpglarge$, https:\/\/images.philips.com\/is\/image\/PhilipsConsumer\/F400091668-FIL-global-001?wid=436&amp;hei=244&amp;$jpglarge$ 2x\" media=\"(min-width: 451px)\" \/><source srcset=\"https:\/\/images.philips.com\/is\/image\/PhilipsConsumer\/F400091668-FIL-global-001?wid=438&amp;hei=245&amp;$jpglarge$, https:\/\/images.philips.com\/is\/image\/PhilipsConsumer\/F400091668-FIL-global-001?wid=876&amp;hei=490&amp;$jpglarge$ 2x\" media=\"\" \/><img decoding=\"async\" src=\"https:\/\/images.philips.com\/is\/image\/PhilipsConsumer\/F400091668-FIL-global-001?wid=305&amp;hei=173&amp;$jpglarge$\" alt=\"Es suave para la piel\" \/><\/picture><\/div>\n<div class=\"p-s12__feature-description p-spacing-bottom-a\">\n<h3 class=\"p-heading-04-large p-heading-bold p-feature-title\">Es suave para la piel<\/h3>\n<p class=\"p-body-copy-02\">ultra air se dise\u00f1\u00f3 con un protector ligero y bordes redondeados para disfrutar de una comodidad m\u00e1xima.<\/p>\n<\/div>\n<\/div>\n<div class=\"p-s12__feature-item p-spacing-bottom-c\">\n<div class=\"p-s12__feature-image p-spacing-bottom-a\"><picture class=\"p-picture p-lazy-handled\"><source srcset=\"https:\/\/images.philips.com\/is\/image\/PhilipsConsumer\/F400090984-FIL-global-001?wid=305&amp;hei=173&amp;$jpglarge$, https:\/\/images.philips.com\/is\/image\/PhilipsConsumer\/F400090984-FIL-global-001?wid=610&amp;hei=346&amp;$jpglarge$ 2x\" media=\"(min-width: 961px)\" \/><source srcset=\"https:\/\/images.philips.com\/is\/image\/PhilipsConsumer\/F400090984-FIL-global-001?wid=305&amp;hei=173&amp;$jpglarge$, https:\/\/images.philips.com\/is\/image\/PhilipsConsumer\/F400090984-FIL-global-001?wid=610&amp;hei=346&amp;$jpglarge$ 2x\" media=\"(min-width: 701px)\" \/><source srcset=\"https:\/\/images.philips.com\/is\/image\/PhilipsConsumer\/F400090984-FIL-global-001?wid=218&amp;hei=122&amp;$jpglarge$, https:\/\/images.philips.com\/is\/image\/PhilipsConsumer\/F400090984-FIL-global-001?wid=436&amp;hei=244&amp;$jpglarge$ 2x\" media=\"(min-width: 451px)\" \/><source srcset=\"https:\/\/images.philips.com\/is\/image\/PhilipsConsumer\/F400090984-FIL-global-001?wid=438&amp;hei=245&amp;$jpglarge$, https:\/\/images.philips.com\/is\/image\/PhilipsConsumer\/F400090984-FIL-global-001?wid=876&amp;hei=490&amp;$jpglarge$ 2x\" media=\"\" \/><img decoding=\"async\" src=\"https:\/\/images.philips.com\/is\/image\/PhilipsConsumer\/F400090984-FIL-global-001?wid=305&amp;hei=173&amp;$jpglarge$\" alt=\"F\u00e1cil de encontrar cuando las luces est\u00e1n apagadas\" \/><\/picture><\/div>\n<div class=\"p-s12__feature-description p-spacing-bottom-a\">\n<h3 class=\"p-heading-04-large p-heading-bold p-feature-title\">F\u00e1cil de encontrar cuando las luces est\u00e1n apagadas<\/h3>\n<p class=\"p-body-copy-02\">Use el bot\u00f3n que brilla en la oscuridad del ultra air para encontrar el chupete de su beb\u00e9 r\u00e1pidamente sin tener que encender la luz.<\/p>\n<\/div>\n<\/div>\n<\/div>\n<\/div>\n<\/div>\n<\/section>\n<\/div>\n<\/div>\n","protected":false},"excerpt":{"rendered":"<div class=\"p-product-info \">\n<div class=\"p-heading-product p-xs-hidden p-s-hidden\">\n<h1 class=\"p-heading-product-inner\"><span class=\"p-heading-03 p-heading-product-title p-brand-title p-bold\">Philips Avent <\/span><span class=\"p-heading-02 p-heading-product-title p-heading-light p-sub-title\">Chupete Ultra Air<\/span><\/h1>\n<p><span class=\"p-product-ctn\">SCF376\/12<\/span><\/div>\n<\/div>\n<div class=\"p-bottom-info-wrapper p-s-hidden p-xs-hidden\">\n<div class=\"p-version-elements p-s-hidden p-xs-hidden\">\n<p><strong>Un chupete ligero y transpirable para pieles sensibles<\/strong><\/p>\n<p class=\"p-body-copy-02\">Calme a su beb\u00e9 con un chupete que deja respirar la piel y resulta f\u00e1cil de encontrar por la noche. ultra air night cuenta con orificios para el aire extragrandes que mantienen la piel sensible suave y seca, y un bot\u00f3n que brilla en la oscuridad para que pueda encontrarlo con la luz apagada<\/p>\n<\/div>\n<\/div>\n","protected":false},"featured_media":4630,"comment_status":"open","ping_status":"closed","template":"","meta":[],"product_brand":[],"product_cat":[114,113,100],"product_tag":[],"class_list":{"0":"post-4629","1":"product","2":"type-product","3":"status-publish","4":"has-post-thumbnail","6":"product_cat-chupetes","7":"product_cat-chupetes-y-mordillos","8":"product_cat-philips-avent","10":"first","11":"outofstock","12":"shipping-taxable","13":"purchasable","14":"product-type-simple"},"_links":{"self":[{"href":"https:\/\/haafer.com\/site\/wp-json\/wp\/v2\/product\/4629","targetHints":{"allow":["GET"]}}],"collection":[{"href":"https:\/\/haafer.com\/site\/wp-json\/wp\/v2\/product"}],"about":[{"href":"https:\/\/haafer.com\/site\/wp-json\/wp\/v2\/types\/product"}],"replies":[{"embeddable":true,"href":"https:\/\/haafer.com\/site\/wp-json\/wp\/v2\/comments?post=4629"}],"wp:featuredmedia":[{"embeddable":true,"href":"https:\/\/haafer.com\/site\/wp-json\/wp\/v2\/media\/4630"}],"wp:attachment":[{"href":"https:\/\/haafer.com\/site\/wp-json\/wp\/v2\/media?parent=4629"}],"wp:term":[{"taxonomy":"product_brand","embeddable":true,"href":"https:\/\/haafer.com\/site\/wp-json\/wp\/v2\/product_brand?post=4629"},{"taxonomy":"product_cat","embeddable":true,"href":"https:\/\/haafer.com\/site\/wp-json\/wp\/v2\/product_cat?post=4629"},{"taxonomy":"product_tag","embeddable":true,"href":"https:\/\/haafer.com\/site\/wp-json\/wp\/v2\/product_tag?post=4629"}],"curies":[{"name":"wp","href":"https:\/\/api.w.org\/{rel}","templated":true}]}}