{"id":4734,"date":"2023-02-12T10:52:00","date_gmt":"2023-02-12T10:52:00","guid":{"rendered":"https:\/\/haafer.com\/site\/?post_type=product&#038;p=4734"},"modified":"2024-07-30T17:52:23","modified_gmt":"2024-07-30T20:52:23","slug":"set-de-2-chup-space-t-1-erizo-gato","status":"publish","type":"product","link":"https:\/\/haafer.com\/site\/producto\/set-de-2-chup-space-t-1-erizo-gato\/","title":{"rendered":"Set de 2 Chup. Space T 1 Erizo\/Gato"},"content":{"rendered":"<table width=\"380\">\n<tbody>\n<tr>\n<td width=\"380\">Set de 2 Chup. Space T 1 Erizo\/Gato<\/td>\n<\/tr>\n<\/tbody>\n<\/table>\n<h1>Chupete space Erizo\/Gato. Nuk<\/h1>\n<p>Disponible en 3 tama\u00f1os: 0-6m, 6-18m, 18-36m. Orificios de ventilaci\u00f3n extra-grandes que permiten una m\u00e1xima irculaci\u00f3n de aire y que la piel respire \u2013 perfecto para piel sensible del beb\u00e9. Con la mejor tetina Ortod\u00f3ntica NUK para el desarrollo oral saludable del beb\u00e9: Forma natural basada en el pez\u00f3n materno durante el amamantamiento, que se adapta perfectamente en la boca cuando el beb\u00e9 succiona. Cuello de tetina m\u00e1s delgado y angosto; reduce la presi\u00f3n en la mand\u00edbula y los dientes. Tetina m\u00e1s plana y suave en la parte inferior: m\u00e1s libertad para los movimientos de succi\u00f3n de la lengua Estuche doble apto para transporte y esterilizaci\u00f3n. Presentaci\u00f3n: 2 unidades por estuche<\/p>\n","protected":false},"excerpt":{"rendered":"<table width=\"380\">\n<tbody>\n<tr>\n<td width=\"380\">Set de 2 Chup. Space T 1 Erizo\/Gato<\/td>\n<\/tr>\n<\/tbody>\n<\/table>\n","protected":false},"featured_media":5045,"comment_status":"open","ping_status":"closed","template":"","meta":[],"product_brand":[],"product_cat":[142,141,126,102],"product_tag":[],"class_list":{"0":"post-4734","1":"product","2":"type-product","3":"status-publish","4":"has-post-thumbnail","6":"product_cat-cadenas-y-cajas-portachupetes","7":"product_cat-chupetes-de-silicona","8":"product_cat-chupetes-y-accesorios","9":"product_cat-nuk","11":"first","12":"instock","13":"shipping-taxable","14":"purchasable","15":"product-type-simple"},"_links":{"self":[{"href":"https:\/\/haafer.com\/site\/wp-json\/wp\/v2\/product\/4734","targetHints":{"allow":["GET"]}}],"collection":[{"href":"https:\/\/haafer.com\/site\/wp-json\/wp\/v2\/product"}],"about":[{"href":"https:\/\/haafer.com\/site\/wp-json\/wp\/v2\/types\/product"}],"replies":[{"embeddable":true,"href":"https:\/\/haafer.com\/site\/wp-json\/wp\/v2\/comments?post=4734"}],"wp:featuredmedia":[{"embeddable":true,"href":"https:\/\/haafer.com\/site\/wp-json\/wp\/v2\/media\/5045"}],"wp:attachment":[{"href":"https:\/\/haafer.com\/site\/wp-json\/wp\/v2\/media?parent=4734"}],"wp:term":[{"taxonomy":"product_brand","embeddable":true,"href":"https:\/\/haafer.com\/site\/wp-json\/wp\/v2\/product_brand?post=4734"},{"taxonomy":"product_cat","embeddable":true,"href":"https:\/\/haafer.com\/site\/wp-json\/wp\/v2\/product_cat?post=4734"},{"taxonomy":"product_tag","embeddable":true,"href":"https:\/\/haafer.com\/site\/wp-json\/wp\/v2\/product_tag?post=4734"}],"curies":[{"name":"wp","href":"https:\/\/api.w.org\/{rel}","templated":true}]}}