{"id":4760,"date":"2023-03-19T11:02:00","date_gmt":"2023-03-19T11:02:00","guid":{"rendered":"https:\/\/haafer.com\/site\/?post_type=product&#038;p=4760"},"modified":"2026-02-14T20:30:08","modified_gmt":"2026-02-14T23:30:08","slug":"sacaleche-manual-3-en-1","status":"publish","type":"product","link":"https:\/\/haafer.com\/site\/producto\/sacaleche-manual-3-en-1\/","title":{"rendered":"SACALECHE MANUAL (3 EN 1)"},"content":{"rendered":"<div class=\"col-sm-7 col-xs-12 product-wrapper\">\n<div class=\"product-share\">\n<div class=\"hidden-xs\">\n<div class=\"horizontalmodulesimple slider-single\">\n<div id=\"benvenuto\" class=\"\">\n<div id=\"benvenuto_schedaProdotto\" class=\"container container-lg\">\n<div class=\"info-block col-xs-12 margin-bottom-10 padding-top-20\">\n<div class=\"h2-text\">Sacaleche NaturalFeeling: ideal para extraer la leche de forma suave y eficaz.<\/div>\n<\/div>\n<div class=\"row description\">\n<div class=\"col-xs-12\">\n<p>El sacaleche manual de Chicco se renueva para adaptarse a\u00fan m\u00e1s a las necesidades de las madres: es eficaz, suave, de m\u00e1ximo confort y pr\u00e1ctico, pensado para prolongar la lactancia tanto como sea posible. En caso de leche en exceso o cuando se tiene que estar lejos del beb\u00e9, el sacaleche NaturalFeeling te ayuda a extraer la leche de forma sencilla y poder d\u00e1rsela al ni\u00f1o cuando sea necesario. Dispone de un mango con forma ergon\u00f3mica para una extracci\u00f3n sin esfuerzo y una m\u00e1xima comodidad para las manos. La copa redondeada de este sacaleche envuelve c\u00f3modamente el pecho y se adapta a todos los tama\u00f1os. Fabricada en material de silicona, es suave y delicada.<\/p>\n<p>Incluye una tetina Naturalfeeling y es compatible con los biberones de la gama Naturalfeeling y de la gama Well-Bing de Chicco.<\/p>\n<div class=\"hide-mobile\">\n<div class=\"col-xs-12 col-sm-9 col-centered\">\n<div class=\"slider-products-card slick-slider-new slick-initialized slick-slider slick-dotted\">\n<p><button class=\"slick-prev slick-arrow slick-disabled\" type=\"button\" aria-label=\"Previous\" aria-disabled=\"true\">Previous<\/button><\/p>\n<div class=\"slick-list draggable\">\n<div class=\"slick-track\">\n<div id=\"slick-slide30\" class=\"slick-slide slick-current slick-active\" role=\"tabpanel\" data-slick-index=\"0\" aria-hidden=\"false\">\n<div>\n<div class=\"single-product-card\">\n<div class=\"bk-img col-xs-12\"><img decoding=\"async\" class=\" lazyloaded\" src=\"https:\/\/www.chicco.com.ar\/content\/dam\/chicco\/ar\/categorias-productos\/lactancia\/sacaleches\/productos\/8058664003471\/highlights\/sacaleches-manual-naturalfeeling-1.jpg\" alt=\"Sacaleche con extracci\u00f3n eficaz y delicada\" data-src=\"\/content\/dam\/chicco\/ar\/categorias-productos\/lactancia\/sacaleches\/productos\/8058664003471\/highlights\/sacaleches-manual-naturalfeeling-1.jpg\" \/><\/div>\n<div class=\"bk-text col-sm-12 col-xs-10\">\n<div class=\"bk-text-title\">Sacaleche con extracci\u00f3n eficaz y delicada<\/div>\n<div class=\"bk-text-description\">\n<p>El innovador sistema del sacaleche &#8220;Chicco System&#8221; hace todav\u00eda m\u00e1s f\u00e1cil la extracci\u00f3n, asegurando un flujo de leche natural y constante.<\/p>\n<\/div>\n<\/div>\n<\/div>\n<\/div>\n<\/div>\n<div id=\"slick-slide31\" class=\"slick-slide slick-active\" role=\"tabpanel\" data-slick-index=\"1\" aria-hidden=\"false\">\n<div>\n<div class=\"single-product-card\">\n<div class=\"bk-img col-xs-12\"><img decoding=\"async\" class=\" lazyloaded\" src=\"https:\/\/www.chicco.com.ar\/content\/dam\/chicco\/ar\/categorias-productos\/lactancia\/sacaleches\/productos\/8058664003471\/highlights\/sacaleches-manual-naturalfeeling-2.jpg\" alt=\"M\u00e1ximo confort.\" data-src=\"\/content\/dam\/chicco\/ar\/categorias-productos\/lactancia\/sacaleches\/productos\/8058664003471\/highlights\/sacaleches-manual-naturalfeeling-2.jpg\" \/><\/div>\n<div class=\"bk-text col-sm-12 col-xs-10\">\n<div class=\"bk-text-title\">M\u00e1ximo confort.<\/div>\n<div class=\"bk-text-description\">\n<p>Gracias al mango ergon\u00f3mico y a su suave recubrimiento, este sacaleche facilita la extracci\u00f3n de leche de manera sencilla sin que la mano se canse durante el uso.<\/p>\n<\/div>\n<\/div>\n<\/div>\n<\/div>\n<\/div>\n<div id=\"slick-slide32\" class=\"slick-slide slick-active\" role=\"tabpanel\" data-slick-index=\"2\" aria-hidden=\"false\">\n<div>\n<div class=\"single-product-card\">\n<div class=\"bk-img col-xs-12\"><img decoding=\"async\" class=\" lazyloaded\" src=\"https:\/\/www.chicco.com.ar\/content\/dam\/chicco\/ar\/categorias-productos\/lactancia\/sacaleches\/productos\/8058664003471\/highlights\/sacaleches-manual-naturalfeeling-3.jpg\" alt=\"M\u00e1xima delicadeza con el Sacaleches Naturalfeeling\" data-src=\"\/content\/dam\/chicco\/ar\/categorias-productos\/lactancia\/sacaleches\/productos\/8058664003471\/highlights\/sacaleches-manual-naturalfeeling-3.jpg\" \/><\/div>\n<div class=\"bk-text col-sm-12 col-xs-10\">\n<div class=\"bk-text-title\">M\u00e1xima delicadeza con el Sacaleches Naturalfeeling<\/div>\n<div class=\"bk-text-description\">\n<p>La suave silicona y la textura especial de la copa proporcionan un contacto ligero y delicado con la piel del pecho materno.<\/p>\n<\/div>\n<\/div>\n<\/div>\n<\/div>\n<\/div>\n<div id=\"slick-slide33\" class=\"slick-slide\" tabindex=\"-1\" role=\"tabpanel\" data-slick-index=\"3\" aria-hidden=\"true\">\n<div>\n<div class=\"single-product-card\">\n<div class=\"bk-img col-xs-12\"><img decoding=\"async\" class=\" lazyloaded\" src=\"https:\/\/www.chicco.com.ar\/content\/dam\/chicco\/ar\/categorias-productos\/lactancia\/sacaleches\/productos\/8058664003471\/highlights\/sacaleches-manual-naturalfeeling-4.jpg\" alt=\"Eficacia y confort aprobado por el 91% de las mam\u00e1s.*\" data-src=\"\/content\/dam\/chicco\/ar\/categorias-productos\/lactancia\/sacaleches\/productos\/8058664003471\/highlights\/sacaleches-manual-naturalfeeling-4.jpg\" \/><\/div>\n<div class=\"bk-text col-sm-12 col-xs-10\">\n<div class=\"bk-text-title\">Eficacia y confort aprobado por el 91% de las mam\u00e1s.*<\/div>\n<div class=\"bk-text-description\">\n<p>El 91% de las mam\u00e1s ha valorado positivamente la eficacia del sacaleche, y el 89% ha valorado positivamente su confort global.<\/p>\n<p>*Investigaci\u00f3n de mercado 2013, Italia: 110 mam\u00e1s. Datos disponibles en Artsana S.p.A.<\/p>\n<\/div>\n<\/div>\n<\/div>\n<\/div>\n<\/div>\n<div id=\"slick-slide34\" class=\"slick-slide\" tabindex=\"-1\" role=\"tabpanel\" data-slick-index=\"4\" aria-hidden=\"true\">\n<div>\n<div class=\"single-product-card\">\n<div class=\"bk-img col-xs-12\"><img decoding=\"async\" class=\" lazyloaded\" src=\"https:\/\/www.chicco.com.ar\/content\/dam\/chicco\/ar\/categorias-productos\/lactancia\/sacaleches\/productos\/8058664003471\/highlights\/sacaleches-manual-naturalfeeling-5.jpg\" alt=\"El sacaleche incluye:\" data-src=\"\/content\/dam\/chicco\/ar\/categorias-productos\/lactancia\/sacaleches\/productos\/8058664003471\/highlights\/sacaleches-manual-naturalfeeling-5.jpg\" \/><\/div>\n<div class=\"bk-text col-sm-12 col-xs-10\">\n<div class=\"bk-text-title\">El sacaleche incluye:<\/div>\n<div class=\"bk-text-description\">\n<p>1 mamadera Naturalfeeling 0m+ 150ml con tetina inclinada<\/p>\n<p>1 tapa herm\u00e9tica para almacenar la leche<\/p>\n<p>1 base de apoyo para el Sacaleche Naturalfeeling<\/p>\n<p>1 muestra de protector mamario<\/p>\n<\/div>\n<\/div>\n<\/div>\n<\/div>\n<\/div>\n<div id=\"slick-slide35\" class=\"slick-slide\" tabindex=\"-1\" role=\"tabpanel\" data-slick-index=\"5\" aria-hidden=\"true\">\n<div>\n<div class=\"single-product-card\">\n<div class=\"bk-img col-xs-12\"><img decoding=\"async\" class=\" lazyloaded\" src=\"https:\/\/www.chicco.com.ar\/content\/dam\/chicco\/ar\/categorias-productos\/lactancia\/sacaleches\/productos\/8058664003471\/highlights\/sacaleches-manual-naturalfeeling-6.jpg\" alt=\"Compatible con todos los biberones Chicco\" data-src=\"\/content\/dam\/chicco\/ar\/categorias-productos\/lactancia\/sacaleches\/productos\/8058664003471\/highlights\/sacaleches-manual-naturalfeeling-6.jpg\" \/><\/div>\n<div class=\"bk-text col-sm-12 col-xs-10\">\n<div class=\"bk-text-title\">Compatible con todos los biberones Chicco<\/div>\n<div class=\"bk-text-description\">\n<p>El sacaleches es compatible con toda la gama de mamaderas Naturalfeeling y Well-Being.<\/p>\n<\/div>\n<\/div>\n<\/div>\n<\/div>\n<\/div>\n<\/div>\n<\/div>\n<p><button class=\"slick-next slick-arrow\" type=\"button\" aria-label=\"Next\" aria-disabled=\"false\">Next<\/button><\/p>\n<ul class=\"slick-dots\" role=\"tablist\">\n<li class=\"slick-active\" role=\"presentation\"><button id=\"slick-slide-control30\" tabindex=\"0\" role=\"tab\" type=\"button\" aria-controls=\"slick-slide30\" aria-label=\"1 of 2\" aria-selected=\"true\">1<\/button><\/li>\n<li role=\"presentation\"><button id=\"slick-slide-control31\" tabindex=\"-1\" role=\"tab\" type=\"button\" aria-controls=\"slick-slide31\" aria-label=\"2 of 2\">2<\/button><\/li>\n<li role=\"presentation\"><button id=\"slick-slide-control32\" tabindex=\"-1\" role=\"tab\" type=\"button\" aria-controls=\"slick-slide32\" aria-label=\"3 of 2\">3<\/button><\/li>\n<li role=\"presentation\"><button id=\"slick-slide-control33\" tabindex=\"-1\" role=\"tab\" type=\"button\" aria-controls=\"slick-slide33\" aria-label=\"4 of 2\">4<\/button><\/li>\n<\/ul>\n<\/div>\n<\/div>\n<\/div>\n<\/div>\n<\/div>\n<\/div>\n<\/div>\n<\/div>\n<div class=\"container container-lg tab-info modulo3\">\n<ul class=\"nav nav-tabs hidden-xs\" role=\"tablist\">\n<li class=\"active\" role=\"presentation\"><\/li>\n<\/ul>\n<\/div>\n<\/div>\n<\/div>\n<div id=\"product-thumbs\" class=\"carousel hidden-xs\">\n<div class=\"slick-list draggable\">\n<div class=\"slick-track\">\n<div class=\"slick-slide slick-active\" data-slick-index=\"1\" aria-hidden=\"false\">\n<div><\/div>\n<\/div>\n<div class=\"slick-slide slick-active\" data-slick-index=\"2\" aria-hidden=\"false\">\n<div><\/div>\n<\/div>\n<div class=\"slick-slide slick-active\" data-slick-index=\"3\" aria-hidden=\"false\">\n<div><\/div>\n<\/div>\n<\/div>\n<\/div>\n<\/div>\n<\/div>\n","protected":false},"excerpt":{"rendered":"<p>Sacaleche NaturalFeeling: ideal para extraer la leche de forma suave y eficaz. El sacaleche manual de Chicco se renueva para<\/p>\n","protected":false},"featured_media":4761,"comment_status":"open","ping_status":"closed","template":"","meta":[],"product_brand":[],"product_cat":[209,207,208,221,226,224,223,225,222,210],"product_tag":[],"class_list":{"0":"post-4760","1":"product","2":"type-product","3":"status-publish","4":"has-post-thumbnail","6":"product_cat-accesorios-chicco","7":"product_cat-chicco","8":"product_cat-lactancia-chicco","9":"product_cat-linea-natural-feeling","10":"product_cat-linea-physio-confort","11":"product_cat-linea-physio-light","12":"product_cat-linea-physio-micro","13":"product_cat-linea-physio-soft","14":"product_cat-linea-well-being","15":"product_cat-mamaderas-chicco","17":"first","18":"instock","19":"shipping-taxable","20":"purchasable","21":"product-type-simple"},"_links":{"self":[{"href":"https:\/\/haafer.com\/site\/wp-json\/wp\/v2\/product\/4760","targetHints":{"allow":["GET"]}}],"collection":[{"href":"https:\/\/haafer.com\/site\/wp-json\/wp\/v2\/product"}],"about":[{"href":"https:\/\/haafer.com\/site\/wp-json\/wp\/v2\/types\/product"}],"replies":[{"embeddable":true,"href":"https:\/\/haafer.com\/site\/wp-json\/wp\/v2\/comments?post=4760"}],"wp:featuredmedia":[{"embeddable":true,"href":"https:\/\/haafer.com\/site\/wp-json\/wp\/v2\/media\/4761"}],"wp:attachment":[{"href":"https:\/\/haafer.com\/site\/wp-json\/wp\/v2\/media?parent=4760"}],"wp:term":[{"taxonomy":"product_brand","embeddable":true,"href":"https:\/\/haafer.com\/site\/wp-json\/wp\/v2\/product_brand?post=4760"},{"taxonomy":"product_cat","embeddable":true,"href":"https:\/\/haafer.com\/site\/wp-json\/wp\/v2\/product_cat?post=4760"},{"taxonomy":"product_tag","embeddable":true,"href":"https:\/\/haafer.com\/site\/wp-json\/wp\/v2\/product_tag?post=4760"}],"curies":[{"name":"wp","href":"https:\/\/api.w.org\/{rel}","templated":true}]}}