{"id":4784,"date":"2023-03-19T11:22:00","date_gmt":"2023-03-19T11:22:00","guid":{"rendered":"https:\/\/haafer.com\/site\/?post_type=product&#038;p=4784"},"modified":"2026-02-14T20:29:00","modified_gmt":"2026-02-14T23:29:00","slug":"pezoneras-silicona-con-estuche-m-l-x2","status":"publish","type":"product","link":"https:\/\/haafer.com\/site\/producto\/pezoneras-silicona-con-estuche-m-l-x2\/","title":{"rendered":"PEZONERAS SILICONA CON ESTUCHE (M-L) x2"},"content":{"rendered":"<div id=\"product-description-short-3097\" class=\"rte-content\">\n<p>Pezonera Silicona Skin To Skin M\/L.<\/p>\n<p>Protegen el pecho favoreciendo la continuidad de la lactancia materna. La forma de la pezonera y su espesor extra fino facilitan la trasmisi\u00f3n de la temperatura y olor del pecho. Permiten el m\u00e1ximo contacto de la nariz y barbilla del beb\u00e9 con la piel del pecho, maximizando as\u00ed las sensaciones t\u00e1ctiles y olfativas que caracterizan la lactancia materna.<\/p>\n<\/div>\n<div class=\"product-actions\">\n<form id=\"add-to-cart-or-refresh\" action=\"https:\/\/farmaciaslider.com.ar\/carrito\" method=\"post\">\n<div class=\"product-variants\"><\/div>\n<div class=\"product-add-to-cart pt-3\">\n<div class=\"row extra-small-gutters product-quantity\">\n<div class=\"col col-12 col-sm-auto\">\n<div class=\"qty\">\n<div class=\"input-group bootstrap-touchspin\"><\/div>\n<\/div>\n<\/div>\n<\/div>\n<\/div>\n<\/form>\n<\/div>\n","protected":false},"excerpt":{"rendered":"<div id=\"product-description-short-3097\" class=\"rte-content\">\n<p>Pezonera Silicona Skin To Skin M\/L.<\/p>\n<p>Protegen el pecho favoreciendo la continuidad de la lactancia materna. La forma de la pezonera y su espesor extra fino facilitan la trasmisi\u00f3n de la temperatura y olor del pecho. Permiten el m\u00e1ximo contacto de la nariz y barbilla del beb\u00e9 con la piel del pecho, maximizando as\u00ed las sensaciones t\u00e1ctiles y olfativas que caracterizan la lactancia materna.<\/p>\n<\/div>\n<div class=\"product-actions\">\n<form id=\"add-to-cart-or-refresh\" action=\"https:\/\/farmaciaslider.com.ar\/carrito\" method=\"post\">\n<div class=\"product-variants\"><\/div>\n<div class=\"product-add-to-cart pt-3\">\n<div class=\"row extra-small-gutters product-quantity\">\n<div class=\"col col-12 col-sm-auto\">\n<div class=\"qty\">\n<div class=\"input-group bootstrap-touchspin\"><\/div>\n<\/div>\n<\/div>\n<\/div>\n<\/div>\n<\/form>\n<\/div>\n","protected":false},"featured_media":4783,"comment_status":"open","ping_status":"closed","template":"","meta":[],"product_brand":[],"product_cat":[209,214,207,208,221,226,224,223,225,222,210],"product_tag":[],"class_list":{"0":"post-4784","1":"product","2":"type-product","3":"status-publish","4":"has-post-thumbnail","6":"product_cat-accesorios-chicco","7":"product_cat-alimentacion-chicco","8":"product_cat-chicco","9":"product_cat-lactancia-chicco","10":"product_cat-linea-natural-feeling","11":"product_cat-linea-physio-confort","12":"product_cat-linea-physio-light","13":"product_cat-linea-physio-micro","14":"product_cat-linea-physio-soft","15":"product_cat-linea-well-being","16":"product_cat-mamaderas-chicco","18":"first","19":"instock","20":"shipping-taxable","21":"purchasable","22":"product-type-simple"},"_links":{"self":[{"href":"https:\/\/haafer.com\/site\/wp-json\/wp\/v2\/product\/4784","targetHints":{"allow":["GET"]}}],"collection":[{"href":"https:\/\/haafer.com\/site\/wp-json\/wp\/v2\/product"}],"about":[{"href":"https:\/\/haafer.com\/site\/wp-json\/wp\/v2\/types\/product"}],"replies":[{"embeddable":true,"href":"https:\/\/haafer.com\/site\/wp-json\/wp\/v2\/comments?post=4784"}],"wp:featuredmedia":[{"embeddable":true,"href":"https:\/\/haafer.com\/site\/wp-json\/wp\/v2\/media\/4783"}],"wp:attachment":[{"href":"https:\/\/haafer.com\/site\/wp-json\/wp\/v2\/media?parent=4784"}],"wp:term":[{"taxonomy":"product_brand","embeddable":true,"href":"https:\/\/haafer.com\/site\/wp-json\/wp\/v2\/product_brand?post=4784"},{"taxonomy":"product_cat","embeddable":true,"href":"https:\/\/haafer.com\/site\/wp-json\/wp\/v2\/product_cat?post=4784"},{"taxonomy":"product_tag","embeddable":true,"href":"https:\/\/haafer.com\/site\/wp-json\/wp\/v2\/product_tag?post=4784"}],"curies":[{"name":"wp","href":"https:\/\/api.w.org\/{rel}","templated":true}]}}