{"id":4787,"date":"2023-03-19T11:30:00","date_gmt":"2023-03-19T11:30:00","guid":{"rendered":"https:\/\/haafer.com\/site\/?post_type=product&#038;p=4787"},"modified":"2026-02-14T20:28:03","modified_gmt":"2026-02-14T23:28:03","slug":"cepillo-mamaderas-3-en-1","status":"publish","type":"product","link":"https:\/\/haafer.com\/site\/producto\/cepillo-mamaderas-3-en-1\/","title":{"rendered":"CEPILLO MAMADERAS 3 EN 1"},"content":{"rendered":"<p>Para limpiar cualquier biber\u00f3n, tetina o accesorio. Permiten una limpieza profunda sin rayar o da\u00f1ar los objetos del beb\u00e9. Cerdas separadas para una limpieza m\u00e1s profunda y m\u00e1s f\u00e1cil. Con miniescobilla para limpiar accesorios.<\/p>\n","protected":false},"excerpt":{"rendered":"<table width=\"489\">\n<tbody>\n<tr>\n<td width=\"489\">CEPILLO MAMADERAS 3 EN 1<\/td>\n<\/tr>\n<\/tbody>\n<\/table>\n","protected":false},"featured_media":4788,"comment_status":"open","ping_status":"closed","template":"","meta":[],"product_brand":[],"product_cat":[209,214,207,219,215,208,221,226,224,223,225,222,210,218,217,220],"product_tag":[],"class_list":{"0":"post-4787","1":"product","2":"type-product","3":"status-publish","4":"has-post-thumbnail","6":"product_cat-accesorios-chicco","7":"product_cat-alimentacion-chicco","8":"product_cat-chicco","9":"product_cat-cubiertos-alimentacion-chicco","10":"product_cat-higiene-chicco","11":"product_cat-lactancia-chicco","12":"product_cat-linea-natural-feeling","13":"product_cat-linea-physio-confort","14":"product_cat-linea-physio-light","15":"product_cat-linea-physio-micro","16":"product_cat-linea-physio-soft","17":"product_cat-linea-well-being","18":"product_cat-mamaderas-chicco","19":"product_cat-platos","20":"product_cat-seguridad-chicco","21":"product_cat-vasos-alimentacion-chicco","23":"first","24":"instock","25":"shipping-taxable","26":"purchasable","27":"product-type-simple"},"_links":{"self":[{"href":"https:\/\/haafer.com\/site\/wp-json\/wp\/v2\/product\/4787","targetHints":{"allow":["GET"]}}],"collection":[{"href":"https:\/\/haafer.com\/site\/wp-json\/wp\/v2\/product"}],"about":[{"href":"https:\/\/haafer.com\/site\/wp-json\/wp\/v2\/types\/product"}],"replies":[{"embeddable":true,"href":"https:\/\/haafer.com\/site\/wp-json\/wp\/v2\/comments?post=4787"}],"wp:featuredmedia":[{"embeddable":true,"href":"https:\/\/haafer.com\/site\/wp-json\/wp\/v2\/media\/4788"}],"wp:attachment":[{"href":"https:\/\/haafer.com\/site\/wp-json\/wp\/v2\/media?parent=4787"}],"wp:term":[{"taxonomy":"product_brand","embeddable":true,"href":"https:\/\/haafer.com\/site\/wp-json\/wp\/v2\/product_brand?post=4787"},{"taxonomy":"product_cat","embeddable":true,"href":"https:\/\/haafer.com\/site\/wp-json\/wp\/v2\/product_cat?post=4787"},{"taxonomy":"product_tag","embeddable":true,"href":"https:\/\/haafer.com\/site\/wp-json\/wp\/v2\/product_tag?post=4787"}],"curies":[{"name":"wp","href":"https:\/\/api.w.org\/{rel}","templated":true}]}}