{"id":4807,"date":"2023-03-19T12:02:00","date_gmt":"2023-03-19T12:02:00","guid":{"rendered":"https:\/\/haafer.com\/site\/?post_type=product&#038;p=4807"},"modified":"2026-02-14T20:26:59","modified_gmt":"2026-02-14T23:26:59","slug":"tetinas-natural-feeling-flujo-lento-0m-x1","status":"publish","type":"product","link":"https:\/\/haafer.com\/site\/producto\/tetinas-natural-feeling-flujo-lento-0m-x1\/","title":{"rendered":"TETINAS NATURAL FEELING &#8211; FLUJO LENTO +0M x1"},"content":{"rendered":"<p>NaturalFeeling<br \/>\nTetina de silicona con doble v\u00e1lcula anti-c\u00f3licos para los biberones NaturalFeeling.<br \/>\nLa \u00fanica l\u00ednea de biberones que simula una lactancia intuitiva como el pecho de la madre. Las tetinas est\u00e1n hechas de silicona extra-suave y lisa para asegurar una sensaci\u00f3n natural durante la lactancia.<\/p>\n","protected":false},"excerpt":{"rendered":"<table width=\"489\">\n<tbody>\n<tr>\n<td width=\"489\">TETINAS NATURAL FEELING &#8211; FLUJO LENTO +0M x1<\/td>\n<\/tr>\n<\/tbody>\n<\/table>\n","protected":false},"featured_media":4808,"comment_status":"open","ping_status":"closed","template":"","meta":[],"product_brand":[],"product_cat":[209,207,208,221,210],"product_tag":[],"class_list":{"0":"post-4807","1":"product","2":"type-product","3":"status-publish","4":"has-post-thumbnail","6":"product_cat-accesorios-chicco","7":"product_cat-chicco","8":"product_cat-lactancia-chicco","9":"product_cat-linea-natural-feeling","10":"product_cat-mamaderas-chicco","12":"first","13":"instock","14":"shipping-taxable","15":"purchasable","16":"product-type-simple"},"_links":{"self":[{"href":"https:\/\/haafer.com\/site\/wp-json\/wp\/v2\/product\/4807","targetHints":{"allow":["GET"]}}],"collection":[{"href":"https:\/\/haafer.com\/site\/wp-json\/wp\/v2\/product"}],"about":[{"href":"https:\/\/haafer.com\/site\/wp-json\/wp\/v2\/types\/product"}],"replies":[{"embeddable":true,"href":"https:\/\/haafer.com\/site\/wp-json\/wp\/v2\/comments?post=4807"}],"wp:featuredmedia":[{"embeddable":true,"href":"https:\/\/haafer.com\/site\/wp-json\/wp\/v2\/media\/4808"}],"wp:attachment":[{"href":"https:\/\/haafer.com\/site\/wp-json\/wp\/v2\/media?parent=4807"}],"wp:term":[{"taxonomy":"product_brand","embeddable":true,"href":"https:\/\/haafer.com\/site\/wp-json\/wp\/v2\/product_brand?post=4807"},{"taxonomy":"product_cat","embeddable":true,"href":"https:\/\/haafer.com\/site\/wp-json\/wp\/v2\/product_cat?post=4807"},{"taxonomy":"product_tag","embeddable":true,"href":"https:\/\/haafer.com\/site\/wp-json\/wp\/v2\/product_tag?post=4807"}],"curies":[{"name":"wp","href":"https:\/\/api.w.org\/{rel}","templated":true}]}}