{"id":4856,"date":"2023-03-21T20:33:00","date_gmt":"2023-03-21T20:33:00","guid":{"rendered":"https:\/\/haafer.com\/site\/?post_type=product&#038;p=4856"},"modified":"2026-02-14T19:42:08","modified_gmt":"2026-02-14T22:42:08","slug":"chupetes-nocturnos-physio-light-lumi-6-16m-sil-x2","status":"publish","type":"product","link":"https:\/\/haafer.com\/site\/producto\/chupetes-nocturnos-physio-light-lumi-6-16m-sil-x2\/","title":{"rendered":"CHUPETES NOCTURNOS &#8211; PHYSIO LIGHT LUMI 6-16M SIL x2"},"content":{"rendered":"<p>Chupete extra liviano y aireado. S\u00f3lo lo necesario para la carita del beb\u00e9, con orificios de ventilaci\u00f3n extra grandes. Garantiza el espacio correcto para la nariz y el ment\u00f3n. F\u00e1cil de agarrar gracias a su bot\u00f3n. La versi\u00f3n LUMI brilla en la oscuridad, para que puedas encontrarlo mucho m\u00e1s r\u00e1pido por la noche. Tetina PHYSIO FORMA: una tetina de forma activa , dise\u00f1ada para que respire normalmente, aun con el chupete puesto, favoreciendo el desarrollo natural de la boca de tu beb\u00e9. Disponible en todos los chupetes de Chicco PhysioFormaTM tiene un rol activo en el correcto desarrollo de las funciones orales de los beb\u00e9s.<\/p>\n","protected":false},"excerpt":{"rendered":"<table width=\"489\">\n<tbody>\n<tr>\n<td width=\"489\">CHUPETES NOCTURNOS &#8211; PHYSIO LIGHT LUMI 6-16M SIL x2<\/td>\n<\/tr>\n<\/tbody>\n<\/table>\n","protected":false},"featured_media":4857,"comment_status":"open","ping_status":"closed","template":"","meta":[],"product_brand":[],"product_cat":[207,211,224],"product_tag":[],"class_list":{"0":"post-4856","1":"product","2":"type-product","3":"status-publish","4":"has-post-thumbnail","6":"product_cat-chicco","7":"product_cat-chupetes-chicco","8":"product_cat-linea-physio-light","10":"first","11":"instock","12":"shipping-taxable","13":"purchasable","14":"product-type-simple"},"_links":{"self":[{"href":"https:\/\/haafer.com\/site\/wp-json\/wp\/v2\/product\/4856","targetHints":{"allow":["GET"]}}],"collection":[{"href":"https:\/\/haafer.com\/site\/wp-json\/wp\/v2\/product"}],"about":[{"href":"https:\/\/haafer.com\/site\/wp-json\/wp\/v2\/types\/product"}],"replies":[{"embeddable":true,"href":"https:\/\/haafer.com\/site\/wp-json\/wp\/v2\/comments?post=4856"}],"wp:featuredmedia":[{"embeddable":true,"href":"https:\/\/haafer.com\/site\/wp-json\/wp\/v2\/media\/4857"}],"wp:attachment":[{"href":"https:\/\/haafer.com\/site\/wp-json\/wp\/v2\/media?parent=4856"}],"wp:term":[{"taxonomy":"product_brand","embeddable":true,"href":"https:\/\/haafer.com\/site\/wp-json\/wp\/v2\/product_brand?post=4856"},{"taxonomy":"product_cat","embeddable":true,"href":"https:\/\/haafer.com\/site\/wp-json\/wp\/v2\/product_cat?post=4856"},{"taxonomy":"product_tag","embeddable":true,"href":"https:\/\/haafer.com\/site\/wp-json\/wp\/v2\/product_tag?post=4856"}],"curies":[{"name":"wp","href":"https:\/\/api.w.org\/{rel}","templated":true}]}}