{"id":4872,"date":"2023-03-21T20:57:13","date_gmt":"2023-03-21T23:57:13","guid":{"rendered":"https:\/\/haafer.com\/site\/?post_type=product&#038;p=4872"},"modified":"2026-02-14T19:37:26","modified_gmt":"2026-02-14T22:37:26","slug":"chupetes-ergonometricos-physio-comfort-6-16m-nene-x1","status":"publish","type":"product","link":"https:\/\/haafer.com\/site\/producto\/chupetes-ergonometricos-physio-comfort-6-16m-nene-x1\/","title":{"rendered":"CHUPETES ERGONOMETRICOS &#8211; PHYSIO COMFORT 6-16M NENE x1"},"content":{"rendered":"<p>Chicco Physio Comfort 2 Chupetes Silicona 6-16 Meses &#8211; Vienen una tetina physio-ortod\u00f3ntica que favorece el correcto desarrollo de la boca del beb\u00e9. Est\u00e1n hechas de silicona extra-suave que nos recuerda la suavidad del pecho de la madre.<\/p>\n","protected":false},"excerpt":{"rendered":"<p>CHUPETES ERGONOMETRICOS &#8211; PHYSIO COMFORT 6-16M NENE x1<\/p>\n","protected":false},"featured_media":4871,"comment_status":"open","ping_status":"closed","template":"","meta":[],"product_brand":[],"product_cat":[207,211,226],"product_tag":[],"class_list":{"0":"post-4872","1":"product","2":"type-product","3":"status-publish","4":"has-post-thumbnail","6":"product_cat-chicco","7":"product_cat-chupetes-chicco","8":"product_cat-linea-physio-confort","10":"first","11":"instock","12":"shipping-taxable","13":"purchasable","14":"product-type-simple"},"_links":{"self":[{"href":"https:\/\/haafer.com\/site\/wp-json\/wp\/v2\/product\/4872","targetHints":{"allow":["GET"]}}],"collection":[{"href":"https:\/\/haafer.com\/site\/wp-json\/wp\/v2\/product"}],"about":[{"href":"https:\/\/haafer.com\/site\/wp-json\/wp\/v2\/types\/product"}],"replies":[{"embeddable":true,"href":"https:\/\/haafer.com\/site\/wp-json\/wp\/v2\/comments?post=4872"}],"wp:featuredmedia":[{"embeddable":true,"href":"https:\/\/haafer.com\/site\/wp-json\/wp\/v2\/media\/4871"}],"wp:attachment":[{"href":"https:\/\/haafer.com\/site\/wp-json\/wp\/v2\/media?parent=4872"}],"wp:term":[{"taxonomy":"product_brand","embeddable":true,"href":"https:\/\/haafer.com\/site\/wp-json\/wp\/v2\/product_brand?post=4872"},{"taxonomy":"product_cat","embeddable":true,"href":"https:\/\/haafer.com\/site\/wp-json\/wp\/v2\/product_cat?post=4872"},{"taxonomy":"product_tag","embeddable":true,"href":"https:\/\/haafer.com\/site\/wp-json\/wp\/v2\/product_tag?post=4872"}],"curies":[{"name":"wp","href":"https:\/\/api.w.org\/{rel}","templated":true}]}}