{"id":4904,"date":"2023-03-19T10:55:00","date_gmt":"2023-03-19T10:55:00","guid":{"rendered":"https:\/\/haafer.com\/site\/?post_type=product&#038;p=4904"},"modified":"2026-02-14T20:30:49","modified_gmt":"2026-02-14T23:30:49","slug":"plato-facil-alimentacion-nena","status":"publish","type":"product","link":"https:\/\/haafer.com\/site\/producto\/plato-facil-alimentacion-nena\/","title":{"rendered":"Chicco PLATO FACIL ALIMENTACION NENA"},"content":{"rendered":"<p>Divertido Plato con dep\u00f3sito para agua caliente que mantiene la temperatura de la comida por m\u00e1s tiempo para que el beb\u00e9 pueda comer sin prisas. Su forma especial, la base antideslizante y la zona anti quemaduras hacen que el plato sea muy c\u00f3modo de usar. Rellene el tanque de agua caliente para que la comida mantenga la temperatura. Adem\u00e1s dispone de un hueco para apoyar la cuchara que garantiza el m\u00e1ximo confort durante las comidas. Se puede calentar en el microondas y lavar en el lavavajilla. 0% BPA.<\/p>\n","protected":false},"excerpt":{"rendered":"<table width=\"489\">\n<tbody>\n<tr>\n<td width=\"489\">PLATO FACIL ALIMENTACION NENA<\/td>\n<\/tr>\n<\/tbody>\n<\/table>\n","protected":false},"featured_media":4905,"comment_status":"open","ping_status":"closed","template":"","meta":[],"product_brand":[],"product_cat":[214,207,218],"product_tag":[],"class_list":{"0":"post-4904","1":"product","2":"type-product","3":"status-publish","4":"has-post-thumbnail","6":"product_cat-alimentacion-chicco","7":"product_cat-chicco","8":"product_cat-platos","10":"first","11":"instock","12":"shipping-taxable","13":"purchasable","14":"product-type-simple"},"_links":{"self":[{"href":"https:\/\/haafer.com\/site\/wp-json\/wp\/v2\/product\/4904","targetHints":{"allow":["GET"]}}],"collection":[{"href":"https:\/\/haafer.com\/site\/wp-json\/wp\/v2\/product"}],"about":[{"href":"https:\/\/haafer.com\/site\/wp-json\/wp\/v2\/types\/product"}],"replies":[{"embeddable":true,"href":"https:\/\/haafer.com\/site\/wp-json\/wp\/v2\/comments?post=4904"}],"wp:featuredmedia":[{"embeddable":true,"href":"https:\/\/haafer.com\/site\/wp-json\/wp\/v2\/media\/4905"}],"wp:attachment":[{"href":"https:\/\/haafer.com\/site\/wp-json\/wp\/v2\/media?parent=4904"}],"wp:term":[{"taxonomy":"product_brand","embeddable":true,"href":"https:\/\/haafer.com\/site\/wp-json\/wp\/v2\/product_brand?post=4904"},{"taxonomy":"product_cat","embeddable":true,"href":"https:\/\/haafer.com\/site\/wp-json\/wp\/v2\/product_cat?post=4904"},{"taxonomy":"product_tag","embeddable":true,"href":"https:\/\/haafer.com\/site\/wp-json\/wp\/v2\/product_tag?post=4904"}],"curies":[{"name":"wp","href":"https:\/\/api.w.org\/{rel}","templated":true}]}}