{"id":4932,"date":"2023-03-22T11:42:00","date_gmt":"2023-03-22T11:42:00","guid":{"rendered":"https:\/\/haafer.com\/site\/?post_type=product&#038;p=4932"},"modified":"2026-02-14T19:08:00","modified_gmt":"2026-02-14T22:08:00","slug":"vasos-training-nene-2en1-antigoteo-o-flujo-libre-200ml","status":"publish","type":"product","link":"https:\/\/haafer.com\/site\/producto\/vasos-training-nene-2en1-antigoteo-o-flujo-libre-200ml\/","title":{"rendered":"VASOS TRAINING NENE (2en1 Antigoteo o flujo libre) 200ML"},"content":{"rendered":"<p>Vaso Easy Cup Chicco 12m+ Antigoteo o Flujo libre<\/p>\n<p>Ideal para acostumbrarse a beber por un borde, a prueba de mordiscos y sin gotear.<br \/>\nV\u00e1lvula antigoteo, extraible para flujo libre.<\/p>\n<p>Igual que beber de un borde de un vaso sin goteos<br \/>\nPico de borde duro resistente a mordeduras.<br \/>\nEl pico similar a un borde fino ayuda a la transici\u00f3n del beb\u00e9 a beber en un vaso abierto.<br \/>\nForma ergon\u00f3mica para estabilizar el labio inferior y el hoyuelo en la parte superior de la nariz.<br \/>\n2 en 1 V\u00e1lvula Easy Sipping extra\u00edble que hace que el vaso sea 100% a prueba de derrames sin comprometer la facilidad de consumo del beb\u00e9 con y sin v\u00e1lvula.<\/p>\n","protected":false},"excerpt":{"rendered":"<table width=\"489\">\n<tbody>\n<tr>\n<td width=\"489\">VASOS TRAINING NENE (2en1 Antigoteo o flujo libre) 200ML<\/td>\n<\/tr>\n<\/tbody>\n<\/table>\n","protected":false},"featured_media":4933,"comment_status":"open","ping_status":"closed","template":"","meta":[],"product_brand":[],"product_cat":[214,207,220],"product_tag":[],"class_list":{"0":"post-4932","1":"product","2":"type-product","3":"status-publish","4":"has-post-thumbnail","6":"product_cat-alimentacion-chicco","7":"product_cat-chicco","8":"product_cat-vasos-alimentacion-chicco","10":"first","11":"instock","12":"shipping-taxable","13":"purchasable","14":"product-type-simple"},"_links":{"self":[{"href":"https:\/\/haafer.com\/site\/wp-json\/wp\/v2\/product\/4932","targetHints":{"allow":["GET"]}}],"collection":[{"href":"https:\/\/haafer.com\/site\/wp-json\/wp\/v2\/product"}],"about":[{"href":"https:\/\/haafer.com\/site\/wp-json\/wp\/v2\/types\/product"}],"replies":[{"embeddable":true,"href":"https:\/\/haafer.com\/site\/wp-json\/wp\/v2\/comments?post=4932"}],"wp:featuredmedia":[{"embeddable":true,"href":"https:\/\/haafer.com\/site\/wp-json\/wp\/v2\/media\/4933"}],"wp:attachment":[{"href":"https:\/\/haafer.com\/site\/wp-json\/wp\/v2\/media?parent=4932"}],"wp:term":[{"taxonomy":"product_brand","embeddable":true,"href":"https:\/\/haafer.com\/site\/wp-json\/wp\/v2\/product_brand?post=4932"},{"taxonomy":"product_cat","embeddable":true,"href":"https:\/\/haafer.com\/site\/wp-json\/wp\/v2\/product_cat?post=4932"},{"taxonomy":"product_tag","embeddable":true,"href":"https:\/\/haafer.com\/site\/wp-json\/wp\/v2\/product_tag?post=4932"}],"curies":[{"name":"wp","href":"https:\/\/api.w.org\/{rel}","templated":true}]}}