{"id":4962,"date":"2023-03-23T09:56:00","date_gmt":"2023-03-23T09:56:00","guid":{"rendered":"https:\/\/haafer.com\/site\/?post_type=product&#038;p=4962"},"modified":"2025-06-02T17:57:21","modified_gmt":"2025-06-02T20:57:21","slug":"cepillo-de-dientes-6-36m-nene","status":"publish","type":"product","link":"https:\/\/haafer.com\/site\/producto\/cepillo-de-dientes-6-36m-nene\/","title":{"rendered":"CEPILLO DE DIENTES 6-36M NENE"},"content":{"rendered":"<p>La higiene dental diaria es un buen h\u00e1bito que se aprende de peque\u00f1o, muy peque\u00f1o, incluso antes de la primera dentici\u00f3n.<br \/>\nLo principal para prevenir la caries y asegurar unas enc\u00edas sanas, debe iniciarse desde los primeros meses de vida del beb\u00e9. El uso del cepillo dental est\u00e1 recomendado tan pronto como comienzan a salir los primeros dientes de leche, para que los ni\u00f1os adquieran el h\u00e1bito de una correcta higiene dental diaria. Especialmente dise\u00f1ados con cerdas suaves, para conseguir una limpieza eficaz de los dientes y enc\u00edas de los m\u00e1s peque\u00f1os.<\/p>\n<p>Recomendado por la Asoaciaci\u00f3n Italiana de Dentistas.<\/p>\n<p>Cabezal redondeado y cuello fino adaptado a la peque\u00f1a boca del beb\u00e9<br \/>\nEstudiado para no da\u00f1ar la cavidad bucal y llegar a todos los dientes del beb\u00e9.<\/p>\n<p>Con capuch\u00f3n de protecci\u00f3n<br \/>\nPara una m\u00e1xima higiene<\/p>\n<p>Con cerdas c\u00f3nicas extra suaves<br \/>\nSon de goma y limpian suavemente las enc\u00edas y los primeros dientes del beb\u00e9<\/p>\n<p>Disponible en tres diferentes colores<br \/>\nCon decoraciones divertidas para hacer del cepillado un momento l\u00fadico<\/p>\n","protected":false},"excerpt":{"rendered":"<table width=\"489\">\n<tbody>\n<tr>\n<td width=\"489\">CEPILLO DE DIENTES 6-36M NENE<\/td>\n<\/tr>\n<\/tbody>\n<\/table>\n","protected":false},"featured_media":4970,"comment_status":"open","ping_status":"closed","template":"","meta":[],"product_brand":[],"product_cat":[209,214,207,216],"product_tag":[],"class_list":{"0":"post-4962","1":"product","2":"type-product","3":"status-publish","4":"has-post-thumbnail","6":"product_cat-accesorios-chicco","7":"product_cat-alimentacion-chicco","8":"product_cat-chicco","9":"product_cat-higiene-bucal","11":"first","12":"outofstock","13":"shipping-taxable","14":"purchasable","15":"product-type-simple"},"_links":{"self":[{"href":"https:\/\/haafer.com\/site\/wp-json\/wp\/v2\/product\/4962","targetHints":{"allow":["GET"]}}],"collection":[{"href":"https:\/\/haafer.com\/site\/wp-json\/wp\/v2\/product"}],"about":[{"href":"https:\/\/haafer.com\/site\/wp-json\/wp\/v2\/types\/product"}],"replies":[{"embeddable":true,"href":"https:\/\/haafer.com\/site\/wp-json\/wp\/v2\/comments?post=4962"}],"wp:featuredmedia":[{"embeddable":true,"href":"https:\/\/haafer.com\/site\/wp-json\/wp\/v2\/media\/4970"}],"wp:attachment":[{"href":"https:\/\/haafer.com\/site\/wp-json\/wp\/v2\/media?parent=4962"}],"wp:term":[{"taxonomy":"product_brand","embeddable":true,"href":"https:\/\/haafer.com\/site\/wp-json\/wp\/v2\/product_brand?post=4962"},{"taxonomy":"product_cat","embeddable":true,"href":"https:\/\/haafer.com\/site\/wp-json\/wp\/v2\/product_cat?post=4962"},{"taxonomy":"product_tag","embeddable":true,"href":"https:\/\/haafer.com\/site\/wp-json\/wp\/v2\/product_tag?post=4962"}],"curies":[{"name":"wp","href":"https:\/\/api.w.org\/{rel}","templated":true}]}}