{"id":4969,"date":"2023-03-23T10:02:00","date_gmt":"2023-03-23T10:02:00","guid":{"rendered":"https:\/\/haafer.com\/site\/?post_type=product&#038;p=4969"},"modified":"2025-06-02T17:56:18","modified_gmt":"2025-06-02T20:56:18","slug":"cepillo-de-dientes-con-tapa-y-sopapa-3-6-anos-nene","status":"publish","type":"product","link":"https:\/\/haafer.com\/site\/producto\/cepillo-de-dientes-con-tapa-y-sopapa-3-6-anos-nene\/","title":{"rendered":"CEPILLO DE DIENTES (con tapa y sopapa) 3-6 A\u00d1OS NENE"},"content":{"rendered":"<p>Cepillo De Dientes con Tapa y Sopapa 3-6 A\u00f1os Chicco<br \/>\nSuaves cerdas de tecnolog\u00eda c\u00f3nica, con puntas ultrafinas para una acci\u00f3n delicada sobre el esmalte y enc\u00edas.<br \/>\nLa cabeza con sensible limpiador de lengua.<br \/>\nEs ergon\u00f3mico y antideslizante.<br \/>\nSu divertido dise\u00f1o y sopapa\/ventosa har\u00e1n que cepillarse los dientes se convierta en una agradable rutina<br \/>\n3-6 a\u00f1os<\/p>\n","protected":false},"excerpt":{"rendered":"<table width=\"489\">\n<tbody>\n<tr>\n<td width=\"489\">CEPILLO DE DIENTES (con tapa y sopapa) 3-6 A\u00d1OS NENE<\/td>\n<\/tr>\n<\/tbody>\n<\/table>\n","protected":false},"featured_media":4963,"comment_status":"open","ping_status":"closed","template":"","meta":[],"product_brand":[],"product_cat":[209,214,207,216],"product_tag":[],"class_list":{"0":"post-4969","1":"product","2":"type-product","3":"status-publish","4":"has-post-thumbnail","6":"product_cat-accesorios-chicco","7":"product_cat-alimentacion-chicco","8":"product_cat-chicco","9":"product_cat-higiene-bucal","11":"first","12":"outofstock","13":"shipping-taxable","14":"purchasable","15":"product-type-simple"},"_links":{"self":[{"href":"https:\/\/haafer.com\/site\/wp-json\/wp\/v2\/product\/4969","targetHints":{"allow":["GET"]}}],"collection":[{"href":"https:\/\/haafer.com\/site\/wp-json\/wp\/v2\/product"}],"about":[{"href":"https:\/\/haafer.com\/site\/wp-json\/wp\/v2\/types\/product"}],"replies":[{"embeddable":true,"href":"https:\/\/haafer.com\/site\/wp-json\/wp\/v2\/comments?post=4969"}],"wp:featuredmedia":[{"embeddable":true,"href":"https:\/\/haafer.com\/site\/wp-json\/wp\/v2\/media\/4963"}],"wp:attachment":[{"href":"https:\/\/haafer.com\/site\/wp-json\/wp\/v2\/media?parent=4969"}],"wp:term":[{"taxonomy":"product_brand","embeddable":true,"href":"https:\/\/haafer.com\/site\/wp-json\/wp\/v2\/product_brand?post=4969"},{"taxonomy":"product_cat","embeddable":true,"href":"https:\/\/haafer.com\/site\/wp-json\/wp\/v2\/product_cat?post=4969"},{"taxonomy":"product_tag","embeddable":true,"href":"https:\/\/haafer.com\/site\/wp-json\/wp\/v2\/product_tag?post=4969"}],"curies":[{"name":"wp","href":"https:\/\/api.w.org\/{rel}","templated":true}]}}