{"id":4972,"date":"2023-03-23T10:06:17","date_gmt":"2023-03-23T13:06:17","guid":{"rendered":"https:\/\/haafer.com\/site\/?post_type=product&#038;p=4972"},"modified":"2025-06-02T17:56:10","modified_gmt":"2025-06-02T20:56:10","slug":"set-cartuchera-contiene-cepillo-y-pasta-dental-nene","status":"publish","type":"product","link":"https:\/\/haafer.com\/site\/producto\/set-cartuchera-contiene-cepillo-y-pasta-dental-nene\/","title":{"rendered":"SET CARTUCHERA (contiene cepillo y pasta dental) NENE"},"content":{"rendered":"<p>Set de higiene oral<br \/>\n12m+<\/p>\n<p>Neceser que incluye pasta y cepillo de dientes<\/p>\n<p>Neceser dental con cepillo y pasta de dientes<br \/>\nUn pr\u00e1ctico set ideal para que los ni\u00f1os mantengan su higiene bucal fuera de casa. Contiene un cepillo de dientes con su capuch\u00f3n y pasta de dientes con fl\u00faor sabor fresa 12+.<\/p>\n<p>CEPILLO DE DIENTES DE 6-36 MESES<\/p>\n<p>-Cerdas muy suaves para no da\u00f1ar el esmalte y las enc\u00edas sensibles<br \/>\n-Cabezal peque\u00f1o,<br \/>\n-Cuello delgado<br \/>\n-Mango ergon\u00f3mico<br \/>\n-Antideslizante<\/p>\n","protected":false},"excerpt":{"rendered":"<table width=\"489\">\n<tbody>\n<tr>\n<td width=\"489\">SET CARTUCHERA (contiene cepillo y pasta dental) NENE<\/td>\n<\/tr>\n<\/tbody>\n<\/table>\n","protected":false},"featured_media":4973,"comment_status":"open","ping_status":"closed","template":"","meta":[],"product_brand":[],"product_cat":[209,214,207,216],"product_tag":[],"class_list":{"0":"post-4972","1":"product","2":"type-product","3":"status-publish","4":"has-post-thumbnail","6":"product_cat-accesorios-chicco","7":"product_cat-alimentacion-chicco","8":"product_cat-chicco","9":"product_cat-higiene-bucal","11":"first","12":"outofstock","13":"shipping-taxable","14":"purchasable","15":"product-type-simple"},"_links":{"self":[{"href":"https:\/\/haafer.com\/site\/wp-json\/wp\/v2\/product\/4972","targetHints":{"allow":["GET"]}}],"collection":[{"href":"https:\/\/haafer.com\/site\/wp-json\/wp\/v2\/product"}],"about":[{"href":"https:\/\/haafer.com\/site\/wp-json\/wp\/v2\/types\/product"}],"replies":[{"embeddable":true,"href":"https:\/\/haafer.com\/site\/wp-json\/wp\/v2\/comments?post=4972"}],"wp:featuredmedia":[{"embeddable":true,"href":"https:\/\/haafer.com\/site\/wp-json\/wp\/v2\/media\/4973"}],"wp:attachment":[{"href":"https:\/\/haafer.com\/site\/wp-json\/wp\/v2\/media?parent=4972"}],"wp:term":[{"taxonomy":"product_brand","embeddable":true,"href":"https:\/\/haafer.com\/site\/wp-json\/wp\/v2\/product_brand?post=4972"},{"taxonomy":"product_cat","embeddable":true,"href":"https:\/\/haafer.com\/site\/wp-json\/wp\/v2\/product_cat?post=4972"},{"taxonomy":"product_tag","embeddable":true,"href":"https:\/\/haafer.com\/site\/wp-json\/wp\/v2\/product_tag?post=4972"}],"curies":[{"name":"wp","href":"https:\/\/api.w.org\/{rel}","templated":true}]}}