{"id":4994,"date":"2023-04-15T11:44:00","date_gmt":"2023-04-15T11:44:00","guid":{"rendered":"https:\/\/haafer.com\/site\/?post_type=product&#038;p=4994"},"modified":"2026-02-14T18:58:29","modified_gmt":"2026-02-14T21:58:29","slug":"aspirador-nasal","status":"publish","type":"product","link":"https:\/\/haafer.com\/site\/producto\/aspirador-nasal\/","title":{"rendered":"ASPIRADOR NASAL"},"content":{"rendered":"<p>La limpieza nasal es importante en los ni\u00f1os peque\u00f1os ya que no pueden soplarse solos la nariz. Una nariz tapada dificulta la lactancia materna y evita que el peque\u00f1o pueda dormir tranquilo, por eso es aconsejable mantener la nariz limpia y libre.<\/p>\n<p>El aspirador nasal de Chicco es \u00fatil para liberar la nariz de los beb\u00e9s contra el exceso de mucosidad de una manera pr\u00e1ctica. El dise\u00f1o ergon\u00f3mico facilita su uso y la boquilla blanda est\u00e1 indicada para adaptarse de forma \u00f3ptima a las delicadas ventanas de la nariz de los ni\u00f1os.<\/p>\n","protected":false},"excerpt":{"rendered":"<p>ASPIRADOR NASAL<\/p>\n","protected":false},"featured_media":4995,"comment_status":"open","ping_status":"closed","template":"","meta":[],"product_brand":[],"product_cat":[209,207,215,217],"product_tag":[],"class_list":{"0":"post-4994","1":"product","2":"type-product","3":"status-publish","4":"has-post-thumbnail","6":"product_cat-accesorios-chicco","7":"product_cat-chicco","8":"product_cat-higiene-chicco","9":"product_cat-seguridad-chicco","11":"first","12":"outofstock","13":"shipping-taxable","14":"purchasable","15":"product-type-simple"},"_links":{"self":[{"href":"https:\/\/haafer.com\/site\/wp-json\/wp\/v2\/product\/4994","targetHints":{"allow":["GET"]}}],"collection":[{"href":"https:\/\/haafer.com\/site\/wp-json\/wp\/v2\/product"}],"about":[{"href":"https:\/\/haafer.com\/site\/wp-json\/wp\/v2\/types\/product"}],"replies":[{"embeddable":true,"href":"https:\/\/haafer.com\/site\/wp-json\/wp\/v2\/comments?post=4994"}],"wp:featuredmedia":[{"embeddable":true,"href":"https:\/\/haafer.com\/site\/wp-json\/wp\/v2\/media\/4995"}],"wp:attachment":[{"href":"https:\/\/haafer.com\/site\/wp-json\/wp\/v2\/media?parent=4994"}],"wp:term":[{"taxonomy":"product_brand","embeddable":true,"href":"https:\/\/haafer.com\/site\/wp-json\/wp\/v2\/product_brand?post=4994"},{"taxonomy":"product_cat","embeddable":true,"href":"https:\/\/haafer.com\/site\/wp-json\/wp\/v2\/product_cat?post=4994"},{"taxonomy":"product_tag","embeddable":true,"href":"https:\/\/haafer.com\/site\/wp-json\/wp\/v2\/product_tag?post=4994"}],"curies":[{"name":"wp","href":"https:\/\/api.w.org\/{rel}","templated":true}]}}