{"id":5101,"date":"2021-09-20T11:25:41","date_gmt":"2021-09-20T14:25:41","guid":{"rendered":"https:\/\/haafer.com\/site\/?post_type=product&#038;p=5101"},"modified":"2026-02-14T20:32:39","modified_gmt":"2026-02-14T23:32:39","slug":"chupetes-mini-soft-nena-x2","status":"publish","type":"product","link":"https:\/\/haafer.com\/site\/producto\/chupetes-mini-soft-nena-x2\/","title":{"rendered":"CHUPETES MINI SOFT NENA x2"},"content":{"rendered":"<p>Chupete Chicco con tetina ortodontica activa que ayuda al correcto desarrollo de la cavidad bucal.<br \/>\nDise\u00f1ado espec\u00edficamente para los beb\u00e9s reci\u00e9n nacidos: m\u00e1s peque\u00f1o y ergon\u00f3mico en su carita.<br \/>\nLas tetinas de silicona son higi\u00e9nicas, no retienen olores y no tienen sabor ni olor. Son recomendadas por su durabilidad.<br \/>\nPresentaci\u00f3n: 2 unidades en estuche esterilizable.<br \/>\nEdad: 0-2m<\/p>\n","protected":false},"excerpt":{"rendered":"<table width=\"489\">\n<tbody>\n<tr>\n<td width=\"489\">CHUPETES MINI SOFT NENA x2<\/td>\n<\/tr>\n<\/tbody>\n<\/table>\n","protected":false},"featured_media":5102,"comment_status":"open","ping_status":"closed","template":"","meta":[],"product_brand":[],"product_cat":[207,211,223],"product_tag":[],"class_list":{"0":"post-5101","1":"product","2":"type-product","3":"status-publish","4":"has-post-thumbnail","6":"product_cat-chicco","7":"product_cat-chupetes-chicco","8":"product_cat-linea-physio-micro","10":"first","11":"instock","12":"shipping-taxable","13":"purchasable","14":"product-type-simple"},"_links":{"self":[{"href":"https:\/\/haafer.com\/site\/wp-json\/wp\/v2\/product\/5101","targetHints":{"allow":["GET"]}}],"collection":[{"href":"https:\/\/haafer.com\/site\/wp-json\/wp\/v2\/product"}],"about":[{"href":"https:\/\/haafer.com\/site\/wp-json\/wp\/v2\/types\/product"}],"replies":[{"embeddable":true,"href":"https:\/\/haafer.com\/site\/wp-json\/wp\/v2\/comments?post=5101"}],"wp:featuredmedia":[{"embeddable":true,"href":"https:\/\/haafer.com\/site\/wp-json\/wp\/v2\/media\/5102"}],"wp:attachment":[{"href":"https:\/\/haafer.com\/site\/wp-json\/wp\/v2\/media?parent=5101"}],"wp:term":[{"taxonomy":"product_brand","embeddable":true,"href":"https:\/\/haafer.com\/site\/wp-json\/wp\/v2\/product_brand?post=5101"},{"taxonomy":"product_cat","embeddable":true,"href":"https:\/\/haafer.com\/site\/wp-json\/wp\/v2\/product_cat?post=5101"},{"taxonomy":"product_tag","embeddable":true,"href":"https:\/\/haafer.com\/site\/wp-json\/wp\/v2\/product_tag?post=5101"}],"curies":[{"name":"wp","href":"https:\/\/api.w.org\/{rel}","templated":true}]}}