{"id":5155,"date":"2023-05-10T14:23:00","date_gmt":"2023-05-10T14:23:00","guid":{"rendered":"https:\/\/haafer.com\/site\/?post_type=product&#038;p=5155"},"modified":"2024-07-30T17:42:54","modified_gmt":"2024-07-30T20:42:54","slug":"vaso-aprendizaje-150-ml-con-crontrol-temperatura-2","status":"publish","type":"product","link":"https:\/\/haafer.com\/site\/producto\/vaso-aprendizaje-150-ml-con-crontrol-temperatura-2\/","title":{"rendered":"Vaso Aprendizaje 150 ml con Crontrol temperatura"},"content":{"rendered":"<p>Vaso Aprendizaje NUK First Choice Colores<br \/>\nPara ni\u00f1os desde los 6 meses<br \/>\nFacilita la transici\u00f3n del pecho o la mamadera al vaso<br \/>\nPico antiderrame de suave silicona con zona blanda integrada<br \/>\nAsas ergon\u00f3micas y antideslizantes para un agarre seguro<br \/>\nHecho de polipropileno (PP), libre de BPA *<br \/>\nCapacidad 150ml<\/p>\n<p>Vaso Aprendizaje NUK First Choice<br \/>\nCuando el beb\u00e9 comienza la alimentaci\u00f3n complementaria el Vaso Aprendizaje NUK First Choice asegura una suave transici\u00f3n del pecho o la mamadera al vaso. El pico NUK First Choice+ de suave silicona es antiderrame. El sistema NUK Air System iguala la presi\u00f3n en el vaso y reduce el riesgo de tragar aire, ayudando a reducir los c\u00f3licos del lactante.<\/p>\n<p>Con pico de silicona de alta calidad<br \/>\nEl pico de silicona NUK est\u00e1 hecho de un material sint\u00e9tico de alta calidad. El material de silicona transparente es f\u00e1cil de limpiar y es extremadamente resistente al calor. Est\u00e1 libre de sustancias nocivas, se puede lavar, es inodoro, transparente y tiene una superficie lisa &#8211; todas las ventajas que son importantes para un pico.<\/p>\n<p>Asimiento firme para las manos peque\u00f1as<br \/>\nLas asas tienen un dise\u00f1o ergon\u00f3mico y cuentan con material antideslizante.<\/p>\n<p>F\u00e1cil de limpiar<br \/>\nEs f\u00e1cil de desmontar y de limpiar. El cuello de la botella extra ancho facilita su llenado<br \/>\nSe puede combinar con todos los accesorios de la l\u00ednea NUK First Choice.<br \/>\nVaso Aprendizaje NUK First Choice \u2013 facilita la transici\u00f3n del pecho o mamadera al vaso.<\/p>\n","protected":false},"excerpt":{"rendered":"<table width=\"312\">\n<tbody>\n<tr>\n<td width=\"312\">Vaso Aprendizaje 150 ml con Crontrol temperatura<\/td>\n<\/tr>\n<\/tbody>\n<\/table>\n","protected":false},"featured_media":5156,"comment_status":"open","ping_status":"closed","template":"","meta":[],"product_brand":[],"product_cat":[102,138,125,139,140],"product_tag":[],"class_list":{"0":"post-5155","1":"product","2":"type-product","3":"status-publish","4":"has-post-thumbnail","6":"product_cat-nuk","7":"product_cat-vaso-aprendizaje-first-choice","8":"product_cat-vasos-nuk","9":"product_cat-vasos-easy-learning","10":"product_cat-vasos-first-choice","12":"first","13":"instock","14":"shipping-taxable","15":"purchasable","16":"product-type-simple"},"_links":{"self":[{"href":"https:\/\/haafer.com\/site\/wp-json\/wp\/v2\/product\/5155","targetHints":{"allow":["GET"]}}],"collection":[{"href":"https:\/\/haafer.com\/site\/wp-json\/wp\/v2\/product"}],"about":[{"href":"https:\/\/haafer.com\/site\/wp-json\/wp\/v2\/types\/product"}],"replies":[{"embeddable":true,"href":"https:\/\/haafer.com\/site\/wp-json\/wp\/v2\/comments?post=5155"}],"wp:featuredmedia":[{"embeddable":true,"href":"https:\/\/haafer.com\/site\/wp-json\/wp\/v2\/media\/5156"}],"wp:attachment":[{"href":"https:\/\/haafer.com\/site\/wp-json\/wp\/v2\/media?parent=5155"}],"wp:term":[{"taxonomy":"product_brand","embeddable":true,"href":"https:\/\/haafer.com\/site\/wp-json\/wp\/v2\/product_brand?post=5155"},{"taxonomy":"product_cat","embeddable":true,"href":"https:\/\/haafer.com\/site\/wp-json\/wp\/v2\/product_cat?post=5155"},{"taxonomy":"product_tag","embeddable":true,"href":"https:\/\/haafer.com\/site\/wp-json\/wp\/v2\/product_tag?post=5155"}],"curies":[{"name":"wp","href":"https:\/\/api.w.org\/{rel}","templated":true}]}}