{"id":5280,"date":"2023-05-26T01:25:15","date_gmt":"2023-05-26T04:25:15","guid":{"rendered":"https:\/\/haafer.com\/site\/?post_type=product&#038;p=5280"},"modified":"2024-12-18T14:32:06","modified_gmt":"2024-12-18T17:32:06","slug":"chupete-soothie-liso-0-6m-nena-x2","status":"publish","type":"product","link":"https:\/\/haafer.com\/site\/producto\/chupete-soothie-liso-0-6m-nena-x2\/","title":{"rendered":"Chupete Soothie Liso 0-6m Nena X2"},"content":{"rendered":"<p>CARACTER\u00cdSTICAS<\/p>\n<p>Descripci\u00f3n<br \/>\nChupete Philips Avent Smoothie Scf099\/22 0-6m x2 Unidades<\/p>\n<p>Silicona flexible de grado m\u00e9dico<br \/>\nDise\u00f1o de silicona de una pieza<br \/>\nEntre 0 y 6 meses<br \/>\nSin BPA<br \/>\nPaquete de 2<\/p>\n<p>Se adapta c\u00f3modamente a las curvas naturales del rostro del beb\u00e9<\/p>\n<p>El chupete Soothie de Philips Avent est\u00e1 dise\u00f1ado en torno a los contornos naturales del rostro de su beb\u00e9. Su protector curvo en forma de coraz\u00f3n no golpear\u00e1 su peque\u00f1a nariz. Fabricado con silicona de uso m\u00e9dico, el chupete Soothie se distribuye en hospitales de toda Europa*<\/p>\n<p>Sigue las curvas del rostro de su beb\u00e9 para una mayor comodidad<\/p>\n<p>El protector especial curvo con forma de coraz\u00f3n est\u00e1 dise\u00f1ado para seguir las curvas naturales del rostro de su beb\u00e9, a fin de proporcionar la m\u00e1xima comodidad sin chocar contra su peque\u00f1a nariz.<\/p>\n<p>Dise\u00f1o de una pieza, fabricado en un 100 % con silicona de uso m\u00e9dico<\/p>\n<p>El chupete Soothie tiene un dise\u00f1o duradero de una pieza y est\u00e1 fabricado en su totalidad con silicona flexible de uso m\u00e9dico. Nuestro equipo de expertos lo cre\u00f3 especialmente para su beb\u00e9 reci\u00e9n nacido de entre 0 y 6 meses<\/p>\n<p>Distribuido por hospitales en toda Europa*<\/p>\n<p>La l\u00ednea de chupetes Soothie de Philips Avent se distribuye en hospitales de toda Europa. Los m\u00e9dicos y el personal de enfermer\u00eda conf\u00edan en estos chupetes para calmar a los reci\u00e9n nacidos.<\/p>\n<p>Tetina anat\u00f3mica<\/p>\n<p>El chupete Soothie apoya el desarrollo bucal natural de su beb\u00e9. Su tetina anat\u00f3mica, de forma sim\u00e9trica, protege el paladar, los dientes y las enc\u00edas de su beb\u00e9.<\/p>\n<p>Dise\u00f1o exclusivo que permite estrechar lazos con su beb\u00e9<\/p>\n<p>Su dise\u00f1o exclusivo permite colocar su dedo en la tetina. Esto le permite fortalecer el v\u00ednculo con su beb\u00e9, ayud\u00e1ndolo a succionar.<\/p>\n<p>Dise\u00f1o que evita que el agua quede atrapada en la tetina<\/p>\n<p>Gracias a su dise\u00f1o sostenible entre los dedos, las gotas de agua no quedan atrapadas en la tetina.<\/p>\n<p>Esterilice y almacene en un estuche pr\u00e1ctico<\/p>\n<p>\u00bfSab\u00eda que el recipiente de transporte Soothie tambi\u00e9n se puede utilizar como esterilizador? Agregue un poco de agua y col\u00f3quelo en el microondas para lograr una higiene adicional*.<\/p>\n","protected":false},"excerpt":{"rendered":"<p>CARACTER\u00cdSTICAS Descripci\u00f3n Chupete Philips Avent Smoothie Scf099\/22 0-6m x2 Unidades Silicona flexible de grado m\u00e9dico Dise\u00f1o de silicona de una<\/p>\n","protected":false},"featured_media":5281,"comment_status":"open","ping_status":"closed","template":"","meta":[],"product_brand":[],"product_cat":[114,113,100],"product_tag":[],"class_list":{"0":"post-5280","1":"product","2":"type-product","3":"status-publish","4":"has-post-thumbnail","6":"product_cat-chupetes","7":"product_cat-chupetes-y-mordillos","8":"product_cat-philips-avent","10":"first","11":"instock","12":"shipping-taxable","13":"purchasable","14":"product-type-simple"},"_links":{"self":[{"href":"https:\/\/haafer.com\/site\/wp-json\/wp\/v2\/product\/5280","targetHints":{"allow":["GET"]}}],"collection":[{"href":"https:\/\/haafer.com\/site\/wp-json\/wp\/v2\/product"}],"about":[{"href":"https:\/\/haafer.com\/site\/wp-json\/wp\/v2\/types\/product"}],"replies":[{"embeddable":true,"href":"https:\/\/haafer.com\/site\/wp-json\/wp\/v2\/comments?post=5280"}],"wp:featuredmedia":[{"embeddable":true,"href":"https:\/\/haafer.com\/site\/wp-json\/wp\/v2\/media\/5281"}],"wp:attachment":[{"href":"https:\/\/haafer.com\/site\/wp-json\/wp\/v2\/media?parent=5280"}],"wp:term":[{"taxonomy":"product_brand","embeddable":true,"href":"https:\/\/haafer.com\/site\/wp-json\/wp\/v2\/product_brand?post=5280"},{"taxonomy":"product_cat","embeddable":true,"href":"https:\/\/haafer.com\/site\/wp-json\/wp\/v2\/product_cat?post=5280"},{"taxonomy":"product_tag","embeddable":true,"href":"https:\/\/haafer.com\/site\/wp-json\/wp\/v2\/product_tag?post=5280"}],"curies":[{"name":"wp","href":"https:\/\/api.w.org\/{rel}","templated":true}]}}