{"id":5284,"date":"2023-05-26T20:54:19","date_gmt":"2023-05-26T23:54:19","guid":{"rendered":"https:\/\/haafer.com\/site\/?post_type=product&#038;p=5284"},"modified":"2025-03-30T18:25:19","modified_gmt":"2025-03-30T21:25:19","slug":"chupete-ultra-air-animals-0-6m-nena-x1","status":"publish","type":"product","link":"https:\/\/haafer.com\/site\/producto\/chupete-ultra-air-animals-0-6m-nena-x1\/","title":{"rendered":"Chupete Ultra Air Animals 0-6m Nena X1"},"content":{"rendered":"<p>CARACTER\u00cdSTICAS<\/p>\n<p>Tranquilice a su beb\u00e9 con un chupete que permite que su piel respire. La colecci\u00f3n ultra air de Philips Avent tiene orificios de gran tama\u00f1o para mantener la piel seca. Su cubierta liviana est\u00e1 dise\u00f1ada para un flujo m\u00e1ximo de aire. Est\u00e1 disponible en varios colores y dise\u00f1os.<\/p>\n<p>Un chupete liviano que favorece la respiraci\u00f3n<\/p>\n<p>Los orificios de ventilaci\u00f3n de gran tama\u00f1o permiten que la piel respire<\/p>\n<p>Permite que la piel de su beb\u00e9 respire<br \/>\nEntre 0 y 6 meses<br \/>\nAnat\u00f3micos y sin BPA<br \/>\nPaquete de 1<\/p>\n<p>Deja que la piel respire<\/p>\n<p>Los orificios de aire extra grandes ventilan suavemente la piel del beb\u00e9 y la mantienen suave y seca.<\/p>\n<p>Deja que la piel respire<\/p>\n<p>Colores y dise\u00f1os modernos<\/p>\n<p>La colecci\u00f3n ultra air siempre est\u00e1 a la moda. Sus dise\u00f1os brillantes y coloridos le permiten a usted y a su beb\u00e9 divertirse probando los estilos m\u00e1s recientes.<\/p>\n<p>Colores y dise\u00f1os modernos<\/p>\n<p>La textura ideal para una sensaci\u00f3n de comodidad<\/p>\n<p>El chupete ultra air est\u00e1 dise\u00f1ado para que se sienta ligero y c\u00f3modo, incluida su tetina sedosa.<\/p>\n","protected":false},"excerpt":{"rendered":"<p>CARACTER\u00cdSTICAS Tranquilice a su beb\u00e9 con un chupete que permite que su piel respire. La colecci\u00f3n ultra air de Philips<\/p>\n","protected":false},"featured_media":5288,"comment_status":"open","ping_status":"closed","template":"","meta":[],"product_brand":[],"product_cat":[114,113,100],"product_tag":[],"class_list":{"0":"post-5284","1":"product","2":"type-product","3":"status-publish","4":"has-post-thumbnail","6":"product_cat-chupetes","7":"product_cat-chupetes-y-mordillos","8":"product_cat-philips-avent","10":"first","11":"outofstock","12":"shipping-taxable","13":"purchasable","14":"product-type-simple"},"_links":{"self":[{"href":"https:\/\/haafer.com\/site\/wp-json\/wp\/v2\/product\/5284","targetHints":{"allow":["GET"]}}],"collection":[{"href":"https:\/\/haafer.com\/site\/wp-json\/wp\/v2\/product"}],"about":[{"href":"https:\/\/haafer.com\/site\/wp-json\/wp\/v2\/types\/product"}],"replies":[{"embeddable":true,"href":"https:\/\/haafer.com\/site\/wp-json\/wp\/v2\/comments?post=5284"}],"wp:featuredmedia":[{"embeddable":true,"href":"https:\/\/haafer.com\/site\/wp-json\/wp\/v2\/media\/5288"}],"wp:attachment":[{"href":"https:\/\/haafer.com\/site\/wp-json\/wp\/v2\/media?parent=5284"}],"wp:term":[{"taxonomy":"product_brand","embeddable":true,"href":"https:\/\/haafer.com\/site\/wp-json\/wp\/v2\/product_brand?post=5284"},{"taxonomy":"product_cat","embeddable":true,"href":"https:\/\/haafer.com\/site\/wp-json\/wp\/v2\/product_cat?post=5284"},{"taxonomy":"product_tag","embeddable":true,"href":"https:\/\/haafer.com\/site\/wp-json\/wp\/v2\/product_tag?post=5284"}],"curies":[{"name":"wp","href":"https:\/\/api.w.org\/{rel}","templated":true}]}}