{"id":5289,"date":"2023-05-26T21:02:25","date_gmt":"2023-05-27T00:02:25","guid":{"rendered":"https:\/\/haafer.com\/site\/?post_type=product&#038;p=5289"},"modified":"2025-03-30T18:24:49","modified_gmt":"2025-03-30T21:24:49","slug":"chupete-ultra-air-animals-6-18m-nene-x1","status":"publish","type":"product","link":"https:\/\/haafer.com\/site\/producto\/chupete-ultra-air-animals-6-18m-nene-x1\/","title":{"rendered":"Chupete Ultra Air Animals 6-18m Nene X1"},"content":{"rendered":"<p>Protector suave y flexible para reducir las marcas y la irritaci\u00f3n en la piel<br \/>\nLa piel delicada necesita cuidado adicional. Nuestra tecnolog\u00eda FlexiFit permite que este protector siga las curvas naturales del rostro del beb\u00e9 para lograr un ajuste c\u00f3modo. Su beb\u00e9 tendr\u00e1 menos marcas e irritaci\u00f3n en la piel.<br \/>\nProtector redondeado que brinda m\u00e1s comodidad todos los d\u00edas<br \/>\nNuestro protector redondeado disminuye la presi\u00f3n y brinda un efecto tranquilizante y c\u00f3modo, que se siente suave en las mejillas de su beb\u00e9.<br \/>\nEl 98% de los beb\u00e9s aceptan tetinas de silicona de textura suave<br \/>\nLos beb\u00e9s saben lo que les gusta. Les preguntamos a las mam\u00e1s c\u00f3mo respondieron sus beb\u00e9s a nuestras tetinas de silicona con textura y el 98% se\u00f1al\u00f3 que sus beb\u00e9s aceptaron los chupetes ultra soft Philips Avent.<br \/>\nTetina suave con textura para confortar de forma suave<br \/>\nLa tetina de silicona con textura sedosa de este chupete tranquiliza y calma al beb\u00e9.<br \/>\nDise\u00f1ado para un desarrollo bucal natural<br \/>\nNuestra tetina de silicona flexible tiene una forma sim\u00e9trica que protege el paladar, los dientes y las enc\u00edas de su beb\u00e9 seg\u00fan vaya creciendo.\t<\/p>\n","protected":false},"excerpt":{"rendered":"<p>Protector suave y flexible para reducir las marcas y la irritaci\u00f3n en la piel La piel delicada necesita cuidado adicional.<\/p>\n","protected":false},"featured_media":5290,"comment_status":"open","ping_status":"closed","template":"","meta":[],"product_brand":[],"product_cat":[114,113,100],"product_tag":[],"class_list":{"0":"post-5289","1":"product","2":"type-product","3":"status-publish","4":"has-post-thumbnail","6":"product_cat-chupetes","7":"product_cat-chupetes-y-mordillos","8":"product_cat-philips-avent","10":"first","11":"outofstock","12":"shipping-taxable","13":"purchasable","14":"product-type-simple"},"_links":{"self":[{"href":"https:\/\/haafer.com\/site\/wp-json\/wp\/v2\/product\/5289","targetHints":{"allow":["GET"]}}],"collection":[{"href":"https:\/\/haafer.com\/site\/wp-json\/wp\/v2\/product"}],"about":[{"href":"https:\/\/haafer.com\/site\/wp-json\/wp\/v2\/types\/product"}],"replies":[{"embeddable":true,"href":"https:\/\/haafer.com\/site\/wp-json\/wp\/v2\/comments?post=5289"}],"wp:featuredmedia":[{"embeddable":true,"href":"https:\/\/haafer.com\/site\/wp-json\/wp\/v2\/media\/5290"}],"wp:attachment":[{"href":"https:\/\/haafer.com\/site\/wp-json\/wp\/v2\/media?parent=5289"}],"wp:term":[{"taxonomy":"product_brand","embeddable":true,"href":"https:\/\/haafer.com\/site\/wp-json\/wp\/v2\/product_brand?post=5289"},{"taxonomy":"product_cat","embeddable":true,"href":"https:\/\/haafer.com\/site\/wp-json\/wp\/v2\/product_cat?post=5289"},{"taxonomy":"product_tag","embeddable":true,"href":"https:\/\/haafer.com\/site\/wp-json\/wp\/v2\/product_tag?post=5289"}],"curies":[{"name":"wp","href":"https:\/\/api.w.org\/{rel}","templated":true}]}}