{"id":5295,"date":"2023-05-26T21:43:00","date_gmt":"2023-05-27T00:43:00","guid":{"rendered":"https:\/\/haafer.com\/site\/?post_type=product&#038;p=5295"},"modified":"2025-03-30T18:23:30","modified_gmt":"2025-03-30T21:23:30","slug":"chupete-ultra-air-liso-0-6m-x2","status":"publish","type":"product","link":"https:\/\/haafer.com\/site\/producto\/chupete-ultra-air-liso-0-6m-x2\/","title":{"rendered":"Chupete Ultra Air Liso 0-6m X2"},"content":{"rendered":"<p>Set de 2 Chupetes Avent Ultra Air 0-6 meses lisos unisex.<\/p>\n<p>Los beneficios de un Chupete Avent Ultra Air<\/p>\n<p>\u2013 Los orificios de ventilaci\u00f3n de gran tama\u00f1o permiten que la piel respire<br \/>\n\u2013 Permite que la piel de su beb\u00e9 respire<br \/>\n\u2013 Entre 0 y 6 meses<br \/>\n\u2013 Anat\u00f3micos y sin BPA<br \/>\n\u2013Paquete de 2 unidades<br \/>\n\u2013 Un chupete liviano que favorece la respiraci\u00f3n<br \/>\nTranquilice a su beb\u00e9 con un chupete que permite que su piel respire. La colecci\u00f3n ultra air de Philips Avent tiene orificios de gran tama\u00f1o para mantener la piel seca. Su cubierta liviana est\u00e1 dise\u00f1ada para un flujo m\u00e1ximo de aire. Est\u00e1 disponible en varios colores y dise\u00f1os.<br \/>\nLos orificios de aire extra grandes ventilan suavemente la piel del beb\u00e9 y la mantienen suave y seca.<br \/>\nColores y dise\u00f1os modernos<br \/>\nLa colecci\u00f3n ultra air siempre est\u00e1 a la moda. Sus dise\u00f1os brillantes y coloridos le permiten a usted y a su beb\u00e9 divertirse probando los estilos m\u00e1s recientes.<br \/>\nLa textura ideal para una sensaci\u00f3n de comodidad<br \/>\nEl chupete ultra air est\u00e1 dise\u00f1ado para que se sienta ligero y c\u00f3modo, incluida su tetina sedosa.<br \/>\nRespeta la forma natural del paladar, los dientes y las enc\u00edas<br \/>\nCuida el desarrollo bucal de tu peque\u00f1o con una tetina sim\u00e9trica que respeta la forma natural del paladar, los dientes y las enc\u00edas.<br \/>\nEsterilice y almacene en un estuche pr\u00e1ctico<br \/>\nEl estuche de transporte de ultra air tambi\u00e9n es un esterilizador: todo lo que debe hacer es a\u00f1adir un poco de agua y colocarlo en el microondas. Tenga la tranquilidad de saber que est\u00e1 limpio para el pr\u00f3ximo uso.<\/p>\n","protected":false},"excerpt":{"rendered":"<p>Set de 2 Chupetes Avent Ultra Air 0-6 meses lisos unisex. Los beneficios de un Chupete Avent Ultra Air \u2013<\/p>\n","protected":false},"featured_media":5296,"comment_status":"open","ping_status":"closed","template":"","meta":[],"product_brand":[],"product_cat":[114,113,100],"product_tag":[],"class_list":{"0":"post-5295","1":"product","2":"type-product","3":"status-publish","4":"has-post-thumbnail","6":"product_cat-chupetes","7":"product_cat-chupetes-y-mordillos","8":"product_cat-philips-avent","10":"first","11":"outofstock","12":"shipping-taxable","13":"purchasable","14":"product-type-simple"},"_links":{"self":[{"href":"https:\/\/haafer.com\/site\/wp-json\/wp\/v2\/product\/5295","targetHints":{"allow":["GET"]}}],"collection":[{"href":"https:\/\/haafer.com\/site\/wp-json\/wp\/v2\/product"}],"about":[{"href":"https:\/\/haafer.com\/site\/wp-json\/wp\/v2\/types\/product"}],"replies":[{"embeddable":true,"href":"https:\/\/haafer.com\/site\/wp-json\/wp\/v2\/comments?post=5295"}],"wp:featuredmedia":[{"embeddable":true,"href":"https:\/\/haafer.com\/site\/wp-json\/wp\/v2\/media\/5296"}],"wp:attachment":[{"href":"https:\/\/haafer.com\/site\/wp-json\/wp\/v2\/media?parent=5295"}],"wp:term":[{"taxonomy":"product_brand","embeddable":true,"href":"https:\/\/haafer.com\/site\/wp-json\/wp\/v2\/product_brand?post=5295"},{"taxonomy":"product_cat","embeddable":true,"href":"https:\/\/haafer.com\/site\/wp-json\/wp\/v2\/product_cat?post=5295"},{"taxonomy":"product_tag","embeddable":true,"href":"https:\/\/haafer.com\/site\/wp-json\/wp\/v2\/product_tag?post=5295"}],"curies":[{"name":"wp","href":"https:\/\/api.w.org\/{rel}","templated":true}]}}