{"id":5299,"date":"2023-05-26T21:50:32","date_gmt":"2023-05-27T00:50:32","guid":{"rendered":"https:\/\/haafer.com\/site\/?post_type=product&#038;p=5299"},"modified":"2025-11-22T10:29:22","modified_gmt":"2025-11-22T13:29:22","slug":"chupete-ultra-air-liso-6-18m-x2","status":"publish","type":"product","link":"https:\/\/haafer.com\/site\/producto\/chupete-ultra-air-liso-6-18m-x2\/","title":{"rendered":"Chupete Ultra Air Liso 6-18m X2"},"content":{"rendered":"<p>Tranquilice a su beb\u00e9 con un chupete que permite que su piel respire. La colecci\u00f3n ultra air de Philips Avent tiene orificios de gran tama\u00f1o para mantener la piel seca. Su cubierta liviana est\u00e1 dise\u00f1ada para un flujo m\u00e1ximo de aire. Est\u00e1 disponible en varios colores y dise\u00f1os. Los orificios de aire extra grandes ventilan suavemente la piel del beb\u00e9 y la mantienen suave y seca. El estuche de transporte de ultra air tambi\u00e9n es un esterilizador: todo lo que debe hacer es a\u00f1adir un poco de agua y colocarlo en el microondas. Tenga la tranquilidad de saber que est\u00e1 limpio para el pr\u00f3ximo uso. El chupete ultra air est\u00e1 dise\u00f1ado para que se sienta ligero y c\u00f3modo, incluida su tetina sedosa. Preguntamos a las mam\u00e1s c\u00f3mo respond\u00edan sus peque\u00f1os a nuestras tetinas de silicona texturizada, y, en promedio, un 98 % afirm\u00f3 que su beb\u00e9 acepta los chupetes ultra soft y ultra air de Philips Avent Cuida el desarrollo bucal de tu peque\u00f1o con una tetina sim\u00e9trica que respeta la forma natural del paladar, los dientes y las enc\u00edas.<\/p>\n<p>Permite que la piel de su beb\u00e9 respire<br \/>\nAnat\u00f3micos y sin BPA<br \/>\nEntre 6 y 18 meses<br \/>\nPaquete de 2<\/p>\n","protected":false},"excerpt":{"rendered":"<p>Tranquilice a su beb\u00e9 con un chupete que permite que su piel respire. La colecci\u00f3n ultra air de Philips Avent<\/p>\n","protected":false},"featured_media":5296,"comment_status":"open","ping_status":"closed","template":"","meta":[],"product_brand":[],"product_cat":[114,113,100],"product_tag":[],"class_list":{"0":"post-5299","1":"product","2":"type-product","3":"status-publish","4":"has-post-thumbnail","6":"product_cat-chupetes","7":"product_cat-chupetes-y-mordillos","8":"product_cat-philips-avent","10":"first","11":"instock","12":"sale","13":"shipping-taxable","14":"purchasable","15":"product-type-simple"},"_links":{"self":[{"href":"https:\/\/haafer.com\/site\/wp-json\/wp\/v2\/product\/5299","targetHints":{"allow":["GET"]}}],"collection":[{"href":"https:\/\/haafer.com\/site\/wp-json\/wp\/v2\/product"}],"about":[{"href":"https:\/\/haafer.com\/site\/wp-json\/wp\/v2\/types\/product"}],"replies":[{"embeddable":true,"href":"https:\/\/haafer.com\/site\/wp-json\/wp\/v2\/comments?post=5299"}],"wp:featuredmedia":[{"embeddable":true,"href":"https:\/\/haafer.com\/site\/wp-json\/wp\/v2\/media\/5296"}],"wp:attachment":[{"href":"https:\/\/haafer.com\/site\/wp-json\/wp\/v2\/media?parent=5299"}],"wp:term":[{"taxonomy":"product_brand","embeddable":true,"href":"https:\/\/haafer.com\/site\/wp-json\/wp\/v2\/product_brand?post=5299"},{"taxonomy":"product_cat","embeddable":true,"href":"https:\/\/haafer.com\/site\/wp-json\/wp\/v2\/product_cat?post=5299"},{"taxonomy":"product_tag","embeddable":true,"href":"https:\/\/haafer.com\/site\/wp-json\/wp\/v2\/product_tag?post=5299"}],"curies":[{"name":"wp","href":"https:\/\/api.w.org\/{rel}","templated":true}]}}