{"id":5314,"date":"2023-05-26T22:16:01","date_gmt":"2023-05-27T01:16:01","guid":{"rendered":"https:\/\/haafer.com\/site\/?post_type=product&#038;p=5314"},"modified":"2025-03-30T18:18:21","modified_gmt":"2025-03-30T21:18:21","slug":"chupete-ultra-soft-0-6-meses-4","status":"publish","type":"product","link":"https:\/\/haafer.com\/site\/producto\/chupete-ultra-soft-0-6-meses-4\/","title":{"rendered":"Chupete Ultra Soft 0-6 meses"},"content":{"rendered":"<p>El chupete m\u00e1s suave para la piel sensible de tu beb\u00e9.<\/p>\n<p>Suave y flexible para reducir las marcas y la irritaci\u00f3n en la piel | Tecnolog\u00eda de protecci\u00f3n que permite que el chupete siga las curvas naturales del rostro del beb\u00e9 para lograr un ajuste c\u00f3modo | Estuche pr\u00e1ctico para f\u00e1cil esterilizaci\u00f3n y almacenamiento | Protector redondeado que disminuye la presi\u00f3n y ofrece un efecto tranquilizante y c\u00f3modo | Desarrollo bucal saludable: tetina sim\u00e9trica que respeta la forma natural del paladar, los dientes y las enc\u00edas | Tetina de silicona suave y texturizada que tranquiliza y reconforta al beb\u00e9 | Origen: Holanda.<\/p>\n","protected":false},"excerpt":{"rendered":"<p>El chupete m\u00e1s suave para la piel sensible de tu beb\u00e9. Suave y flexible para reducir las marcas y la<\/p>\n","protected":false},"featured_media":5315,"comment_status":"open","ping_status":"closed","template":"","meta":[],"product_brand":[],"product_cat":[114,113,100],"product_tag":[],"class_list":{"0":"post-5314","1":"product","2":"type-product","3":"status-publish","4":"has-post-thumbnail","6":"product_cat-chupetes","7":"product_cat-chupetes-y-mordillos","8":"product_cat-philips-avent","10":"first","11":"outofstock","12":"shipping-taxable","13":"purchasable","14":"product-type-simple"},"_links":{"self":[{"href":"https:\/\/haafer.com\/site\/wp-json\/wp\/v2\/product\/5314","targetHints":{"allow":["GET"]}}],"collection":[{"href":"https:\/\/haafer.com\/site\/wp-json\/wp\/v2\/product"}],"about":[{"href":"https:\/\/haafer.com\/site\/wp-json\/wp\/v2\/types\/product"}],"replies":[{"embeddable":true,"href":"https:\/\/haafer.com\/site\/wp-json\/wp\/v2\/comments?post=5314"}],"wp:featuredmedia":[{"embeddable":true,"href":"https:\/\/haafer.com\/site\/wp-json\/wp\/v2\/media\/5315"}],"wp:attachment":[{"href":"https:\/\/haafer.com\/site\/wp-json\/wp\/v2\/media?parent=5314"}],"wp:term":[{"taxonomy":"product_brand","embeddable":true,"href":"https:\/\/haafer.com\/site\/wp-json\/wp\/v2\/product_brand?post=5314"},{"taxonomy":"product_cat","embeddable":true,"href":"https:\/\/haafer.com\/site\/wp-json\/wp\/v2\/product_cat?post=5314"},{"taxonomy":"product_tag","embeddable":true,"href":"https:\/\/haafer.com\/site\/wp-json\/wp\/v2\/product_tag?post=5314"}],"curies":[{"name":"wp","href":"https:\/\/api.w.org\/{rel}","templated":true}]}}