{"id":5327,"date":"2023-05-26T22:35:21","date_gmt":"2023-05-27T01:35:21","guid":{"rendered":"https:\/\/haafer.com\/site\/?post_type=product&#038;p=5327"},"modified":"2025-03-30T18:17:52","modified_gmt":"2025-03-30T21:17:52","slug":"chupete-ultra-air-animals-0-6-meses","status":"publish","type":"product","link":"https:\/\/haafer.com\/site\/producto\/chupete-ultra-air-animals-0-6-meses\/","title":{"rendered":"Chupete Ultra Air Animals 0-6 meses"},"content":{"rendered":"<p>Un chupete liviano que favorece la respiraci\u00f3n.<\/p>\n<p>Orificios de ventilaci\u00f3n de gran tama\u00f1o, permiten que la piel del beb\u00e9 respire | Cubierta liviana dise\u00f1ada para un flujo m\u00e1ximo de aire | Textura ideal para una sensaci\u00f3n de comodidad | Respeta la forma natural del paladar, los dientes y las enc\u00edas | Disponible en varios colores y dise\u00f1os | Incluye estuche para esterilizar y almacenar | Origen: Holanda.<\/p>\n","protected":false},"excerpt":{"rendered":"<p>Permita que la piel del peque\u00f1o respire con el chupete Philips Avent Ultra Air. Con 4 orificios de aireaci\u00f3n extragrandes, el escudo ligero se dise\u00f1\u00f3 para brindar el m\u00e1ximo flujo de aire, por lo que la piel sensible del beb\u00e9 se mantiene seca y aliviada.<\/p>\n","protected":false},"featured_media":5328,"comment_status":"open","ping_status":"closed","template":"","meta":[],"product_brand":[],"product_cat":[114,113,100],"product_tag":[],"class_list":{"0":"post-5327","1":"product","2":"type-product","3":"status-publish","4":"has-post-thumbnail","6":"product_cat-chupetes","7":"product_cat-chupetes-y-mordillos","8":"product_cat-philips-avent","10":"first","11":"outofstock","12":"shipping-taxable","13":"purchasable","14":"product-type-simple"},"_links":{"self":[{"href":"https:\/\/haafer.com\/site\/wp-json\/wp\/v2\/product\/5327","targetHints":{"allow":["GET"]}}],"collection":[{"href":"https:\/\/haafer.com\/site\/wp-json\/wp\/v2\/product"}],"about":[{"href":"https:\/\/haafer.com\/site\/wp-json\/wp\/v2\/types\/product"}],"replies":[{"embeddable":true,"href":"https:\/\/haafer.com\/site\/wp-json\/wp\/v2\/comments?post=5327"}],"wp:featuredmedia":[{"embeddable":true,"href":"https:\/\/haafer.com\/site\/wp-json\/wp\/v2\/media\/5328"}],"wp:attachment":[{"href":"https:\/\/haafer.com\/site\/wp-json\/wp\/v2\/media?parent=5327"}],"wp:term":[{"taxonomy":"product_brand","embeddable":true,"href":"https:\/\/haafer.com\/site\/wp-json\/wp\/v2\/product_brand?post=5327"},{"taxonomy":"product_cat","embeddable":true,"href":"https:\/\/haafer.com\/site\/wp-json\/wp\/v2\/product_cat?post=5327"},{"taxonomy":"product_tag","embeddable":true,"href":"https:\/\/haafer.com\/site\/wp-json\/wp\/v2\/product_tag?post=5327"}],"curies":[{"name":"wp","href":"https:\/\/api.w.org\/{rel}","templated":true}]}}