{"id":5350,"date":"2023-05-26T22:55:18","date_gmt":"2023-05-27T01:55:18","guid":{"rendered":"https:\/\/haafer.com\/site\/?post_type=product&#038;p=5350"},"modified":"2024-07-19T14:58:57","modified_gmt":"2024-07-19T17:58:57","slug":"tetina-anticolicos-de-flujo-para-recien-nacidos-0m","status":"publish","type":"product","link":"https:\/\/haafer.com\/site\/producto\/tetina-anticolicos-de-flujo-para-recien-nacidos-0m\/","title":{"rendered":"Tetina Antic\u00f3licos de flujo para reci\u00e9n nacidos &#8211; 0m+"},"content":{"rendered":"<p>Clinicamente comprobado que reduce los c\u00f3licos y los malestares*<\/p>\n<p>Tetina con v\u00e1lvula antic\u00f3licos dise\u00f1ada para mantener el aire lejos de la pancita del beb\u00e9, reduciendo los c\u00f3licos y el malestar | 60% menos malestar durante la noche* | Textura acanalada que evita la contracci\u00f3n para permitir una alimentaci\u00f3n ininterrumpida | El dise\u00f1o de la tetina permite una sujeci\u00f3n segura | 0% BPA | Compatible desde la lactancia materna natural hasta el uso de vaso | Disponible con diferentes niveles de flujo | Origen: Brasil.<\/p>\n<p>* Los beb\u00e9s de dos semanas alimentados con mamaderas Philips Avent presentaron menos c\u00f3licos y una reducci\u00f3n significativa de la irritabilidad durante la noche que aquellos alimentados con mamaderas de otras marcas.<\/p>\n","protected":false},"excerpt":{"rendered":"<p>Permita que la piel del peque\u00f1o respire con el chupete Philips Avent Ultra Air. Con 4 orificios de aireaci\u00f3n extragrandes, el escudo ligero se dise\u00f1\u00f3 para brindar el m\u00e1ximo flujo de aire, por lo que la piel sensible del beb\u00e9 se mantiene seca y aliviada.<\/p>\n","protected":false},"featured_media":5351,"comment_status":"open","ping_status":"closed","template":"","meta":[],"product_brand":[],"product_cat":[60,100,73],"product_tag":[],"class_list":{"0":"post-5350","1":"product","2":"type-product","3":"status-publish","4":"has-post-thumbnail","6":"product_cat-mamaderas-tetinas","7":"product_cat-philips-avent","8":"product_cat-tetinas-para-mamaderas","10":"first","11":"instock","12":"shipping-taxable","13":"purchasable","14":"product-type-simple"},"_links":{"self":[{"href":"https:\/\/haafer.com\/site\/wp-json\/wp\/v2\/product\/5350","targetHints":{"allow":["GET"]}}],"collection":[{"href":"https:\/\/haafer.com\/site\/wp-json\/wp\/v2\/product"}],"about":[{"href":"https:\/\/haafer.com\/site\/wp-json\/wp\/v2\/types\/product"}],"replies":[{"embeddable":true,"href":"https:\/\/haafer.com\/site\/wp-json\/wp\/v2\/comments?post=5350"}],"wp:featuredmedia":[{"embeddable":true,"href":"https:\/\/haafer.com\/site\/wp-json\/wp\/v2\/media\/5351"}],"wp:attachment":[{"href":"https:\/\/haafer.com\/site\/wp-json\/wp\/v2\/media?parent=5350"}],"wp:term":[{"taxonomy":"product_brand","embeddable":true,"href":"https:\/\/haafer.com\/site\/wp-json\/wp\/v2\/product_brand?post=5350"},{"taxonomy":"product_cat","embeddable":true,"href":"https:\/\/haafer.com\/site\/wp-json\/wp\/v2\/product_cat?post=5350"},{"taxonomy":"product_tag","embeddable":true,"href":"https:\/\/haafer.com\/site\/wp-json\/wp\/v2\/product_tag?post=5350"}],"curies":[{"name":"wp","href":"https:\/\/api.w.org\/{rel}","templated":true}]}}