{"id":5361,"date":"2023-05-26T23:10:17","date_gmt":"2023-05-27T02:10:17","guid":{"rendered":"https:\/\/haafer.com\/site\/?post_type=product&#038;p=5361"},"modified":"2026-02-14T18:54:48","modified_gmt":"2026-02-14T21:54:48","slug":"set-de-manicura-alicate-tijera-lima-pinza-panda-chicco","status":"publish","type":"product","link":"https:\/\/haafer.com\/site\/producto\/set-de-manicura-alicate-tijera-lima-pinza-panda-chicco\/","title":{"rendered":"Set De Manicura Alicate &#8211; Tijera &#8211; Lima &#8211; Pinza Panda Chicco"},"content":{"rendered":"<p>Set De Manicura Alicate &#8211; Tijera &#8211; Lima &#8211; Pinza Panda Chicco<br \/>\nDescripci\u00f3n:<\/p>\n<p>Todo lo necesario para cuidar las manos y u\u00f1as de tu beb\u00e9<br \/>\nEl peque\u00f1o neceser contiene cuatro diferentes accesorios dise\u00f1ados espec\u00edficamente para las manos del bebe<br \/>\nTijeras para el reci\u00e9n nacido con hojas curvadas, puntas redondeadas y tapa protectora.<br \/>\nDos limas de u\u00f1as dise\u00f1adas para reci\u00e9n nacidos.<br \/>\nAlicate con un extremo redondeado y agarre antideslizante, para una m\u00e1xima seguridad.<br \/>\nPinza para u\u00f1as<\/p>\n","protected":false},"excerpt":{"rendered":"<p>Set De Manicura Alicate &#8211; Tijera &#8211; Lima &#8211; Pinza Panda Chicco Descripci\u00f3n: Todo lo necesario para cuidar las manos<\/p>\n","protected":false},"featured_media":5362,"comment_status":"open","ping_status":"closed","template":"","meta":[],"product_brand":[],"product_cat":[209,207],"product_tag":[],"class_list":{"0":"post-5361","1":"product","2":"type-product","3":"status-publish","4":"has-post-thumbnail","6":"product_cat-accesorios-chicco","7":"product_cat-chicco","9":"first","10":"instock","11":"shipping-taxable","12":"purchasable","13":"product-type-simple"},"_links":{"self":[{"href":"https:\/\/haafer.com\/site\/wp-json\/wp\/v2\/product\/5361","targetHints":{"allow":["GET"]}}],"collection":[{"href":"https:\/\/haafer.com\/site\/wp-json\/wp\/v2\/product"}],"about":[{"href":"https:\/\/haafer.com\/site\/wp-json\/wp\/v2\/types\/product"}],"replies":[{"embeddable":true,"href":"https:\/\/haafer.com\/site\/wp-json\/wp\/v2\/comments?post=5361"}],"wp:featuredmedia":[{"embeddable":true,"href":"https:\/\/haafer.com\/site\/wp-json\/wp\/v2\/media\/5362"}],"wp:attachment":[{"href":"https:\/\/haafer.com\/site\/wp-json\/wp\/v2\/media?parent=5361"}],"wp:term":[{"taxonomy":"product_brand","embeddable":true,"href":"https:\/\/haafer.com\/site\/wp-json\/wp\/v2\/product_brand?post=5361"},{"taxonomy":"product_cat","embeddable":true,"href":"https:\/\/haafer.com\/site\/wp-json\/wp\/v2\/product_cat?post=5361"},{"taxonomy":"product_tag","embeddable":true,"href":"https:\/\/haafer.com\/site\/wp-json\/wp\/v2\/product_tag?post=5361"}],"curies":[{"name":"wp","href":"https:\/\/api.w.org\/{rel}","templated":true}]}}