{"id":5368,"date":"2023-05-26T23:43:09","date_gmt":"2023-05-27T02:43:09","guid":{"rendered":"https:\/\/haafer.com\/site\/?post_type=product&#038;p=5368"},"modified":"2026-02-14T18:54:11","modified_gmt":"2026-02-14T21:54:11","slug":"chupete-chicco-physio-forma-soft-6-16-meses-latex-unisex-copia","status":"publish","type":"product","link":"https:\/\/haafer.com\/site\/producto\/chupete-chicco-physio-forma-soft-6-16-meses-latex-unisex-copia\/","title":{"rendered":"Chupete Chicco Physio Forma Soft 6-16 meses Latex Unisex (copia)"},"content":{"rendered":"<p>\u2013 1 chupete Ultra suave y flexible. Anat\u00f3mico y sin BPA. Liso en colores delicados ideal para beb\u00e9s de 16 meses hasta 36 meses.<\/p>\n<p>Los beneficios de un Chicco PHYSIO SOFT LATEX<\/p>\n<p>TECNOLOG\u00cdA PHYSIOFORMA: la innovadora tetina de los chupetes Chicco se adapta a las funciones fisiol\u00f3gicas de la lengua, favorece activamente el correcto desarrollo de la boca y facilita la respiraci\u00f3n del beb\u00e9.<br \/>\nDE UNA SOLA PIEZA: los chupetes Physio Soft de Chicco est\u00e1n formados de una sola pieza, sin escudo r\u00edgido, que proporciona un acabado suave y delicado con la piel del beb\u00e9 y tambi\u00e9n se pueden usar a la hora de dormir porque no deja marcas del escudo en la cara del ni\u00f1o.<br \/>\nBASE REDONDA: la base suave y redondeada de la tetina del chupete permite que los labios se cierren de forma natural; la forma es similar a la del pecho materno y estimula la succi\u00f3n del beb\u00e9.<br \/>\nTETINA DE L\u00c1TEX NATURAL: la tetina del chupete Physio Soft est\u00e1 realizada 100% en l\u00e1tex natural el\u00e1stico, que asegura una sensaci\u00f3n de comodidad durante la succi\u00f3n.<br \/>\nAGUJEROS DE VENTILACI\u00d3N: los agujeros de ventilaci\u00f3n de estos chupetes permiten el paso del aire y reducen el estancamiento de la saliva, que normalmente causa irritaci\u00f3n en la piel del beb\u00e9.<\/p>\n","protected":false},"excerpt":{"rendered":"<p>\u2013 1 chupete Ultra suave y flexible. Anat\u00f3mico y sin BPA. Liso en colores delicados ideal para beb\u00e9s de 16<\/p>\n","protected":false},"featured_media":5366,"comment_status":"open","ping_status":"closed","template":"","meta":[],"product_brand":[],"product_cat":[207,211],"product_tag":[],"class_list":{"0":"post-5368","1":"product","2":"type-product","3":"status-publish","4":"has-post-thumbnail","6":"product_cat-chicco","7":"product_cat-chupetes-chicco","9":"first","10":"outofstock","11":"shipping-taxable","12":"purchasable","13":"product-type-simple"},"_links":{"self":[{"href":"https:\/\/haafer.com\/site\/wp-json\/wp\/v2\/product\/5368","targetHints":{"allow":["GET"]}}],"collection":[{"href":"https:\/\/haafer.com\/site\/wp-json\/wp\/v2\/product"}],"about":[{"href":"https:\/\/haafer.com\/site\/wp-json\/wp\/v2\/types\/product"}],"replies":[{"embeddable":true,"href":"https:\/\/haafer.com\/site\/wp-json\/wp\/v2\/comments?post=5368"}],"wp:featuredmedia":[{"embeddable":true,"href":"https:\/\/haafer.com\/site\/wp-json\/wp\/v2\/media\/5366"}],"wp:attachment":[{"href":"https:\/\/haafer.com\/site\/wp-json\/wp\/v2\/media?parent=5368"}],"wp:term":[{"taxonomy":"product_brand","embeddable":true,"href":"https:\/\/haafer.com\/site\/wp-json\/wp\/v2\/product_brand?post=5368"},{"taxonomy":"product_cat","embeddable":true,"href":"https:\/\/haafer.com\/site\/wp-json\/wp\/v2\/product_cat?post=5368"},{"taxonomy":"product_tag","embeddable":true,"href":"https:\/\/haafer.com\/site\/wp-json\/wp\/v2\/product_tag?post=5368"}],"curies":[{"name":"wp","href":"https:\/\/api.w.org\/{rel}","templated":true}]}}