{"id":5379,"date":"2023-05-27T00:01:14","date_gmt":"2023-05-27T03:01:14","guid":{"rendered":"https:\/\/haafer.com\/site\/?post_type=product&#038;p=5379"},"modified":"2026-02-14T18:51:35","modified_gmt":"2026-02-14T21:51:35","slug":"chupetes-mini-soft-0-2m-nene-liso-x2","status":"publish","type":"product","link":"https:\/\/haafer.com\/site\/producto\/chupetes-mini-soft-0-2m-nene-liso-x2\/","title":{"rendered":"CHUPETES MINI SOFT 0-2M NENE LISO x2"},"content":{"rendered":"<p>-Set de 2 chupetes Ultra suaves y flexibles. Anat\u00f3mico y sin BPA. Lisos en colores delicados ideal para tu beb\u00e9 reci\u00e9n nacido hasta los 2 meses.<\/p>\n<p>Los beneficios de un Chicco PHYSIO SOFT SILICONA<br \/>\nCon tetina ACTIVE que favorece activamente el correcto desarrollo de la boca:<br \/>\n\u2013 favorece el posicionamiento natural de la lengua<br \/>\n\u2013distribuye uniformemente la presi\u00f3n en el paladar para un correcto desarrollo bucal.<br \/>\n\u2013Como el pecho materno: la base del escudo es suave y abombada como el seno de la mam\u00e1, para lograr un apoyo confortable de los labios y reducir el riesgo de acumulaci\u00f3n de saliva, causa de irritaciones.<\/p>\n","protected":false},"excerpt":{"rendered":"<p>-Set de 2 chupetes Ultra suaves y flexibles. Anat\u00f3mico y sin BPA. Lisos en colores delicados ideal para tu beb\u00e9<\/p>\n","protected":false},"featured_media":5383,"comment_status":"open","ping_status":"closed","template":"","meta":[],"product_brand":[],"product_cat":[207,211,225],"product_tag":[],"class_list":{"0":"post-5379","1":"product","2":"type-product","3":"status-publish","4":"has-post-thumbnail","6":"product_cat-chicco","7":"product_cat-chupetes-chicco","8":"product_cat-linea-physio-soft","10":"first","11":"instock","12":"shipping-taxable","13":"purchasable","14":"product-type-simple"},"_links":{"self":[{"href":"https:\/\/haafer.com\/site\/wp-json\/wp\/v2\/product\/5379","targetHints":{"allow":["GET"]}}],"collection":[{"href":"https:\/\/haafer.com\/site\/wp-json\/wp\/v2\/product"}],"about":[{"href":"https:\/\/haafer.com\/site\/wp-json\/wp\/v2\/types\/product"}],"replies":[{"embeddable":true,"href":"https:\/\/haafer.com\/site\/wp-json\/wp\/v2\/comments?post=5379"}],"wp:featuredmedia":[{"embeddable":true,"href":"https:\/\/haafer.com\/site\/wp-json\/wp\/v2\/media\/5383"}],"wp:attachment":[{"href":"https:\/\/haafer.com\/site\/wp-json\/wp\/v2\/media?parent=5379"}],"wp:term":[{"taxonomy":"product_brand","embeddable":true,"href":"https:\/\/haafer.com\/site\/wp-json\/wp\/v2\/product_brand?post=5379"},{"taxonomy":"product_cat","embeddable":true,"href":"https:\/\/haafer.com\/site\/wp-json\/wp\/v2\/product_cat?post=5379"},{"taxonomy":"product_tag","embeddable":true,"href":"https:\/\/haafer.com\/site\/wp-json\/wp\/v2\/product_tag?post=5379"}],"curies":[{"name":"wp","href":"https:\/\/api.w.org\/{rel}","templated":true}]}}