{"id":5380,"date":"2023-05-27T00:01:24","date_gmt":"2023-05-27T03:01:24","guid":{"rendered":"https:\/\/haafer.com\/site\/?post_type=product&#038;p=5380"},"modified":"2026-02-14T18:50:28","modified_gmt":"2026-02-14T21:50:28","slug":"chupetes-mini-soft-2-6m-brillante-x2","status":"publish","type":"product","link":"https:\/\/haafer.com\/site\/producto\/chupetes-mini-soft-2-6m-brillante-x2\/","title":{"rendered":"CHUPETES MINI SOFT 2-6M BRILLANTE x2"},"content":{"rendered":"<p>Blandos, peque\u00f1os y livianos, son el comienzo perfecto para los reci\u00e9n nacidos. Su interior brilla en la oscuridad.<br \/>\n\u2022 Extra brillante toda la noche.<br \/>\n\u2022 F\u00e1cil de recargar: exponer a luz natural para m\u00e1xima luminosidad.<br \/>\nLos chupetes Chicco PhysioForma Mini Soft, son de una sola pieza, 100% de silicona, higi\u00e9nicos y f\u00e1ciles de limpiar y esterilizar.<br \/>\nSu dise\u00f1o peque\u00f1o, ergon\u00f3mico y especialmente ligero asegura una m\u00e1xima aceptaci\u00f3n, ya que es muy f\u00e1cil de sujetar para el beb\u00e9.<br \/>\nEl escudo y el agarre est\u00e1n dise\u00f1ados espec\u00edficamente para beb\u00e9s de 2 a 6 meses.<br \/>\nEl agarre permite a pap\u00e1 y mam\u00e1 insertar el dedo, sosteniendo c\u00f3modamente el chupete durante los momentos de mimos.<br \/>\nSu acabado extra suave Soft sense est\u00e1 dise\u00f1ado para no molestar al beb\u00e9, incluso durante el sue\u00f1o y no dejarle las marcas del chupete sobre la carita. Deja libre la nariz y la barbilla. El exterior de silicona de una pieza es completamente suave y con textura satinada para mayor comodidad en la cara del beb\u00e9 y menos deslizamientos.<\/p>\n<p>Tetina PhysioForma\u00ae es la tetina exclusiva de Chicco, que fomenta el desarrollo correcto de la boca y que favorece la respiraci\u00f3n fisiol\u00f3gica del beb\u00e9. La tetina ayuda con la respiraci\u00f3n fisiol\u00f3gica al mantener la lengua en su posici\u00f3n natural, ayudando al beb\u00e9 a respirar naturalmente, lo cual es especialmente importante durante el sue\u00f1o.<br \/>\nTodos los chupetes Chicco son PhysioForma: una exclusiva forma de la tetina que ayuda a colocar la lengua hacia delante y hacia arriba para una apertura natural de las v\u00edas respiratorias:<br \/>\nAprobado y aceptado por el 95% de los beb\u00e9s<\/p>\n<p>Edad: 2 a 6 meses<\/p>\n","protected":false},"excerpt":{"rendered":"<p>Blandos, peque\u00f1os y livianos, son el comienzo perfecto para los reci\u00e9n nacidos. Su interior brilla en la oscuridad. \u2022 Extra<\/p>\n","protected":false},"featured_media":5384,"comment_status":"open","ping_status":"closed","template":"","meta":[],"product_brand":[],"product_cat":[207,211,225],"product_tag":[],"class_list":{"0":"post-5380","1":"product","2":"type-product","3":"status-publish","4":"has-post-thumbnail","6":"product_cat-chicco","7":"product_cat-chupetes-chicco","8":"product_cat-linea-physio-soft","10":"first","11":"instock","12":"shipping-taxable","13":"purchasable","14":"product-type-simple"},"_links":{"self":[{"href":"https:\/\/haafer.com\/site\/wp-json\/wp\/v2\/product\/5380","targetHints":{"allow":["GET"]}}],"collection":[{"href":"https:\/\/haafer.com\/site\/wp-json\/wp\/v2\/product"}],"about":[{"href":"https:\/\/haafer.com\/site\/wp-json\/wp\/v2\/types\/product"}],"replies":[{"embeddable":true,"href":"https:\/\/haafer.com\/site\/wp-json\/wp\/v2\/comments?post=5380"}],"wp:featuredmedia":[{"embeddable":true,"href":"https:\/\/haafer.com\/site\/wp-json\/wp\/v2\/media\/5384"}],"wp:attachment":[{"href":"https:\/\/haafer.com\/site\/wp-json\/wp\/v2\/media?parent=5380"}],"wp:term":[{"taxonomy":"product_brand","embeddable":true,"href":"https:\/\/haafer.com\/site\/wp-json\/wp\/v2\/product_brand?post=5380"},{"taxonomy":"product_cat","embeddable":true,"href":"https:\/\/haafer.com\/site\/wp-json\/wp\/v2\/product_cat?post=5380"},{"taxonomy":"product_tag","embeddable":true,"href":"https:\/\/haafer.com\/site\/wp-json\/wp\/v2\/product_tag?post=5380"}],"curies":[{"name":"wp","href":"https:\/\/api.w.org\/{rel}","templated":true}]}}