{"id":5393,"date":"2023-05-27T00:30:43","date_gmt":"2023-05-27T03:30:43","guid":{"rendered":"https:\/\/haafer.com\/site\/?post_type=product&#038;p=5393"},"modified":"2026-02-14T18:48:06","modified_gmt":"2026-02-14T21:48:06","slug":"descartaleche","status":"publish","type":"product","link":"https:\/\/haafer.com\/site\/producto\/descartaleche\/","title":{"rendered":"DESCARTALECHE"},"content":{"rendered":"<p>Es ideal para extraer el sobrante de leche que deja el beb\u00e9 luego de la toma, para vaciar los pechos en caso de exceso de leche o bien para vaciar el pecho en caso que la leche lo congestione. Su uso es f\u00e1cil e inmediato gracias a la copa anat\u00f3mica. El suave revestimiento de silicona ofrece un c\u00f3modo contacto con el pecho y permite que el sacaleche se adhiera perfectamente al pez\u00f3n y la areola, optimizando la aspiraci\u00f3n.   <\/p>\n","protected":false},"excerpt":{"rendered":"<p>Es ideal para extraer el sobrante de leche que deja el beb\u00e9 luego de la toma, para vaciar los pechos<\/p>\n","protected":false},"featured_media":5394,"comment_status":"open","ping_status":"closed","template":"","meta":[],"product_brand":[],"product_cat":[209,207],"product_tag":[],"class_list":{"0":"post-5393","1":"product","2":"type-product","3":"status-publish","4":"has-post-thumbnail","6":"product_cat-accesorios-chicco","7":"product_cat-chicco","9":"first","10":"outofstock","11":"shipping-taxable","12":"purchasable","13":"product-type-simple"},"_links":{"self":[{"href":"https:\/\/haafer.com\/site\/wp-json\/wp\/v2\/product\/5393","targetHints":{"allow":["GET"]}}],"collection":[{"href":"https:\/\/haafer.com\/site\/wp-json\/wp\/v2\/product"}],"about":[{"href":"https:\/\/haafer.com\/site\/wp-json\/wp\/v2\/types\/product"}],"replies":[{"embeddable":true,"href":"https:\/\/haafer.com\/site\/wp-json\/wp\/v2\/comments?post=5393"}],"wp:featuredmedia":[{"embeddable":true,"href":"https:\/\/haafer.com\/site\/wp-json\/wp\/v2\/media\/5394"}],"wp:attachment":[{"href":"https:\/\/haafer.com\/site\/wp-json\/wp\/v2\/media?parent=5393"}],"wp:term":[{"taxonomy":"product_brand","embeddable":true,"href":"https:\/\/haafer.com\/site\/wp-json\/wp\/v2\/product_brand?post=5393"},{"taxonomy":"product_cat","embeddable":true,"href":"https:\/\/haafer.com\/site\/wp-json\/wp\/v2\/product_cat?post=5393"},{"taxonomy":"product_tag","embeddable":true,"href":"https:\/\/haafer.com\/site\/wp-json\/wp\/v2\/product_tag?post=5393"}],"curies":[{"name":"wp","href":"https:\/\/api.w.org\/{rel}","templated":true}]}}