{"id":5398,"date":"2023-05-27T00:35:22","date_gmt":"2023-05-27T03:35:22","guid":{"rendered":"https:\/\/haafer.com\/site\/?post_type=product&#038;p=5398"},"modified":"2026-02-14T18:46:11","modified_gmt":"2026-02-14T21:46:11","slug":"mamadera-natural-feeling-150-ml-rosa","status":"publish","type":"product","link":"https:\/\/haafer.com\/site\/producto\/mamadera-natural-feeling-150-ml-rosa\/","title":{"rendered":"MAMADERA NATURAL FEELING 150 ML ROSA"},"content":{"rendered":"<p>Mamadera Chicco Natural Feeling 150ml 0m+ Flujo Lento<br \/>\nEsta mamadera tiene una tetina extra suave, inclinada y un cuello ancho que la hacen ergon\u00f3mica y f\u00e1cil de sostener para ti y tu beb\u00e9. Adem\u00e1s, su dise\u00f1o facilita el armado y limpieza. Aqu\u00ed te presento tres secciones que destacan distintas caracter\u00edsticas de esta mamadera, para que puedas conocerla a fondo y entender por qu\u00e9 es una excelente opci\u00f3n para ti y tu beb\u00e9.<\/p>\n","protected":false},"excerpt":{"rendered":"<p>Mamadera Chicco Natural Feeling 150ml 0m+ Flujo Lento Esta mamadera tiene una tetina extra suave, inclinada y un cuello ancho<\/p>\n","protected":false},"featured_media":5400,"comment_status":"open","ping_status":"closed","template":"","meta":[],"product_brand":[],"product_cat":[207,221,210],"product_tag":[],"class_list":{"0":"post-5398","1":"product","2":"type-product","3":"status-publish","4":"has-post-thumbnail","6":"product_cat-chicco","7":"product_cat-linea-natural-feeling","8":"product_cat-mamaderas-chicco","10":"first","11":"instock","12":"shipping-taxable","13":"purchasable","14":"product-type-simple"},"_links":{"self":[{"href":"https:\/\/haafer.com\/site\/wp-json\/wp\/v2\/product\/5398","targetHints":{"allow":["GET"]}}],"collection":[{"href":"https:\/\/haafer.com\/site\/wp-json\/wp\/v2\/product"}],"about":[{"href":"https:\/\/haafer.com\/site\/wp-json\/wp\/v2\/types\/product"}],"replies":[{"embeddable":true,"href":"https:\/\/haafer.com\/site\/wp-json\/wp\/v2\/comments?post=5398"}],"wp:featuredmedia":[{"embeddable":true,"href":"https:\/\/haafer.com\/site\/wp-json\/wp\/v2\/media\/5400"}],"wp:attachment":[{"href":"https:\/\/haafer.com\/site\/wp-json\/wp\/v2\/media?parent=5398"}],"wp:term":[{"taxonomy":"product_brand","embeddable":true,"href":"https:\/\/haafer.com\/site\/wp-json\/wp\/v2\/product_brand?post=5398"},{"taxonomy":"product_cat","embeddable":true,"href":"https:\/\/haafer.com\/site\/wp-json\/wp\/v2\/product_cat?post=5398"},{"taxonomy":"product_tag","embeddable":true,"href":"https:\/\/haafer.com\/site\/wp-json\/wp\/v2\/product_tag?post=5398"}],"curies":[{"name":"wp","href":"https:\/\/api.w.org\/{rel}","templated":true}]}}