{"id":5401,"date":"2023-05-27T00:37:48","date_gmt":"2023-05-27T03:37:48","guid":{"rendered":"https:\/\/haafer.com\/site\/?post_type=product&#038;p=5401"},"modified":"2026-02-14T18:45:46","modified_gmt":"2026-02-14T21:45:46","slug":"mamadera-natural-feeling-250-ml","status":"publish","type":"product","link":"https:\/\/haafer.com\/site\/producto\/mamadera-natural-feeling-250-ml\/","title":{"rendered":"MAMADERA NATURAL FEELING 250 ML"},"content":{"rendered":"<p>Perfecta para beb\u00e9s en crecimiento<br \/>\nFlujo medio: El flujo medio de la mamadera es perfecto para beb\u00e9s de m\u00e1s de 2 meses de edad que est\u00e1n listos para un flujo m\u00e1s r\u00e1pido.<br \/>\n250 ml: Con una capacidad de 250 ml, la mamadera es ideal para beb\u00e9s en crecimiento que necesitan m\u00e1s alimento con cada alimentaci\u00f3n.<br \/>\nNatural Feeling: El dise\u00f1o de la mamadera imita el pecho materno para una experiencia de alimentaci\u00f3n natural y c\u00f3moda para el beb\u00e9.<br \/>\nApto para todas las necesidades: La mamadera Chicco Natural Feeling es perfecta para beb\u00e9s que son amamantados y alimentados con f\u00f3rmula.<\/p>\n","protected":false},"excerpt":{"rendered":"<p>Perfecta para beb\u00e9s en crecimiento Flujo medio: El flujo medio de la mamadera es perfecto para beb\u00e9s de m\u00e1s de<\/p>\n","protected":false},"featured_media":5403,"comment_status":"open","ping_status":"closed","template":"","meta":[],"product_brand":[],"product_cat":[207,221,210],"product_tag":[],"class_list":{"0":"post-5401","1":"product","2":"type-product","3":"status-publish","4":"has-post-thumbnail","6":"product_cat-chicco","7":"product_cat-linea-natural-feeling","8":"product_cat-mamaderas-chicco","10":"first","11":"instock","12":"shipping-taxable","13":"purchasable","14":"product-type-simple"},"_links":{"self":[{"href":"https:\/\/haafer.com\/site\/wp-json\/wp\/v2\/product\/5401","targetHints":{"allow":["GET"]}}],"collection":[{"href":"https:\/\/haafer.com\/site\/wp-json\/wp\/v2\/product"}],"about":[{"href":"https:\/\/haafer.com\/site\/wp-json\/wp\/v2\/types\/product"}],"replies":[{"embeddable":true,"href":"https:\/\/haafer.com\/site\/wp-json\/wp\/v2\/comments?post=5401"}],"wp:featuredmedia":[{"embeddable":true,"href":"https:\/\/haafer.com\/site\/wp-json\/wp\/v2\/media\/5403"}],"wp:attachment":[{"href":"https:\/\/haafer.com\/site\/wp-json\/wp\/v2\/media?parent=5401"}],"wp:term":[{"taxonomy":"product_brand","embeddable":true,"href":"https:\/\/haafer.com\/site\/wp-json\/wp\/v2\/product_brand?post=5401"},{"taxonomy":"product_cat","embeddable":true,"href":"https:\/\/haafer.com\/site\/wp-json\/wp\/v2\/product_cat?post=5401"},{"taxonomy":"product_tag","embeddable":true,"href":"https:\/\/haafer.com\/site\/wp-json\/wp\/v2\/product_tag?post=5401"}],"curies":[{"name":"wp","href":"https:\/\/api.w.org\/{rel}","templated":true}]}}