{"id":5408,"date":"2023-05-27T00:47:13","date_gmt":"2023-05-27T03:47:13","guid":{"rendered":"https:\/\/haafer.com\/site\/?post_type=product&#038;p=5408"},"modified":"2026-02-14T18:44:04","modified_gmt":"2026-02-14T21:44:04","slug":"mamadera-perfect-5-150-ml-girl","status":"publish","type":"product","link":"https:\/\/haafer.com\/site\/producto\/mamadera-perfect-5-150-ml-girl\/","title":{"rendered":"MAMADERA PERFECT 5 150 ML GIRL"},"content":{"rendered":"<p>PERFECT 5 es la innovadora mamadera BIOFUNCIONAL ANTI-C\u00d3LICOS dise\u00f1ada para TRABAJAR EN ARMON\u00cdA CON LA NATURALEZA, adapt\u00e1ndose inmediata y continuamente al RITMO FISIOL\u00d3GICO DE SUCCI\u00d3N individual de cada beb\u00e9, que es \u00fanico y variable. Gracias al revolucionario sistema intui-flow&#x2122;, se adapta a las necesidades alimentarias \u00fanicas de cada beb\u00e9, favoreciendo todas las variables de alimentaci\u00f3n importantes para una nutrici\u00f3n INTUITIVA Y FISIOL\u00d3GICA.<br \/>\nAnti C\u00f3licos: La exclusiva ACCI\u00d3N COMBINADA de la TETINA PHYSIO y la MEMBRANA EQUILIBRIUM estimulan naturalmente la alimentaci\u00f3n intuitiva y fisiol\u00f3gica para un m\u00e1ximo bienestar durante y despu\u00e9s de la alimentaci\u00f3n.<br \/>\nLa Membrana de Equilibrio, en la base de la botella, regula el pasaje de aire, adapt\u00e1ndose inmediata y continuamente a la intensidad de succi\u00f3n del beb\u00e9.<br \/>\nEl aire entra por la BASE DEL BIBER\u00d3N, NO SE MEZCLA CON LA LECHE y no entra en la pancita del beb\u00e9. Reduciendo as\u00ed la IRRITABILIDAD, REGURGITACION Y C\u00d3LICOS.<br \/>\nTETINA PHYSIO de silicona 0m+ flujo lento, para una prendida perfecta desde el nacimiento, que acompa\u00f1a el movimiento natural de la lengua.<\/p>\n<p>5 Beneficios en 1<\/p>\n<p>1-EFECTO ANTI-C\u00d3LICOS COMPROBADO: El aire entra desde la base, no se mezcla con la leche y no es ingerido<\/p>\n<p>2-RITMO FISIOL\u00d3GICO DE SUCCI\u00d3N: Acompa\u00f1a el ritmo \u00fanico y natural de succi\u00f3n de tu beb\u00e9 para permitir una alimentaci\u00f3n constante y regular, sin interrupciones o faltas de aire. TESTEADO CLINICAMENTE<\/p>\n<p>3-PRENDIDA PERFECTA de los labios alrededor de la tetina<\/p>\n<p>4-SILICONA SUAVE Para una sensaci\u00f3n placentera<\/p>\n<p>5-M\u00c1XIMA HIGIENE Y F\u00c1CIL LIMPIEZA Gracias a su base con rosca removible<\/p>\n","protected":false},"excerpt":{"rendered":"<p>PERFECT 5 es la innovadora mamadera BIOFUNCIONAL ANTI-C\u00d3LICOS dise\u00f1ada para TRABAJAR EN ARMON\u00cdA CON LA NATURALEZA, adapt\u00e1ndose inmediata y continuamente<\/p>\n","protected":false},"featured_media":5409,"comment_status":"open","ping_status":"closed","template":"","meta":[],"product_brand":[],"product_cat":[207,210],"product_tag":[],"class_list":{"0":"post-5408","1":"product","2":"type-product","3":"status-publish","4":"has-post-thumbnail","6":"product_cat-chicco","7":"product_cat-mamaderas-chicco","9":"first","10":"instock","11":"shipping-taxable","12":"purchasable","13":"product-type-simple"},"_links":{"self":[{"href":"https:\/\/haafer.com\/site\/wp-json\/wp\/v2\/product\/5408","targetHints":{"allow":["GET"]}}],"collection":[{"href":"https:\/\/haafer.com\/site\/wp-json\/wp\/v2\/product"}],"about":[{"href":"https:\/\/haafer.com\/site\/wp-json\/wp\/v2\/types\/product"}],"replies":[{"embeddable":true,"href":"https:\/\/haafer.com\/site\/wp-json\/wp\/v2\/comments?post=5408"}],"wp:featuredmedia":[{"embeddable":true,"href":"https:\/\/haafer.com\/site\/wp-json\/wp\/v2\/media\/5409"}],"wp:attachment":[{"href":"https:\/\/haafer.com\/site\/wp-json\/wp\/v2\/media?parent=5408"}],"wp:term":[{"taxonomy":"product_brand","embeddable":true,"href":"https:\/\/haafer.com\/site\/wp-json\/wp\/v2\/product_brand?post=5408"},{"taxonomy":"product_cat","embeddable":true,"href":"https:\/\/haafer.com\/site\/wp-json\/wp\/v2\/product_cat?post=5408"},{"taxonomy":"product_tag","embeddable":true,"href":"https:\/\/haafer.com\/site\/wp-json\/wp\/v2\/product_tag?post=5408"}],"curies":[{"name":"wp","href":"https:\/\/api.w.org\/{rel}","templated":true}]}}