{"id":5437,"date":"2023-05-27T11:03:34","date_gmt":"2023-05-27T14:03:34","guid":{"rendered":"https:\/\/haafer.com\/site\/?post_type=product&#038;p=5437"},"modified":"2026-02-14T18:36:50","modified_gmt":"2026-02-14T21:36:50","slug":"mordillo-soft-iguana-rosa-2m","status":"publish","type":"product","link":"https:\/\/haafer.com\/site\/producto\/mordillo-soft-iguana-rosa-2m\/","title":{"rendered":"MORDILLO SOFT &#8211; IGUANA ROSA 2m+"},"content":{"rendered":"<p>El mordillo perfecto para cada necesidad y cada etapa de la dentici\u00f3n.<br \/>\nLos mordillos Chicco ofrecen m\u00faltiples sensaciones, cuidan las enc\u00edas y favorecen el crecimiento fisiol\u00f3gico de los dientes, porque est\u00e1n dise\u00f1ados para llegar a todas las zonas de la boca,gracias a las diferentes formas, materiales y texturas, desarrollan adem\u00e1s la motricidad fina<br \/>\nS\u00faper suave y compuesto 100% de silicona. Agradable de morder con diferentes texturas para masajear enc\u00edas molestas. F\u00e1cil de agarrar y sujetar<\/p>\n<p>\u2022100% silicona suave de grado alimenticio<br \/>\n\u2022Muchos relieves para masajear y limpiar la encias: perfecto para usar con geles.<br \/>\n\u2022Diferentes texturas para masajear enc\u00edas molestas.<\/p>\n<p>Esterilizar en fr\u00edo<\/p>\n","protected":false},"excerpt":{"rendered":"<p>El mordillo perfecto para cada necesidad y cada etapa de la dentici\u00f3n. Los mordillos Chicco ofrecen m\u00faltiples sensaciones, cuidan las<\/p>\n","protected":false},"featured_media":5440,"comment_status":"open","ping_status":"closed","template":"","meta":[],"product_brand":[],"product_cat":[207,213],"product_tag":[],"class_list":{"0":"post-5437","1":"product","2":"type-product","3":"status-publish","4":"has-post-thumbnail","6":"product_cat-chicco","7":"product_cat-mordillos-chicco","9":"first","10":"instock","11":"shipping-taxable","12":"purchasable","13":"product-type-simple"},"_links":{"self":[{"href":"https:\/\/haafer.com\/site\/wp-json\/wp\/v2\/product\/5437","targetHints":{"allow":["GET"]}}],"collection":[{"href":"https:\/\/haafer.com\/site\/wp-json\/wp\/v2\/product"}],"about":[{"href":"https:\/\/haafer.com\/site\/wp-json\/wp\/v2\/types\/product"}],"replies":[{"embeddable":true,"href":"https:\/\/haafer.com\/site\/wp-json\/wp\/v2\/comments?post=5437"}],"wp:featuredmedia":[{"embeddable":true,"href":"https:\/\/haafer.com\/site\/wp-json\/wp\/v2\/media\/5440"}],"wp:attachment":[{"href":"https:\/\/haafer.com\/site\/wp-json\/wp\/v2\/media?parent=5437"}],"wp:term":[{"taxonomy":"product_brand","embeddable":true,"href":"https:\/\/haafer.com\/site\/wp-json\/wp\/v2\/product_brand?post=5437"},{"taxonomy":"product_cat","embeddable":true,"href":"https:\/\/haafer.com\/site\/wp-json\/wp\/v2\/product_cat?post=5437"},{"taxonomy":"product_tag","embeddable":true,"href":"https:\/\/haafer.com\/site\/wp-json\/wp\/v2\/product_tag?post=5437"}],"curies":[{"name":"wp","href":"https:\/\/api.w.org\/{rel}","templated":true}]}}