{"id":5438,"date":"2023-05-27T11:03:37","date_gmt":"2023-05-27T14:03:37","guid":{"rendered":"https:\/\/haafer.com\/site\/?post_type=product&#038;p=5438"},"modified":"2026-02-14T18:36:20","modified_gmt":"2026-02-14T21:36:20","slug":"mordillo-soft-palta-2m","status":"publish","type":"product","link":"https:\/\/haafer.com\/site\/producto\/mordillo-soft-palta-2m\/","title":{"rendered":"MORDILLO SOFT &#8211; PALTA 2m+"},"content":{"rendered":"<p>La respuesta de Chicco ante las hinchadas y doloridas enc\u00edas<br \/>\nEl Mordillo Soft Palta de Chicco es seguro para las enc\u00edas del beb\u00e9, especialmente dise\u00f1ado para la delicada fase de la dentici\u00f3n.<\/p>\n<p>Hecho 100% de suave silicona de grado alimenticio, este irresistible mordedor es peque\u00f1o, liviano y f\u00e1cil de agarrar para las manos peque\u00f1as gracias al dise\u00f1o abierto, tiene mucha textura en ambos lados para masajear las enc\u00edas doloridas y brindar alivio a los dientes emergentes.<\/p>\n<p>Este mordedor con forma de palta combina un mordedor de silicona seguro con mucha textura y grosor \u00a1s\u00faper agradable para masticar y masajear las enc\u00edas doloridas!<\/p>\n","protected":false},"excerpt":{"rendered":"<p>La respuesta de Chicco ante las hinchadas y doloridas enc\u00edas El Mordillo Soft Palta de Chicco es seguro para las<\/p>\n","protected":false},"featured_media":5443,"comment_status":"open","ping_status":"closed","template":"","meta":[],"product_brand":[],"product_cat":[207,213],"product_tag":[],"class_list":{"0":"post-5438","1":"product","2":"type-product","3":"status-publish","4":"has-post-thumbnail","6":"product_cat-chicco","7":"product_cat-mordillos-chicco","9":"first","10":"instock","11":"shipping-taxable","12":"purchasable","13":"product-type-simple"},"_links":{"self":[{"href":"https:\/\/haafer.com\/site\/wp-json\/wp\/v2\/product\/5438","targetHints":{"allow":["GET"]}}],"collection":[{"href":"https:\/\/haafer.com\/site\/wp-json\/wp\/v2\/product"}],"about":[{"href":"https:\/\/haafer.com\/site\/wp-json\/wp\/v2\/types\/product"}],"replies":[{"embeddable":true,"href":"https:\/\/haafer.com\/site\/wp-json\/wp\/v2\/comments?post=5438"}],"wp:featuredmedia":[{"embeddable":true,"href":"https:\/\/haafer.com\/site\/wp-json\/wp\/v2\/media\/5443"}],"wp:attachment":[{"href":"https:\/\/haafer.com\/site\/wp-json\/wp\/v2\/media?parent=5438"}],"wp:term":[{"taxonomy":"product_brand","embeddable":true,"href":"https:\/\/haafer.com\/site\/wp-json\/wp\/v2\/product_brand?post=5438"},{"taxonomy":"product_cat","embeddable":true,"href":"https:\/\/haafer.com\/site\/wp-json\/wp\/v2\/product_cat?post=5438"},{"taxonomy":"product_tag","embeddable":true,"href":"https:\/\/haafer.com\/site\/wp-json\/wp\/v2\/product_tag?post=5438"}],"curies":[{"name":"wp","href":"https:\/\/api.w.org\/{rel}","templated":true}]}}