{"id":5483,"date":"2023-05-29T16:26:50","date_gmt":"2023-05-29T19:26:50","guid":{"rendered":"https:\/\/haafer.com\/site\/?post_type=product&#038;p=5483"},"modified":"2024-07-30T17:41:55","modified_gmt":"2024-07-30T20:41:55","slug":"10741127mamadera-fc-300-ml-anticolicos-profesional-con-control-temp","status":"publish","type":"product","link":"https:\/\/haafer.com\/site\/producto\/10741127mamadera-fc-300-ml-anticolicos-profesional-con-control-temp\/","title":{"rendered":"10741127\tMamadera FC+ 300 ml Antic\u00f3licos Profesional con Control Temp"},"content":{"rendered":"<p>NUK Antic\u00f3licos Profesional<br \/>\nTragar aire al alimentarse es una de las principales causas de los t\u00edpicos c\u00f3licos, como gases, calambres estomacales y llanto constante. La mamadera NUK Antic\u00f3licos Profesional fue desarrollada para ayudar a evitar que los beb\u00e9s traguen aire cuando se alimentan.<br \/>\nEl sistema de ventilaci\u00f3n profesional NUK, ayuda a evitar la ingesta de aire de forma a\u00fan m\u00e1s eficaz. Es una combinaci\u00f3n innovadora de una v\u00e1lvula de aire y un canal de aire.<br \/>\nLa v\u00e1lvula de aire asegura que la tetina no se contraiga cuando se alimenta, lo que significa que el beb\u00e9 puede alimentarse sin tener que soltarla. El canal de aire integrado dirige el aire de la v\u00e1lvula directamente al fondo de la botella, sin que las burbujas de aire entren en contacto con el contenido de la botella. Esto evita que la leche acumule aire.<\/p>\n<p>\u2013 Con indicador de control de temperatura, que cambia de color cuando la comida est\u00e1 demasiado caliente. El indicador se torna de azul a blanco cuando el contenido est\u00e1 caliente.<br \/>\n\u2013 Tetina de silicona con zona suave<br \/>\n\u2013 Cl\u00ednicamente probada para una combinaci\u00f3n \u00f3ptima de lactancia materna y mamadera<br \/>\n\u2013 Elaborada en polipropileno (PP) de alta calidad<br \/>\n\u2013 Sin BPA<br \/>\n\u2013 Color: Verde<br \/>\n\u2013 Presentaci\u00f3n: 300 ml, con tetina 0-6 meses flujo (leche)<\/p>\n<p>Natural y correcto para la mand\u00edbula<br \/>\nLa Forma NUK especial est\u00e1 inspirada en el pez\u00f3n materno durante el amamantamiento. Le deja a la lengua y mand\u00edbula del beb\u00e9 suficiente espacio para los movimientos naturales de succi\u00f3n.<\/p>\n<p>Suave como el pecho materno<br \/>\nCon su nueva zona suave, la tetina de silicona calza mejor en el paladar del beb\u00e9 \u2013 brind\u00e1ndole una sensaci\u00f3n natural durante la ingesta.<\/p>\n<p>Cl\u00ednicamente probado<br \/>\nGracias a su forma natural, la tetina NUK es muy bien aceptada por los beb\u00e9s. Esto significa que es especialmente adecuada para beb\u00e9s que son alimentados combinando mamadera y amamantamiento.<\/p>\n","protected":false},"excerpt":{"rendered":"<p>NUK Antic\u00f3licos Profesional Tragar aire al alimentarse es una de las principales causas de los t\u00edpicos c\u00f3licos, como gases, calambres<\/p>\n","protected":false},"featured_media":5484,"comment_status":"open","ping_status":"closed","template":"","meta":[],"product_brand":[],"product_cat":[134,124,102],"product_tag":[],"class_list":{"0":"post-5483","1":"product","2":"type-product","3":"status-publish","4":"has-post-thumbnail","6":"product_cat-mamaderas","7":"product_cat-mamaderas-y-accesorios","8":"product_cat-nuk","10":"first","11":"instock","12":"shipping-taxable","13":"purchasable","14":"product-type-simple"},"_links":{"self":[{"href":"https:\/\/haafer.com\/site\/wp-json\/wp\/v2\/product\/5483","targetHints":{"allow":["GET"]}}],"collection":[{"href":"https:\/\/haafer.com\/site\/wp-json\/wp\/v2\/product"}],"about":[{"href":"https:\/\/haafer.com\/site\/wp-json\/wp\/v2\/types\/product"}],"replies":[{"embeddable":true,"href":"https:\/\/haafer.com\/site\/wp-json\/wp\/v2\/comments?post=5483"}],"wp:featuredmedia":[{"embeddable":true,"href":"https:\/\/haafer.com\/site\/wp-json\/wp\/v2\/media\/5484"}],"wp:attachment":[{"href":"https:\/\/haafer.com\/site\/wp-json\/wp\/v2\/media?parent=5483"}],"wp:term":[{"taxonomy":"product_brand","embeddable":true,"href":"https:\/\/haafer.com\/site\/wp-json\/wp\/v2\/product_brand?post=5483"},{"taxonomy":"product_cat","embeddable":true,"href":"https:\/\/haafer.com\/site\/wp-json\/wp\/v2\/product_cat?post=5483"},{"taxonomy":"product_tag","embeddable":true,"href":"https:\/\/haafer.com\/site\/wp-json\/wp\/v2\/product_tag?post=5483"}],"curies":[{"name":"wp","href":"https:\/\/api.w.org\/{rel}","templated":true}]}}