{"id":5485,"date":"2023-05-29T16:28:19","date_gmt":"2023-05-29T19:28:19","guid":{"rendered":"https:\/\/haafer.com\/site\/?post_type=product&#038;p=5485"},"modified":"2024-07-30T17:50:18","modified_gmt":"2024-07-30T20:50:18","slug":"mamadera-fc-300-ml-contol-temperatura-mickey-mouse-gris","status":"publish","type":"product","link":"https:\/\/haafer.com\/site\/producto\/mamadera-fc-300-ml-contol-temperatura-mickey-mouse-gris\/","title":{"rendered":"Mamadera FC+ 300 ml Contol Temperatura Mickey  Mouse Gris"},"content":{"rendered":"<p>Descripci\u00f3n:<br \/>\nLa mamadera First Choice tiene una tetina anat\u00f3mica dise\u00f1ada con dentistas y matronas para imitar la forma del pez\u00f3n materno al succionar. Gracias a este gran dise\u00f1o, la mayor\u00eda de los beb\u00e9s acepta esta tetina que permite beber de manera similar a la natural. Incluye v\u00e1lvula antic\u00f3licos para evitar la ingesta de aire.<\/p>\n<p>Beneficios:<br \/>\nCuenta con un control de temperatura que muestra de un vistazo cu\u00e1ndo se alcanza la temperatura adecuada para tomar y brinda la seguridad de que el alimento no est\u00e1 demasiado caliente. Si la bebida est\u00e1 demasiado caliente, el indicador normalmente azul se vuelve blanco. Idealmente, el l\u00edquido debe tener temperatura corporal (37\u00b0C = tono azul medio). Tetina ortod\u00f3ntica con extra espacio para descansar los labios. V\u00e1lvula anti c\u00f3licos Air System. ecipiente de polipropileno resistente, libre de BPA.<\/p>\n","protected":false},"excerpt":{"rendered":"<p>Descripci\u00f3n: La mamadera First Choice tiene una tetina anat\u00f3mica dise\u00f1ada con dentistas y matronas para imitar la forma del pez\u00f3n<\/p>\n","protected":false},"featured_media":5490,"comment_status":"open","ping_status":"closed","template":"","meta":[],"product_brand":[],"product_cat":[134,124,102],"product_tag":[],"class_list":{"0":"post-5485","1":"product","2":"type-product","3":"status-publish","4":"has-post-thumbnail","6":"product_cat-mamaderas","7":"product_cat-mamaderas-y-accesorios","8":"product_cat-nuk","10":"first","11":"instock","12":"shipping-taxable","13":"purchasable","14":"product-type-simple"},"_links":{"self":[{"href":"https:\/\/haafer.com\/site\/wp-json\/wp\/v2\/product\/5485","targetHints":{"allow":["GET"]}}],"collection":[{"href":"https:\/\/haafer.com\/site\/wp-json\/wp\/v2\/product"}],"about":[{"href":"https:\/\/haafer.com\/site\/wp-json\/wp\/v2\/types\/product"}],"replies":[{"embeddable":true,"href":"https:\/\/haafer.com\/site\/wp-json\/wp\/v2\/comments?post=5485"}],"wp:featuredmedia":[{"embeddable":true,"href":"https:\/\/haafer.com\/site\/wp-json\/wp\/v2\/media\/5490"}],"wp:attachment":[{"href":"https:\/\/haafer.com\/site\/wp-json\/wp\/v2\/media?parent=5485"}],"wp:term":[{"taxonomy":"product_brand","embeddable":true,"href":"https:\/\/haafer.com\/site\/wp-json\/wp\/v2\/product_brand?post=5485"},{"taxonomy":"product_cat","embeddable":true,"href":"https:\/\/haafer.com\/site\/wp-json\/wp\/v2\/product_cat?post=5485"},{"taxonomy":"product_tag","embeddable":true,"href":"https:\/\/haafer.com\/site\/wp-json\/wp\/v2\/product_tag?post=5485"}],"curies":[{"name":"wp","href":"https:\/\/api.w.org\/{rel}","templated":true}]}}