{"id":5487,"date":"2023-05-29T16:28:26","date_gmt":"2023-05-29T19:28:26","guid":{"rendered":"https:\/\/haafer.com\/site\/?post_type=product&#038;p=5487"},"modified":"2025-12-01T15:51:52","modified_gmt":"2025-12-01T18:51:52","slug":"mamadera-fc-300ml-control-temperatura-cocodrilo","status":"publish","type":"product","link":"https:\/\/haafer.com\/site\/producto\/mamadera-fc-300ml-control-temperatura-cocodrilo\/","title":{"rendered":"Mamadera FC+ 300ml Control Temperatura Cocodrilo"},"content":{"rendered":"<p>Mamadera First Choice+ con Control de Temperatura<br \/>\nOriginal NUK<\/p>\n<p>TIENDA PEQUES<br \/>\ntienda.peques.tp<\/p>\n<p>&#8211; Mamadera l\u00ednea First Choice+, ahora con indicador de temperatura en la escala de medici\u00f3n. El color cambia con la temperatura del contenido. Si el alimento est\u00e1 demasiado caliente, el indicador pasa de color azul a blanco.<br \/>\n&#8211; Tetina de silicona con formato Ortod\u00f3ntico NUK mejorado, que se adapta perfectamente a la mand\u00edbula del beb\u00e9.<br \/>\n&#8211; Con sistema de ventilaci\u00f3n NUK ANTI-COLIC AIR SYSTEM, que ayuda a prevenir los c\u00f3licos.<br \/>\n&#8211; Cuello ancho que facilita el llenado y la limpieza.<br \/>\n&#8211; Probado cl\u00ednicamente: para una combinaci\u00f3n \u00f3ptima de amamantamiento y mamadera.<br \/>\n&#8211; Capacidad: 300ml<br \/>\n&#8211; Flujo: M<br \/>\n&#8211; Edad: 6 a 18 meses<\/p>\n","protected":false},"excerpt":{"rendered":"<p>Mamadera First Choice+ con Control de Temperatura Original NUK TIENDA PEQUES tienda.peques.tp &#8211; Mamadera l\u00ednea First Choice+, ahora con indicador<\/p>\n","protected":false},"featured_media":5492,"comment_status":"open","ping_status":"closed","template":"","meta":[],"product_brand":[],"product_cat":[134,124,102],"product_tag":[],"class_list":{"0":"post-5487","1":"product","2":"type-product","3":"status-publish","4":"has-post-thumbnail","6":"product_cat-mamaderas","7":"product_cat-mamaderas-y-accesorios","8":"product_cat-nuk","10":"first","11":"instock","12":"shipping-taxable","13":"purchasable","14":"product-type-simple"},"_links":{"self":[{"href":"https:\/\/haafer.com\/site\/wp-json\/wp\/v2\/product\/5487","targetHints":{"allow":["GET"]}}],"collection":[{"href":"https:\/\/haafer.com\/site\/wp-json\/wp\/v2\/product"}],"about":[{"href":"https:\/\/haafer.com\/site\/wp-json\/wp\/v2\/types\/product"}],"replies":[{"embeddable":true,"href":"https:\/\/haafer.com\/site\/wp-json\/wp\/v2\/comments?post=5487"}],"wp:featuredmedia":[{"embeddable":true,"href":"https:\/\/haafer.com\/site\/wp-json\/wp\/v2\/media\/5492"}],"wp:attachment":[{"href":"https:\/\/haafer.com\/site\/wp-json\/wp\/v2\/media?parent=5487"}],"wp:term":[{"taxonomy":"product_brand","embeddable":true,"href":"https:\/\/haafer.com\/site\/wp-json\/wp\/v2\/product_brand?post=5487"},{"taxonomy":"product_cat","embeddable":true,"href":"https:\/\/haafer.com\/site\/wp-json\/wp\/v2\/product_cat?post=5487"},{"taxonomy":"product_tag","embeddable":true,"href":"https:\/\/haafer.com\/site\/wp-json\/wp\/v2\/product_tag?post=5487"}],"curies":[{"name":"wp","href":"https:\/\/api.w.org\/{rel}","templated":true}]}}