{"id":5489,"date":"2023-05-29T16:28:31","date_gmt":"2023-05-29T19:28:31","guid":{"rendered":"https:\/\/haafer.com\/site\/?post_type=product&#038;p=5489"},"modified":"2025-12-01T15:52:43","modified_gmt":"2025-12-01T18:52:43","slug":"mamadera-fc150-ml-control-de-temperatura-mickey-mouse-roja","status":"publish","type":"product","link":"https:\/\/haafer.com\/site\/producto\/mamadera-fc150-ml-control-de-temperatura-mickey-mouse-roja\/","title":{"rendered":"Mamadera FC+150 ml Control de Temperatura Mickey Mouse Roja"},"content":{"rendered":"<p>NUK promueve el crecimiento saludable de los beb\u00e9s con productos seguros y sencillos que estimulen su desarrollo.<\/p>\n<p>Seguridad y bienestar<br \/>\nLa mamadera antic\u00f3licos reduce el malestar al ingerir los l\u00edquidos. Los beb\u00e9s alimentados con mamaderas antic\u00f3licos son ideales para evitar los malestares por las noches.<\/p>\n<p>Tranquilidad asegurada<br \/>\nAhora pod\u00e9s confiar en que tu beb\u00e9 se alimentar\u00e1 de la forma m\u00e1s segura y sana posible. Una mamadera libre de BPA te garantiza que los l\u00edquidos que se van a ingerir no afecten al organismo de los m\u00e1s peque\u00f1os.<\/p>\n","protected":false},"excerpt":{"rendered":"<p>NUK promueve el crecimiento saludable de los beb\u00e9s con productos seguros y sencillos que estimulen su desarrollo. Seguridad y bienestar<\/p>\n","protected":false},"featured_media":5494,"comment_status":"open","ping_status":"closed","template":"","meta":[],"product_brand":[],"product_cat":[134,124,102],"product_tag":[],"class_list":{"0":"post-5489","1":"product","2":"type-product","3":"status-publish","4":"has-post-thumbnail","6":"product_cat-mamaderas","7":"product_cat-mamaderas-y-accesorios","8":"product_cat-nuk","10":"first","11":"instock","12":"shipping-taxable","13":"purchasable","14":"product-type-simple"},"_links":{"self":[{"href":"https:\/\/haafer.com\/site\/wp-json\/wp\/v2\/product\/5489","targetHints":{"allow":["GET"]}}],"collection":[{"href":"https:\/\/haafer.com\/site\/wp-json\/wp\/v2\/product"}],"about":[{"href":"https:\/\/haafer.com\/site\/wp-json\/wp\/v2\/types\/product"}],"replies":[{"embeddable":true,"href":"https:\/\/haafer.com\/site\/wp-json\/wp\/v2\/comments?post=5489"}],"wp:featuredmedia":[{"embeddable":true,"href":"https:\/\/haafer.com\/site\/wp-json\/wp\/v2\/media\/5494"}],"wp:attachment":[{"href":"https:\/\/haafer.com\/site\/wp-json\/wp\/v2\/media?parent=5489"}],"wp:term":[{"taxonomy":"product_brand","embeddable":true,"href":"https:\/\/haafer.com\/site\/wp-json\/wp\/v2\/product_brand?post=5489"},{"taxonomy":"product_cat","embeddable":true,"href":"https:\/\/haafer.com\/site\/wp-json\/wp\/v2\/product_cat?post=5489"},{"taxonomy":"product_tag","embeddable":true,"href":"https:\/\/haafer.com\/site\/wp-json\/wp\/v2\/product_tag?post=5489"}],"curies":[{"name":"wp","href":"https:\/\/api.w.org\/{rel}","templated":true}]}}